{"id":6438,"date":"2025-11-27T20:44:45","date_gmt":"2025-11-27T19:44:45","guid":{"rendered":"https:\/\/lifesupportdistribution.fr\/produits\/pferdesimulator-fuer-jugularpunktion-und-intramuskulaere-injektion\/"},"modified":"2025-11-27T20:44:45","modified_gmt":"2025-11-27T19:44:45","slug":"pferdesimulator-fuer-jugularpunktion-und-intramuskulaere-injektion","status":"publish","type":"product","link":"https:\/\/lifesupportdistribution.fr\/de\/produkt\/pferdesimulator-fuer-jugularpunktion-und-intramuskulaere-injektion\/","title":{"rendered":"Pferdesimulator f\u00fcr Jugularpunktion und intramuskul\u00e4re Injektion"},"content":{"rendered":"<p>Dieser Simulator erm\u00f6glicht das \u00dcben der Jugularvenenpunktion und intramuskul\u00e4ren Injektion unter realit\u00e4tsnahen klinischen Bedingungen.<br \/>\nDie tastbaren Venen sind so konzipiert, dass sie mehrere Punktionen aushalten, w\u00e4hrend das mechanische Drucksystem einen positiven Blutfluss bei Probenentnahmen reproduziert.<br \/>\nDer flexible Silikonkopf weist eine detaillierte Anatomie mit pr\u00e4zisen Gesichtsmarkierungen auf, kompatibel mit Gebiss und Zaumzeug.<br \/>\nDie verst\u00e4rkte intramuskul\u00e4re Injektionsstelle erm\u00f6glicht eine gro\u00dfe Anzahl von Injektionen und Punktionen, w\u00e4hrend der h\u00f6henverstellbare Rollst\u00e4nder Komfort und Ergonomie w\u00e4hrend des Trainings gew\u00e4hrleistet.<br \/>\nDie waschbare und austauschbare Halsabdeckung garantiert eine einfache und schnelle Wartung, selbst bei intensivem Gebrauch.<\/p>\n","protected":false},"excerpt":{"rendered":"<p>Der Pferdesimulator f\u00fcr Jugularpunktion und intramuskul\u00e4re Injektion ist f\u00fcr die Vermittlung grundlegender technischer Fertigkeiten in der Pferdemedizin konzipiert.<br \/>\nSein weicher Silikonkopf, sein anatomischer Realismus und sein Blutfluss-Drucksystem bieten ein praktisches und immersives Lernerlebnis.<br \/>\nIdeal f\u00fcr Veterin\u00e4rschulen und Ausbildungszentren, vereint er Langlebigkeit, p\u00e4dagogische Sicherheit und einfache Wartung.<\/p>\n","protected":false},"featured_media":2399,"template":"","meta":[],"product_brand":[214],"product_cat":[226],"product_tag":[240],"class_list":{"0":"post-6438","1":"product","2":"type-product","3":"status-publish","4":"has-post-thumbnail","6":"product_brand-vsi","7":"product_cat-simulatoren-fur-veterinarpflege","8":"product_tag-tiermedizin","10":"first","11":"instock","12":"shipping-taxable","13":"purchasable","14":"product-type-simple"},"yoast_head":"<!-- This site is optimized with the Yoast SEO plugin v26.8 - https:\/\/yoast.com\/product\/yoast-seo-wordpress\/ -->\n<title>Pferdesimulator \u2013 Jugularpunktion und IM<\/title>\n<meta name=\"description\" content=\"Pferdesimulator: Realistisches Modell f\u00fcr das Training von Jugularpunktion, intramuskul\u00e4ren Injektionen und Routineeingriffen in der Veterin\u00e4rmedizin.\" \/>\n<meta name=\"robots\" content=\"index, follow, max-snippet:-1, max-image-preview:large, max-video-preview:-1\" \/>\n<link rel=\"canonical\" href=\"https:\/\/lifesupportdistribution.fr\/de\/produkt\/pferdesimulator-fuer-jugularpunktion-und-intramuskulaere-injektion\/\" \/>\n<meta property=\"og:locale\" content=\"de_DE\" \/>\n<meta property=\"og:type\" content=\"article\" \/>\n<meta property=\"og:title\" content=\"Pferdesimulator \u2013 Jugularpunktion und IM\" \/>\n<meta property=\"og:description\" content=\"Pferdesimulator: Realistisches Modell f\u00fcr das Training von Jugularpunktion, intramuskul\u00e4ren Injektionen und Routineeingriffen in der Veterin\u00e4rmedizin.\" \/>\n<meta property=\"og:url\" content=\"https:\/\/lifesupportdistribution.fr\/de\/produkt\/pferdesimulator-fuer-jugularpunktion-und-intramuskulaere-injektion\/\" \/>\n<meta property=\"og:site_name\" content=\"Life Support Distribution\" \/>\n<meta property=\"og:image\" content=\"https:\/\/lifesupportdistribution.fr\/wp-content\/uploads\/2025\/11\/Photo-ponc-jugulaire-vsi-1.png\" \/>\n\t<meta property=\"og:image:width\" content=\"804\" \/>\n\t<meta property=\"og:image:height\" content=\"1136\" \/>\n\t<meta property=\"og:image:type\" content=\"image\/png\" \/>\n<meta name=\"twitter:card\" content=\"summary_large_image\" \/>\n<meta name=\"twitter:label1\" content=\"Gesch\u00e4tzte Lesezeit\" \/>\n\t<meta name=\"twitter:data1\" content=\"1\u00a0Minute\" \/>\n<script type=\"application\/ld+json\" class=\"yoast-schema-graph\">{\"@context\":\"https:\/\/schema.org\",\"@graph\":[{\"@type\":\"WebPage\",\"@id\":\"https:\/\/lifesupportdistribution.fr\/de\/produkt\/pferdesimulator-fuer-jugularpunktion-und-intramuskulaere-injektion\/\",\"url\":\"https:\/\/lifesupportdistribution.fr\/de\/produkt\/pferdesimulator-fuer-jugularpunktion-und-intramuskulaere-injektion\/\",\"name\":\"Pferdesimulator \u2013 Jugularpunktion und IM\",\"isPartOf\":{\"@id\":\"https:\/\/lifesupportdistribution.fr\/de\/#website\"},\"primaryImageOfPage\":{\"@id\":\"https:\/\/lifesupportdistribution.fr\/de\/produkt\/pferdesimulator-fuer-jugularpunktion-und-intramuskulaere-injektion\/#primaryimage\"},\"image\":{\"@id\":\"https:\/\/lifesupportdistribution.fr\/de\/produkt\/pferdesimulator-fuer-jugularpunktion-und-intramuskulaere-injektion\/#primaryimage\"},\"thumbnailUrl\":\"https:\/\/lifesupportdistribution.fr\/wp-content\/uploads\/2025\/11\/Photo-ponc-jugulaire-vsi-1.png\",\"datePublished\":\"2025-11-27T19:44:45+00:00\",\"description\":\"Pferdesimulator: Realistisches Modell f\u00fcr das Training von Jugularpunktion, intramuskul\u00e4ren Injektionen und Routineeingriffen in der Veterin\u00e4rmedizin.\",\"breadcrumb\":{\"@id\":\"https:\/\/lifesupportdistribution.fr\/de\/produkt\/pferdesimulator-fuer-jugularpunktion-und-intramuskulaere-injektion\/#breadcrumb\"},\"inLanguage\":\"de\",\"potentialAction\":[{\"@type\":\"ReadAction\",\"target\":[\"https:\/\/lifesupportdistribution.fr\/de\/produkt\/pferdesimulator-fuer-jugularpunktion-und-intramuskulaere-injektion\/\"]}]},{\"@type\":\"ImageObject\",\"inLanguage\":\"de\",\"@id\":\"https:\/\/lifesupportdistribution.fr\/de\/produkt\/pferdesimulator-fuer-jugularpunktion-und-intramuskulaere-injektion\/#primaryimage\",\"url\":\"https:\/\/lifesupportdistribution.fr\/wp-content\/uploads\/2025\/11\/Photo-ponc-jugulaire-vsi-1.png\",\"contentUrl\":\"https:\/\/lifesupportdistribution.fr\/wp-content\/uploads\/2025\/11\/Photo-ponc-jugulaire-vsi-1.png\",\"width\":804,\"height\":1136},{\"@type\":\"BreadcrumbList\",\"@id\":\"https:\/\/lifesupportdistribution.fr\/de\/produkt\/pferdesimulator-fuer-jugularpunktion-und-intramuskulaere-injektion\/#breadcrumb\",\"itemListElement\":[{\"@type\":\"ListItem\",\"position\":1,\"name\":\"Accueil\",\"item\":\"https:\/\/lifesupportdistribution.fr\/de\/startseite\/\"},{\"@type\":\"ListItem\",\"position\":2,\"name\":\"Shop\",\"item\":\"https:\/\/lifesupportdistribution.fr\/de\/shop\/\"},{\"@type\":\"ListItem\",\"position\":3,\"name\":\"Pferdesimulator f\u00fcr Jugularpunktion und intramuskul\u00e4re Injektion\"}]},{\"@type\":\"WebSite\",\"@id\":\"https:\/\/lifesupportdistribution.fr\/de\/#website\",\"url\":\"https:\/\/lifesupportdistribution.fr\/de\/\",\"name\":\"Life Support Distribution\",\"description\":\"Solutions en simulation m\u00e9dicale\",\"publisher\":{\"@id\":\"https:\/\/lifesupportdistribution.fr\/de\/#organization\"},\"potentialAction\":[{\"@type\":\"SearchAction\",\"target\":{\"@type\":\"EntryPoint\",\"urlTemplate\":\"https:\/\/lifesupportdistribution.fr\/de\/?s={search_term_string}\"},\"query-input\":{\"@type\":\"PropertyValueSpecification\",\"valueRequired\":true,\"valueName\":\"search_term_string\"}}],\"inLanguage\":\"de\"},{\"@type\":\"Organization\",\"@id\":\"https:\/\/lifesupportdistribution.fr\/de\/#organization\",\"name\":\"Life Support Distribution\",\"url\":\"https:\/\/lifesupportdistribution.fr\/de\/\",\"logo\":{\"@type\":\"ImageObject\",\"inLanguage\":\"de\",\"@id\":\"https:\/\/lifesupportdistribution.fr\/de\/#\/schema\/logo\/image\/\",\"url\":\"https:\/\/lifesupportdistribution.fr\/wp-content\/uploads\/2025\/10\/logo-life-support-distribution.svg\",\"contentUrl\":\"https:\/\/lifesupportdistribution.fr\/wp-content\/uploads\/2025\/10\/logo-life-support-distribution.svg\",\"width\":698,\"height\":223,\"caption\":\"Life Support Distribution\"},\"image\":{\"@id\":\"https:\/\/lifesupportdistribution.fr\/de\/#\/schema\/logo\/image\/\"},\"sameAs\":[\"https:\/\/www.linkedin.com\/company\/life-support-distribution\/\"]}]}<\/script>\n<!-- \/ Yoast SEO plugin. -->","yoast_head_json":{"title":"Pferdesimulator \u2013 Jugularpunktion und IM","description":"Pferdesimulator: Realistisches Modell f\u00fcr das Training von Jugularpunktion, intramuskul\u00e4ren Injektionen und Routineeingriffen in der Veterin\u00e4rmedizin.","robots":{"index":"index","follow":"follow","max-snippet":"max-snippet:-1","max-image-preview":"max-image-preview:large","max-video-preview":"max-video-preview:-1"},"canonical":"https:\/\/lifesupportdistribution.fr\/de\/produkt\/pferdesimulator-fuer-jugularpunktion-und-intramuskulaere-injektion\/","og_locale":"de_DE","og_type":"article","og_title":"Pferdesimulator \u2013 Jugularpunktion und IM","og_description":"Pferdesimulator: Realistisches Modell f\u00fcr das Training von Jugularpunktion, intramuskul\u00e4ren Injektionen und Routineeingriffen in der Veterin\u00e4rmedizin.","og_url":"https:\/\/lifesupportdistribution.fr\/de\/produkt\/pferdesimulator-fuer-jugularpunktion-und-intramuskulaere-injektion\/","og_site_name":"Life Support Distribution","og_image":[{"width":804,"height":1136,"url":"https:\/\/lifesupportdistribution.fr\/wp-content\/uploads\/2025\/11\/Photo-ponc-jugulaire-vsi-1.png","type":"image\/png"}],"twitter_card":"summary_large_image","twitter_misc":{"Gesch\u00e4tzte Lesezeit":"1\u00a0Minute"},"schema":{"@context":"https:\/\/schema.org","@graph":[{"@type":"WebPage","@id":"https:\/\/lifesupportdistribution.fr\/de\/produkt\/pferdesimulator-fuer-jugularpunktion-und-intramuskulaere-injektion\/","url":"https:\/\/lifesupportdistribution.fr\/de\/produkt\/pferdesimulator-fuer-jugularpunktion-und-intramuskulaere-injektion\/","name":"Pferdesimulator \u2013 Jugularpunktion und IM","isPartOf":{"@id":"https:\/\/lifesupportdistribution.fr\/de\/#website"},"primaryImageOfPage":{"@id":"https:\/\/lifesupportdistribution.fr\/de\/produkt\/pferdesimulator-fuer-jugularpunktion-und-intramuskulaere-injektion\/#primaryimage"},"image":{"@id":"https:\/\/lifesupportdistribution.fr\/de\/produkt\/pferdesimulator-fuer-jugularpunktion-und-intramuskulaere-injektion\/#primaryimage"},"thumbnailUrl":"https:\/\/lifesupportdistribution.fr\/wp-content\/uploads\/2025\/11\/Photo-ponc-jugulaire-vsi-1.png","datePublished":"2025-11-27T19:44:45+00:00","description":"Pferdesimulator: Realistisches Modell f\u00fcr das Training von Jugularpunktion, intramuskul\u00e4ren Injektionen und Routineeingriffen in der Veterin\u00e4rmedizin.","breadcrumb":{"@id":"https:\/\/lifesupportdistribution.fr\/de\/produkt\/pferdesimulator-fuer-jugularpunktion-und-intramuskulaere-injektion\/#breadcrumb"},"inLanguage":"de","potentialAction":[{"@type":"ReadAction","target":["https:\/\/lifesupportdistribution.fr\/de\/produkt\/pferdesimulator-fuer-jugularpunktion-und-intramuskulaere-injektion\/"]}]},{"@type":"ImageObject","inLanguage":"de","@id":"https:\/\/lifesupportdistribution.fr\/de\/produkt\/pferdesimulator-fuer-jugularpunktion-und-intramuskulaere-injektion\/#primaryimage","url":"https:\/\/lifesupportdistribution.fr\/wp-content\/uploads\/2025\/11\/Photo-ponc-jugulaire-vsi-1.png","contentUrl":"https:\/\/lifesupportdistribution.fr\/wp-content\/uploads\/2025\/11\/Photo-ponc-jugulaire-vsi-1.png","width":804,"height":1136},{"@type":"BreadcrumbList","@id":"https:\/\/lifesupportdistribution.fr\/de\/produkt\/pferdesimulator-fuer-jugularpunktion-und-intramuskulaere-injektion\/#breadcrumb","itemListElement":[{"@type":"ListItem","position":1,"name":"Accueil","item":"https:\/\/lifesupportdistribution.fr\/de\/startseite\/"},{"@type":"ListItem","position":2,"name":"Shop","item":"https:\/\/lifesupportdistribution.fr\/de\/shop\/"},{"@type":"ListItem","position":3,"name":"Pferdesimulator f\u00fcr Jugularpunktion und intramuskul\u00e4re Injektion"}]},{"@type":"WebSite","@id":"https:\/\/lifesupportdistribution.fr\/de\/#website","url":"https:\/\/lifesupportdistribution.fr\/de\/","name":"Life Support Distribution","description":"Solutions en simulation m\u00e9dicale","publisher":{"@id":"https:\/\/lifesupportdistribution.fr\/de\/#organization"},"potentialAction":[{"@type":"SearchAction","target":{"@type":"EntryPoint","urlTemplate":"https:\/\/lifesupportdistribution.fr\/de\/?s={search_term_string}"},"query-input":{"@type":"PropertyValueSpecification","valueRequired":true,"valueName":"search_term_string"}}],"inLanguage":"de"},{"@type":"Organization","@id":"https:\/\/lifesupportdistribution.fr\/de\/#organization","name":"Life Support Distribution","url":"https:\/\/lifesupportdistribution.fr\/de\/","logo":{"@type":"ImageObject","inLanguage":"de","@id":"https:\/\/lifesupportdistribution.fr\/de\/#\/schema\/logo\/image\/","url":"https:\/\/lifesupportdistribution.fr\/wp-content\/uploads\/2025\/10\/logo-life-support-distribution.svg","contentUrl":"https:\/\/lifesupportdistribution.fr\/wp-content\/uploads\/2025\/10\/logo-life-support-distribution.svg","width":698,"height":223,"caption":"Life Support Distribution"},"image":{"@id":"https:\/\/lifesupportdistribution.fr\/de\/#\/schema\/logo\/image\/"},"sameAs":["https:\/\/www.linkedin.com\/company\/life-support-distribution\/"]}]}},"_links":{"self":[{"href":"https:\/\/lifesupportdistribution.fr\/de\/wp-json\/wp\/v2\/product\/6438","targetHints":{"allow":["GET"]}}],"collection":[{"href":"https:\/\/lifesupportdistribution.fr\/de\/wp-json\/wp\/v2\/product"}],"about":[{"href":"https:\/\/lifesupportdistribution.fr\/de\/wp-json\/wp\/v2\/types\/product"}],"wp:featuredmedia":[{"embeddable":true,"href":"https:\/\/lifesupportdistribution.fr\/de\/wp-json\/wp\/v2\/media\/2399"}],"wp:attachment":[{"href":"https:\/\/lifesupportdistribution.fr\/de\/wp-json\/wp\/v2\/media?parent=6438"}],"wp:term":[{"taxonomy":"product_brand","embeddable":true,"href":"https:\/\/lifesupportdistribution.fr\/de\/wp-json\/wp\/v2\/product_brand?post=6438"},{"taxonomy":"product_cat","embeddable":true,"href":"https:\/\/lifesupportdistribution.fr\/de\/wp-json\/wp\/v2\/product_cat?post=6438"},{"taxonomy":"product_tag","embeddable":true,"href":"https:\/\/lifesupportdistribution.fr\/de\/wp-json\/wp\/v2\/product_tag?post=6438"}],"curies":[{"name":"wp","href":"https:\/\/api.w.org\/{rel}","templated":true}]}}