{"id":6445,"date":"2025-12-02T14:47:29","date_gmt":"2025-12-02T13:47:29","guid":{"rendered":"https:\/\/lifesupportdistribution.fr\/produits\/schusswunden-moulage-bein\/"},"modified":"2025-12-02T14:47:29","modified_gmt":"2025-12-02T13:47:29","slug":"schusswunden-moulage-bein","status":"publish","type":"product","link":"https:\/\/lifesupportdistribution.fr\/de\/produkt\/schusswunden-moulage-bein\/","title":{"rendered":"Schusswunden-Moulage \u2013 Bein"},"content":{"rendered":"<p>Die Erler Zimmer Schusswunden-Moulage NW105 bietet eine beeindruckende visuelle Darstellung eines Projektileinschlags mit Ein- und Austrittswunde.<br \/>\nDank ihres internen Systems kann Kunstblut injiziert werden, um eine kontrollierte Blutung zu simulieren, was die Lernszenarien immersiver und dynamischer macht.<br \/>\nDiese Moulage ist auf einem Pflegemannequin oder direkt an einem standardisierten Patienten einsetzbar und sofort gebrauchsfertig, ohne die Notwendigkeit von medizinischem Make-up.<br \/>\nIhre Herstellung aus hochwertigem Silikon gew\u00e4hrleistet Best\u00e4ndigkeit bei intensivem Gebrauch sowie einfache Reinigung und Wartung.<\/p>\n","protected":false},"excerpt":{"rendered":"<p>Die Erler Zimmer Schusswunden-Moulage NW105 reproduziert \u00e4u\u00dferst realistisch eine penetrierende Wunde am Bein, mit der M\u00f6glichkeit zur Simulation aktiver Blutungen.<br \/>\nDieses Modell ist f\u00fcr Schulungen in Notfallversorgung, TCCC, taktischer Medizin und pr\u00e4klinischer Simulation konzipiert, um Fachkr\u00e4fte im Management traumatischer Blutungen in einem realistischen Kontext zu schulen.<br \/>\nDank seiner weichen Silikontextur und der Kompatibilit\u00e4t mit Kunstblut ist es ein unverzichtbares Trainingswerkzeug zur Verbesserung des Stressmanagements und der Pr\u00e4zision technischer Handgriffe.<\/p>\n<p>&nbsp;<\/p>\n","protected":false},"featured_media":2789,"template":"","meta":[],"product_brand":[193],"product_cat":[220],"product_tag":[238,251,236,255],"class_list":{"0":"post-6445","1":"product","2":"type-product","3":"status-publish","4":"has-post-thumbnail","6":"product_brand-erler-zimmer","7":"product_cat-simulierte-patienten","8":"product_tag-erste-hilfe","9":"product_tag-krankenpflege","10":"product_tag-notfallmedizin","11":"product_tag-traumatologie","13":"first","14":"instock","15":"shipping-taxable","16":"purchasable","17":"product-type-simple"},"yoast_head":"<!-- This site is optimized with the Yoast SEO plugin v26.8 - https:\/\/yoast.com\/product\/yoast-seo-wordpress\/ -->\n<title>Schusswunden-Moulage Bein \u2013 Realistische Simulation<\/title>\n<meta name=\"description\" content=\"Schusswunden-Moulage am Bein mit simulierter Blutung. Ideal f\u00fcr TCCC, Notf\u00e4lle und taktische Schulungen zur Schulung des Blutungsmanagements.\" \/>\n<meta name=\"robots\" content=\"index, follow, max-snippet:-1, max-image-preview:large, max-video-preview:-1\" \/>\n<link rel=\"canonical\" href=\"https:\/\/lifesupportdistribution.fr\/de\/produkt\/schusswunden-moulage-bein\/\" \/>\n<meta property=\"og:locale\" content=\"de_DE\" \/>\n<meta property=\"og:type\" content=\"article\" \/>\n<meta property=\"og:title\" content=\"Schusswunden-Moulage Bein \u2013 Realistische Simulation\" \/>\n<meta property=\"og:description\" content=\"Schusswunden-Moulage am Bein mit simulierter Blutung. Ideal f\u00fcr TCCC, Notf\u00e4lle und taktische Schulungen zur Schulung des Blutungsmanagements.\" \/>\n<meta property=\"og:url\" content=\"https:\/\/lifesupportdistribution.fr\/de\/produkt\/schusswunden-moulage-bein\/\" \/>\n<meta property=\"og:site_name\" content=\"Life Support Distribution\" \/>\n<meta property=\"og:image\" content=\"https:\/\/lifesupportdistribution.fr\/wp-content\/uploads\/2025\/12\/Moulage-de-blessure-par-balle-\u2013-Jambe-scaled.jpeg\" \/>\n\t<meta property=\"og:image:width\" content=\"1589\" \/>\n\t<meta property=\"og:image:height\" content=\"2560\" \/>\n\t<meta property=\"og:image:type\" content=\"image\/jpeg\" \/>\n<meta name=\"twitter:card\" content=\"summary_large_image\" \/>\n<script type=\"application\/ld+json\" class=\"yoast-schema-graph\">{\"@context\":\"https:\/\/schema.org\",\"@graph\":[{\"@type\":\"WebPage\",\"@id\":\"https:\/\/lifesupportdistribution.fr\/de\/produkt\/schusswunden-moulage-bein\/\",\"url\":\"https:\/\/lifesupportdistribution.fr\/de\/produkt\/schusswunden-moulage-bein\/\",\"name\":\"Schusswunden-Moulage Bein \u2013 Realistische Simulation\",\"isPartOf\":{\"@id\":\"https:\/\/lifesupportdistribution.fr\/de\/#website\"},\"primaryImageOfPage\":{\"@id\":\"https:\/\/lifesupportdistribution.fr\/de\/produkt\/schusswunden-moulage-bein\/#primaryimage\"},\"image\":{\"@id\":\"https:\/\/lifesupportdistribution.fr\/de\/produkt\/schusswunden-moulage-bein\/#primaryimage\"},\"thumbnailUrl\":\"https:\/\/lifesupportdistribution.fr\/wp-content\/uploads\/2025\/12\/Moulage-de-blessure-par-balle-\u2013-Jambe-scaled.jpeg\",\"datePublished\":\"2025-12-02T13:47:29+00:00\",\"description\":\"Schusswunden-Moulage am Bein mit simulierter Blutung. Ideal f\u00fcr TCCC, Notf\u00e4lle und taktische Schulungen zur Schulung des Blutungsmanagements.\",\"breadcrumb\":{\"@id\":\"https:\/\/lifesupportdistribution.fr\/de\/produkt\/schusswunden-moulage-bein\/#breadcrumb\"},\"inLanguage\":\"de\",\"potentialAction\":[{\"@type\":\"ReadAction\",\"target\":[\"https:\/\/lifesupportdistribution.fr\/de\/produkt\/schusswunden-moulage-bein\/\"]}]},{\"@type\":\"ImageObject\",\"inLanguage\":\"de\",\"@id\":\"https:\/\/lifesupportdistribution.fr\/de\/produkt\/schusswunden-moulage-bein\/#primaryimage\",\"url\":\"https:\/\/lifesupportdistribution.fr\/wp-content\/uploads\/2025\/12\/Moulage-de-blessure-par-balle-\u2013-Jambe-scaled.jpeg\",\"contentUrl\":\"https:\/\/lifesupportdistribution.fr\/wp-content\/uploads\/2025\/12\/Moulage-de-blessure-par-balle-\u2013-Jambe-scaled.jpeg\",\"width\":1589,\"height\":2560},{\"@type\":\"BreadcrumbList\",\"@id\":\"https:\/\/lifesupportdistribution.fr\/de\/produkt\/schusswunden-moulage-bein\/#breadcrumb\",\"itemListElement\":[{\"@type\":\"ListItem\",\"position\":1,\"name\":\"Accueil\",\"item\":\"https:\/\/lifesupportdistribution.fr\/de\/startseite\/\"},{\"@type\":\"ListItem\",\"position\":2,\"name\":\"Shop\",\"item\":\"https:\/\/lifesupportdistribution.fr\/de\/shop\/\"},{\"@type\":\"ListItem\",\"position\":3,\"name\":\"Schusswunden-Moulage \u2013 Bein\"}]},{\"@type\":\"WebSite\",\"@id\":\"https:\/\/lifesupportdistribution.fr\/de\/#website\",\"url\":\"https:\/\/lifesupportdistribution.fr\/de\/\",\"name\":\"Life Support Distribution\",\"description\":\"Solutions en simulation m\u00e9dicale\",\"publisher\":{\"@id\":\"https:\/\/lifesupportdistribution.fr\/de\/#organization\"},\"potentialAction\":[{\"@type\":\"SearchAction\",\"target\":{\"@type\":\"EntryPoint\",\"urlTemplate\":\"https:\/\/lifesupportdistribution.fr\/de\/?s={search_term_string}\"},\"query-input\":{\"@type\":\"PropertyValueSpecification\",\"valueRequired\":true,\"valueName\":\"search_term_string\"}}],\"inLanguage\":\"de\"},{\"@type\":\"Organization\",\"@id\":\"https:\/\/lifesupportdistribution.fr\/de\/#organization\",\"name\":\"Life Support Distribution\",\"url\":\"https:\/\/lifesupportdistribution.fr\/de\/\",\"logo\":{\"@type\":\"ImageObject\",\"inLanguage\":\"de\",\"@id\":\"https:\/\/lifesupportdistribution.fr\/de\/#\/schema\/logo\/image\/\",\"url\":\"https:\/\/lifesupportdistribution.fr\/wp-content\/uploads\/2025\/10\/logo-life-support-distribution.svg\",\"contentUrl\":\"https:\/\/lifesupportdistribution.fr\/wp-content\/uploads\/2025\/10\/logo-life-support-distribution.svg\",\"width\":698,\"height\":223,\"caption\":\"Life Support Distribution\"},\"image\":{\"@id\":\"https:\/\/lifesupportdistribution.fr\/de\/#\/schema\/logo\/image\/\"},\"sameAs\":[\"https:\/\/www.linkedin.com\/company\/life-support-distribution\/\"]}]}<\/script>\n<!-- \/ Yoast SEO plugin. -->","yoast_head_json":{"title":"Schusswunden-Moulage Bein \u2013 Realistische Simulation","description":"Schusswunden-Moulage am Bein mit simulierter Blutung. Ideal f\u00fcr TCCC, Notf\u00e4lle und taktische Schulungen zur Schulung des Blutungsmanagements.","robots":{"index":"index","follow":"follow","max-snippet":"max-snippet:-1","max-image-preview":"max-image-preview:large","max-video-preview":"max-video-preview:-1"},"canonical":"https:\/\/lifesupportdistribution.fr\/de\/produkt\/schusswunden-moulage-bein\/","og_locale":"de_DE","og_type":"article","og_title":"Schusswunden-Moulage Bein \u2013 Realistische Simulation","og_description":"Schusswunden-Moulage am Bein mit simulierter Blutung. Ideal f\u00fcr TCCC, Notf\u00e4lle und taktische Schulungen zur Schulung des Blutungsmanagements.","og_url":"https:\/\/lifesupportdistribution.fr\/de\/produkt\/schusswunden-moulage-bein\/","og_site_name":"Life Support Distribution","og_image":[{"width":1589,"height":2560,"url":"https:\/\/lifesupportdistribution.fr\/wp-content\/uploads\/2025\/12\/Moulage-de-blessure-par-balle-\u2013-Jambe-scaled.jpeg","type":"image\/jpeg"}],"twitter_card":"summary_large_image","schema":{"@context":"https:\/\/schema.org","@graph":[{"@type":"WebPage","@id":"https:\/\/lifesupportdistribution.fr\/de\/produkt\/schusswunden-moulage-bein\/","url":"https:\/\/lifesupportdistribution.fr\/de\/produkt\/schusswunden-moulage-bein\/","name":"Schusswunden-Moulage Bein \u2013 Realistische Simulation","isPartOf":{"@id":"https:\/\/lifesupportdistribution.fr\/de\/#website"},"primaryImageOfPage":{"@id":"https:\/\/lifesupportdistribution.fr\/de\/produkt\/schusswunden-moulage-bein\/#primaryimage"},"image":{"@id":"https:\/\/lifesupportdistribution.fr\/de\/produkt\/schusswunden-moulage-bein\/#primaryimage"},"thumbnailUrl":"https:\/\/lifesupportdistribution.fr\/wp-content\/uploads\/2025\/12\/Moulage-de-blessure-par-balle-\u2013-Jambe-scaled.jpeg","datePublished":"2025-12-02T13:47:29+00:00","description":"Schusswunden-Moulage am Bein mit simulierter Blutung. Ideal f\u00fcr TCCC, Notf\u00e4lle und taktische Schulungen zur Schulung des Blutungsmanagements.","breadcrumb":{"@id":"https:\/\/lifesupportdistribution.fr\/de\/produkt\/schusswunden-moulage-bein\/#breadcrumb"},"inLanguage":"de","potentialAction":[{"@type":"ReadAction","target":["https:\/\/lifesupportdistribution.fr\/de\/produkt\/schusswunden-moulage-bein\/"]}]},{"@type":"ImageObject","inLanguage":"de","@id":"https:\/\/lifesupportdistribution.fr\/de\/produkt\/schusswunden-moulage-bein\/#primaryimage","url":"https:\/\/lifesupportdistribution.fr\/wp-content\/uploads\/2025\/12\/Moulage-de-blessure-par-balle-\u2013-Jambe-scaled.jpeg","contentUrl":"https:\/\/lifesupportdistribution.fr\/wp-content\/uploads\/2025\/12\/Moulage-de-blessure-par-balle-\u2013-Jambe-scaled.jpeg","width":1589,"height":2560},{"@type":"BreadcrumbList","@id":"https:\/\/lifesupportdistribution.fr\/de\/produkt\/schusswunden-moulage-bein\/#breadcrumb","itemListElement":[{"@type":"ListItem","position":1,"name":"Accueil","item":"https:\/\/lifesupportdistribution.fr\/de\/startseite\/"},{"@type":"ListItem","position":2,"name":"Shop","item":"https:\/\/lifesupportdistribution.fr\/de\/shop\/"},{"@type":"ListItem","position":3,"name":"Schusswunden-Moulage \u2013 Bein"}]},{"@type":"WebSite","@id":"https:\/\/lifesupportdistribution.fr\/de\/#website","url":"https:\/\/lifesupportdistribution.fr\/de\/","name":"Life Support Distribution","description":"Solutions en simulation m\u00e9dicale","publisher":{"@id":"https:\/\/lifesupportdistribution.fr\/de\/#organization"},"potentialAction":[{"@type":"SearchAction","target":{"@type":"EntryPoint","urlTemplate":"https:\/\/lifesupportdistribution.fr\/de\/?s={search_term_string}"},"query-input":{"@type":"PropertyValueSpecification","valueRequired":true,"valueName":"search_term_string"}}],"inLanguage":"de"},{"@type":"Organization","@id":"https:\/\/lifesupportdistribution.fr\/de\/#organization","name":"Life Support Distribution","url":"https:\/\/lifesupportdistribution.fr\/de\/","logo":{"@type":"ImageObject","inLanguage":"de","@id":"https:\/\/lifesupportdistribution.fr\/de\/#\/schema\/logo\/image\/","url":"https:\/\/lifesupportdistribution.fr\/wp-content\/uploads\/2025\/10\/logo-life-support-distribution.svg","contentUrl":"https:\/\/lifesupportdistribution.fr\/wp-content\/uploads\/2025\/10\/logo-life-support-distribution.svg","width":698,"height":223,"caption":"Life Support Distribution"},"image":{"@id":"https:\/\/lifesupportdistribution.fr\/de\/#\/schema\/logo\/image\/"},"sameAs":["https:\/\/www.linkedin.com\/company\/life-support-distribution\/"]}]}},"_links":{"self":[{"href":"https:\/\/lifesupportdistribution.fr\/de\/wp-json\/wp\/v2\/product\/6445","targetHints":{"allow":["GET"]}}],"collection":[{"href":"https:\/\/lifesupportdistribution.fr\/de\/wp-json\/wp\/v2\/product"}],"about":[{"href":"https:\/\/lifesupportdistribution.fr\/de\/wp-json\/wp\/v2\/types\/product"}],"wp:featuredmedia":[{"embeddable":true,"href":"https:\/\/lifesupportdistribution.fr\/de\/wp-json\/wp\/v2\/media\/2789"}],"wp:attachment":[{"href":"https:\/\/lifesupportdistribution.fr\/de\/wp-json\/wp\/v2\/media?parent=6445"}],"wp:term":[{"taxonomy":"product_brand","embeddable":true,"href":"https:\/\/lifesupportdistribution.fr\/de\/wp-json\/wp\/v2\/product_brand?post=6445"},{"taxonomy":"product_cat","embeddable":true,"href":"https:\/\/lifesupportdistribution.fr\/de\/wp-json\/wp\/v2\/product_cat?post=6445"},{"taxonomy":"product_tag","embeddable":true,"href":"https:\/\/lifesupportdistribution.fr\/de\/wp-json\/wp\/v2\/product_tag?post=6445"}],"curies":[{"name":"wp","href":"https:\/\/api.w.org\/{rel}","templated":true}]}}