{"id":6455,"date":"2025-11-27T15:32:29","date_gmt":"2025-11-27T14:32:29","guid":{"rendered":"https:\/\/lifesupportdistribution.fr\/produits\/lebensgrosser-muskeltorso-27-teilig\/"},"modified":"2025-11-27T15:32:29","modified_gmt":"2025-11-27T14:32:29","slug":"lebensgrosser-muskeltorso-27-teilig","status":"publish","type":"product","link":"https:\/\/lifesupportdistribution.fr\/de\/produkt\/lebensgrosser-muskeltorso-27-teilig\/","title":{"rendered":"Lebensgro\u00dfer Muskeltorso \u2013 27-teilig"},"content":{"rendered":"<p>Der lebensgro\u00dfe Muskeltorso \u2013 27-teilig bietet eine pr\u00e4zise dreidimensionale Darstellung des menschlichen K\u00f6rpers, die eine klare Visualisierung der oberfl\u00e4chlichen Muskulatur und der inneren Organe erm\u00f6glicht.<br \/>\nDieses Lehrmodell erm\u00f6glicht es, die Hauptorgane (Lunge, Herz, Magen, Leber, Darm usw.) sowie die muskul\u00e4ren, vaskul\u00e4ren und nerv\u00f6sen Strukturen des Rumpfes einzeln zu entnehmen und zu untersuchen.<\/p>\n<p>Jedes Element ist nummeriert und gekennzeichnet, um die anatomischen Strukturen leicht zu identifizieren, was es zu einem idealen Werkzeug f\u00fcr die Ausbildung in Anatomie, Physiologie und Pathologie macht.<\/p>\n","protected":false},"excerpt":{"rendered":"<p>Vollst\u00e4ndiges anatomisches Modell zum Studium der Muskeln und inneren Organe<br \/>\nDieses lebensgro\u00dfe, in 27 Teile zerlegbare Modell eines menschlichen Muskeltorsos erm\u00f6glicht eine detaillierte Untersuchung der anatomischen Strukturen: Muskeln, Brust-, Bauch- und Gef\u00e4\u00dforgane.<br \/>\nAls unverzichtbare Referenz in der menschlichen Anatomie ist es ideal f\u00fcr den Universit\u00e4tsunterricht, die medizinische und paramedizinische Ausbildung.<br \/>\nEine Ganzk\u00f6rperversion ist ebenfalls erh\u00e4ltlich, mit einer variablen Anzahl von zerlegbaren Teilen je nach Modell.<\/p>\n","protected":false},"featured_media":2375,"template":"","meta":[],"product_brand":[187],"product_cat":[221],"product_tag":[241],"class_list":{"0":"post-6455","1":"product","2":"type-product","3":"status-publish","4":"has-post-thumbnail","6":"product_brand-3b-scientific","7":"product_cat-anatomische-tafeln-und-modelle","8":"product_tag-anatomietraining","10":"first","11":"instock","12":"shipping-taxable","13":"purchasable","14":"product-type-simple"},"yoast_head":"<!-- This site is optimized with the Yoast SEO plugin v26.8 - https:\/\/yoast.com\/product\/yoast-seo-wordpress\/ -->\n<title>Lebensgro\u00dfer Muskeltorso \u2013 27-teilig<\/title>\n<meta name=\"description\" content=\"Lebensgro\u00dfer Muskeltorso, 27-teilig. Abnehmbare Muskeln und Organe f\u00fcr anatomische Studien in der medizinischen Ausbildung.\" \/>\n<meta name=\"robots\" content=\"index, follow, max-snippet:-1, max-image-preview:large, max-video-preview:-1\" \/>\n<link rel=\"canonical\" href=\"https:\/\/lifesupportdistribution.fr\/de\/produkt\/lebensgrosser-muskeltorso-27-teilig\/\" \/>\n<meta property=\"og:locale\" content=\"de_DE\" \/>\n<meta property=\"og:type\" content=\"article\" \/>\n<meta property=\"og:title\" content=\"Lebensgro\u00dfer Muskeltorso \u2013 27-teilig\" \/>\n<meta property=\"og:description\" content=\"Lebensgro\u00dfer Muskeltorso, 27-teilig. Abnehmbare Muskeln und Organe f\u00fcr anatomische Studien in der medizinischen Ausbildung.\" \/>\n<meta property=\"og:url\" content=\"https:\/\/lifesupportdistribution.fr\/de\/produkt\/lebensgrosser-muskeltorso-27-teilig\/\" \/>\n<meta property=\"og:site_name\" content=\"Life Support Distribution\" \/>\n<meta property=\"og:image\" content=\"https:\/\/lifesupportdistribution.fr\/wp-content\/uploads\/2025\/11\/VA16_01_Torse-avec-musculature-grandeur-nature-en-27-parties.jpg\" \/>\n\t<meta property=\"og:image:width\" content=\"500\" \/>\n\t<meta property=\"og:image:height\" content=\"500\" \/>\n\t<meta property=\"og:image:type\" content=\"image\/jpeg\" \/>\n<meta name=\"twitter:card\" content=\"summary_large_image\" \/>\n<script type=\"application\/ld+json\" class=\"yoast-schema-graph\">{\"@context\":\"https:\/\/schema.org\",\"@graph\":[{\"@type\":\"WebPage\",\"@id\":\"https:\/\/lifesupportdistribution.fr\/de\/produkt\/lebensgrosser-muskeltorso-27-teilig\/\",\"url\":\"https:\/\/lifesupportdistribution.fr\/de\/produkt\/lebensgrosser-muskeltorso-27-teilig\/\",\"name\":\"Lebensgro\u00dfer Muskeltorso \u2013 27-teilig\",\"isPartOf\":{\"@id\":\"https:\/\/lifesupportdistribution.fr\/de\/#website\"},\"primaryImageOfPage\":{\"@id\":\"https:\/\/lifesupportdistribution.fr\/de\/produkt\/lebensgrosser-muskeltorso-27-teilig\/#primaryimage\"},\"image\":{\"@id\":\"https:\/\/lifesupportdistribution.fr\/de\/produkt\/lebensgrosser-muskeltorso-27-teilig\/#primaryimage\"},\"thumbnailUrl\":\"https:\/\/lifesupportdistribution.fr\/wp-content\/uploads\/2025\/11\/VA16_01_Torse-avec-musculature-grandeur-nature-en-27-parties.jpg\",\"datePublished\":\"2025-11-27T14:32:29+00:00\",\"description\":\"Lebensgro\u00dfer Muskeltorso, 27-teilig. Abnehmbare Muskeln und Organe f\u00fcr anatomische Studien in der medizinischen Ausbildung.\",\"breadcrumb\":{\"@id\":\"https:\/\/lifesupportdistribution.fr\/de\/produkt\/lebensgrosser-muskeltorso-27-teilig\/#breadcrumb\"},\"inLanguage\":\"de\",\"potentialAction\":[{\"@type\":\"ReadAction\",\"target\":[\"https:\/\/lifesupportdistribution.fr\/de\/produkt\/lebensgrosser-muskeltorso-27-teilig\/\"]}]},{\"@type\":\"ImageObject\",\"inLanguage\":\"de\",\"@id\":\"https:\/\/lifesupportdistribution.fr\/de\/produkt\/lebensgrosser-muskeltorso-27-teilig\/#primaryimage\",\"url\":\"https:\/\/lifesupportdistribution.fr\/wp-content\/uploads\/2025\/11\/VA16_01_Torse-avec-musculature-grandeur-nature-en-27-parties.jpg\",\"contentUrl\":\"https:\/\/lifesupportdistribution.fr\/wp-content\/uploads\/2025\/11\/VA16_01_Torse-avec-musculature-grandeur-nature-en-27-parties.jpg\",\"width\":500,\"height\":500},{\"@type\":\"BreadcrumbList\",\"@id\":\"https:\/\/lifesupportdistribution.fr\/de\/produkt\/lebensgrosser-muskeltorso-27-teilig\/#breadcrumb\",\"itemListElement\":[{\"@type\":\"ListItem\",\"position\":1,\"name\":\"Accueil\",\"item\":\"https:\/\/lifesupportdistribution.fr\/de\/startseite\/\"},{\"@type\":\"ListItem\",\"position\":2,\"name\":\"Shop\",\"item\":\"https:\/\/lifesupportdistribution.fr\/de\/shop\/\"},{\"@type\":\"ListItem\",\"position\":3,\"name\":\"Lebensgro\u00dfer Muskeltorso \u2013 27-teilig\"}]},{\"@type\":\"WebSite\",\"@id\":\"https:\/\/lifesupportdistribution.fr\/de\/#website\",\"url\":\"https:\/\/lifesupportdistribution.fr\/de\/\",\"name\":\"Life Support Distribution\",\"description\":\"Solutions en simulation m\u00e9dicale\",\"publisher\":{\"@id\":\"https:\/\/lifesupportdistribution.fr\/de\/#organization\"},\"potentialAction\":[{\"@type\":\"SearchAction\",\"target\":{\"@type\":\"EntryPoint\",\"urlTemplate\":\"https:\/\/lifesupportdistribution.fr\/de\/?s={search_term_string}\"},\"query-input\":{\"@type\":\"PropertyValueSpecification\",\"valueRequired\":true,\"valueName\":\"search_term_string\"}}],\"inLanguage\":\"de\"},{\"@type\":\"Organization\",\"@id\":\"https:\/\/lifesupportdistribution.fr\/de\/#organization\",\"name\":\"Life Support Distribution\",\"url\":\"https:\/\/lifesupportdistribution.fr\/de\/\",\"logo\":{\"@type\":\"ImageObject\",\"inLanguage\":\"de\",\"@id\":\"https:\/\/lifesupportdistribution.fr\/de\/#\/schema\/logo\/image\/\",\"url\":\"https:\/\/lifesupportdistribution.fr\/wp-content\/uploads\/2025\/10\/logo-life-support-distribution.svg\",\"contentUrl\":\"https:\/\/lifesupportdistribution.fr\/wp-content\/uploads\/2025\/10\/logo-life-support-distribution.svg\",\"width\":698,\"height\":223,\"caption\":\"Life Support Distribution\"},\"image\":{\"@id\":\"https:\/\/lifesupportdistribution.fr\/de\/#\/schema\/logo\/image\/\"},\"sameAs\":[\"https:\/\/www.linkedin.com\/company\/life-support-distribution\/\"]}]}<\/script>\n<!-- \/ Yoast SEO plugin. -->","yoast_head_json":{"title":"Lebensgro\u00dfer Muskeltorso \u2013 27-teilig","description":"Lebensgro\u00dfer Muskeltorso, 27-teilig. Abnehmbare Muskeln und Organe f\u00fcr anatomische Studien in der medizinischen Ausbildung.","robots":{"index":"index","follow":"follow","max-snippet":"max-snippet:-1","max-image-preview":"max-image-preview:large","max-video-preview":"max-video-preview:-1"},"canonical":"https:\/\/lifesupportdistribution.fr\/de\/produkt\/lebensgrosser-muskeltorso-27-teilig\/","og_locale":"de_DE","og_type":"article","og_title":"Lebensgro\u00dfer Muskeltorso \u2013 27-teilig","og_description":"Lebensgro\u00dfer Muskeltorso, 27-teilig. Abnehmbare Muskeln und Organe f\u00fcr anatomische Studien in der medizinischen Ausbildung.","og_url":"https:\/\/lifesupportdistribution.fr\/de\/produkt\/lebensgrosser-muskeltorso-27-teilig\/","og_site_name":"Life Support Distribution","og_image":[{"width":500,"height":500,"url":"https:\/\/lifesupportdistribution.fr\/wp-content\/uploads\/2025\/11\/VA16_01_Torse-avec-musculature-grandeur-nature-en-27-parties.jpg","type":"image\/jpeg"}],"twitter_card":"summary_large_image","schema":{"@context":"https:\/\/schema.org","@graph":[{"@type":"WebPage","@id":"https:\/\/lifesupportdistribution.fr\/de\/produkt\/lebensgrosser-muskeltorso-27-teilig\/","url":"https:\/\/lifesupportdistribution.fr\/de\/produkt\/lebensgrosser-muskeltorso-27-teilig\/","name":"Lebensgro\u00dfer Muskeltorso \u2013 27-teilig","isPartOf":{"@id":"https:\/\/lifesupportdistribution.fr\/de\/#website"},"primaryImageOfPage":{"@id":"https:\/\/lifesupportdistribution.fr\/de\/produkt\/lebensgrosser-muskeltorso-27-teilig\/#primaryimage"},"image":{"@id":"https:\/\/lifesupportdistribution.fr\/de\/produkt\/lebensgrosser-muskeltorso-27-teilig\/#primaryimage"},"thumbnailUrl":"https:\/\/lifesupportdistribution.fr\/wp-content\/uploads\/2025\/11\/VA16_01_Torse-avec-musculature-grandeur-nature-en-27-parties.jpg","datePublished":"2025-11-27T14:32:29+00:00","description":"Lebensgro\u00dfer Muskeltorso, 27-teilig. Abnehmbare Muskeln und Organe f\u00fcr anatomische Studien in der medizinischen Ausbildung.","breadcrumb":{"@id":"https:\/\/lifesupportdistribution.fr\/de\/produkt\/lebensgrosser-muskeltorso-27-teilig\/#breadcrumb"},"inLanguage":"de","potentialAction":[{"@type":"ReadAction","target":["https:\/\/lifesupportdistribution.fr\/de\/produkt\/lebensgrosser-muskeltorso-27-teilig\/"]}]},{"@type":"ImageObject","inLanguage":"de","@id":"https:\/\/lifesupportdistribution.fr\/de\/produkt\/lebensgrosser-muskeltorso-27-teilig\/#primaryimage","url":"https:\/\/lifesupportdistribution.fr\/wp-content\/uploads\/2025\/11\/VA16_01_Torse-avec-musculature-grandeur-nature-en-27-parties.jpg","contentUrl":"https:\/\/lifesupportdistribution.fr\/wp-content\/uploads\/2025\/11\/VA16_01_Torse-avec-musculature-grandeur-nature-en-27-parties.jpg","width":500,"height":500},{"@type":"BreadcrumbList","@id":"https:\/\/lifesupportdistribution.fr\/de\/produkt\/lebensgrosser-muskeltorso-27-teilig\/#breadcrumb","itemListElement":[{"@type":"ListItem","position":1,"name":"Accueil","item":"https:\/\/lifesupportdistribution.fr\/de\/startseite\/"},{"@type":"ListItem","position":2,"name":"Shop","item":"https:\/\/lifesupportdistribution.fr\/de\/shop\/"},{"@type":"ListItem","position":3,"name":"Lebensgro\u00dfer Muskeltorso \u2013 27-teilig"}]},{"@type":"WebSite","@id":"https:\/\/lifesupportdistribution.fr\/de\/#website","url":"https:\/\/lifesupportdistribution.fr\/de\/","name":"Life Support Distribution","description":"Solutions en simulation m\u00e9dicale","publisher":{"@id":"https:\/\/lifesupportdistribution.fr\/de\/#organization"},"potentialAction":[{"@type":"SearchAction","target":{"@type":"EntryPoint","urlTemplate":"https:\/\/lifesupportdistribution.fr\/de\/?s={search_term_string}"},"query-input":{"@type":"PropertyValueSpecification","valueRequired":true,"valueName":"search_term_string"}}],"inLanguage":"de"},{"@type":"Organization","@id":"https:\/\/lifesupportdistribution.fr\/de\/#organization","name":"Life Support Distribution","url":"https:\/\/lifesupportdistribution.fr\/de\/","logo":{"@type":"ImageObject","inLanguage":"de","@id":"https:\/\/lifesupportdistribution.fr\/de\/#\/schema\/logo\/image\/","url":"https:\/\/lifesupportdistribution.fr\/wp-content\/uploads\/2025\/10\/logo-life-support-distribution.svg","contentUrl":"https:\/\/lifesupportdistribution.fr\/wp-content\/uploads\/2025\/10\/logo-life-support-distribution.svg","width":698,"height":223,"caption":"Life Support Distribution"},"image":{"@id":"https:\/\/lifesupportdistribution.fr\/de\/#\/schema\/logo\/image\/"},"sameAs":["https:\/\/www.linkedin.com\/company\/life-support-distribution\/"]}]}},"_links":{"self":[{"href":"https:\/\/lifesupportdistribution.fr\/de\/wp-json\/wp\/v2\/product\/6455","targetHints":{"allow":["GET"]}}],"collection":[{"href":"https:\/\/lifesupportdistribution.fr\/de\/wp-json\/wp\/v2\/product"}],"about":[{"href":"https:\/\/lifesupportdistribution.fr\/de\/wp-json\/wp\/v2\/types\/product"}],"wp:featuredmedia":[{"embeddable":true,"href":"https:\/\/lifesupportdistribution.fr\/de\/wp-json\/wp\/v2\/media\/2375"}],"wp:attachment":[{"href":"https:\/\/lifesupportdistribution.fr\/de\/wp-json\/wp\/v2\/media?parent=6455"}],"wp:term":[{"taxonomy":"product_brand","embeddable":true,"href":"https:\/\/lifesupportdistribution.fr\/de\/wp-json\/wp\/v2\/product_brand?post=6455"},{"taxonomy":"product_cat","embeddable":true,"href":"https:\/\/lifesupportdistribution.fr\/de\/wp-json\/wp\/v2\/product_cat?post=6455"},{"taxonomy":"product_tag","embeddable":true,"href":"https:\/\/lifesupportdistribution.fr\/de\/wp-json\/wp\/v2\/product_tag?post=6455"}],"curies":[{"name":"wp","href":"https:\/\/api.w.org\/{rel}","templated":true}]}}