{"id":6456,"date":"2025-11-27T20:39:08","date_gmt":"2025-11-27T19:39:08","guid":{"rendered":"https:\/\/lifesupportdistribution.fr\/produits\/equiner-palpations-und-koliksimulator\/"},"modified":"2025-11-27T20:39:08","modified_gmt":"2025-11-27T19:39:08","slug":"equiner-palpations-und-koliksimulator","status":"publish","type":"product","link":"https:\/\/lifesupportdistribution.fr\/de\/produkt\/equiner-palpations-und-koliksimulator\/","title":{"rendered":"Equiner Palpations- und Koliksimulator"},"content":{"rendered":"<p>Dieser immersive Simulator wurde entwickelt, um die rektale Palpation, das Kolikmanagement und die k\u00fcnstliche Besamung zu lehren.<br \/>\nEr bildet die Morphologie eines erwachsenen Pferdes (1,50 m Widerristh\u00f6he, 2,25 m von der Nase bis zum Schwanz) originalgetreu nach, mit einem aufblasbaren Verdauungstrakt, der aus f\u00fcnf separaten Abschnitten (Dickdarm, Blinddarm, D\u00fcnndarm) besteht.<br \/>\nDie palpablen inneren Organe (Milz, Nieren, Geb\u00e4rmutter, B\u00e4nder) bieten ein pr\u00e4zises taktiles Feedback, das das Training in Diagnose und klinischer Manipulation erm\u00f6glicht.<br \/>\nDas modulare Fortpflanzungssystem umfasst drei austauschbare Eierstock-Sets, die die verschiedenen Phasen des \u00d6struszyklus simulieren.<br \/>\nDieses Modell wird mit oder ohne Rollfu\u00df geliefert und ist ein ideales Werkzeug f\u00fcr die Ausbildung in Pferdemedizin und Veterin\u00e4rgeburtshilfe.<\/p>\n","protected":false},"excerpt":{"rendered":"<p>Der equine Palpationssimulator bietet eine umfassende Schulung in rektalen Untersuchungen, der Identifizierung abdominaler Strukturen und dem Kolikmanagement.<br \/>\nBasierend auf einem Standard-Quarter Horse konzipiert, vereint er anatomischen Realismus und Robustheit, mit einem aufblasbaren Magen-Darm-Trakt, palpablen Organen und einem Zusatzmodul f\u00fcr Intubation, Jugularpunktion und intramuskul\u00e4re Injektion.<br \/>\nSein Design erm\u00f6glicht die Simulation verschiedener klinischer Bedingungen und die Reproduktion der wichtigsten equinen Verdauungspathologien.<\/p>\n","protected":false},"featured_media":2394,"template":"","meta":[],"product_brand":[214],"product_cat":[226],"product_tag":[240],"class_list":{"0":"post-6456","1":"product","2":"type-product","3":"status-publish","4":"has-post-thumbnail","6":"product_brand-vsi","7":"product_cat-simulatoren-fur-veterinarpflege","8":"product_tag-tiermedizin","10":"first","11":"instock","12":"shipping-taxable","13":"purchasable","14":"product-type-simple"},"yoast_head":"<!-- This site is optimized with the Yoast SEO plugin v26.8 - https:\/\/yoast.com\/product\/yoast-seo-wordpress\/ -->\n<title>Equiner Simulator \u2013 Palpation und Koliken<\/title>\n<meta name=\"description\" content=\"Equiner Palpations- und Koliksimulator: realistisches Modell zur Schulung in Diagnose, der Beurteilung von Bauchschmerzen und veterin\u00e4rmedizinischen Eingriffen.\" \/>\n<meta name=\"robots\" content=\"index, follow, max-snippet:-1, max-image-preview:large, max-video-preview:-1\" \/>\n<link rel=\"canonical\" href=\"https:\/\/lifesupportdistribution.fr\/de\/produkt\/equiner-palpations-und-koliksimulator\/\" \/>\n<meta property=\"og:locale\" content=\"de_DE\" \/>\n<meta property=\"og:type\" content=\"article\" \/>\n<meta property=\"og:title\" content=\"Equiner Simulator \u2013 Palpation und Koliken\" \/>\n<meta property=\"og:description\" content=\"Equiner Palpations- und Koliksimulator: realistisches Modell zur Schulung in Diagnose, der Beurteilung von Bauchschmerzen und veterin\u00e4rmedizinischen Eingriffen.\" \/>\n<meta property=\"og:url\" content=\"https:\/\/lifesupportdistribution.fr\/de\/produkt\/equiner-palpations-und-koliksimulator\/\" \/>\n<meta property=\"og:site_name\" content=\"Life Support Distribution\" \/>\n<meta property=\"og:image\" content=\"https:\/\/lifesupportdistribution.fr\/wp-content\/uploads\/2025\/11\/Photo-simu-coliques-equin-1.png\" \/>\n\t<meta property=\"og:image:width\" content=\"926\" \/>\n\t<meta property=\"og:image:height\" content=\"610\" \/>\n\t<meta property=\"og:image:type\" content=\"image\/png\" \/>\n<meta name=\"twitter:card\" content=\"summary_large_image\" \/>\n<meta name=\"twitter:label1\" content=\"Gesch\u00e4tzte Lesezeit\" \/>\n\t<meta name=\"twitter:data1\" content=\"1\u00a0Minute\" \/>\n<script type=\"application\/ld+json\" class=\"yoast-schema-graph\">{\"@context\":\"https:\/\/schema.org\",\"@graph\":[{\"@type\":\"WebPage\",\"@id\":\"https:\/\/lifesupportdistribution.fr\/de\/produkt\/equiner-palpations-und-koliksimulator\/\",\"url\":\"https:\/\/lifesupportdistribution.fr\/de\/produkt\/equiner-palpations-und-koliksimulator\/\",\"name\":\"Equiner Simulator \u2013 Palpation und Koliken\",\"isPartOf\":{\"@id\":\"https:\/\/lifesupportdistribution.fr\/de\/#website\"},\"primaryImageOfPage\":{\"@id\":\"https:\/\/lifesupportdistribution.fr\/de\/produkt\/equiner-palpations-und-koliksimulator\/#primaryimage\"},\"image\":{\"@id\":\"https:\/\/lifesupportdistribution.fr\/de\/produkt\/equiner-palpations-und-koliksimulator\/#primaryimage\"},\"thumbnailUrl\":\"https:\/\/lifesupportdistribution.fr\/wp-content\/uploads\/2025\/11\/Photo-simu-coliques-equin-1.png\",\"datePublished\":\"2025-11-27T19:39:08+00:00\",\"description\":\"Equiner Palpations- und Koliksimulator: realistisches Modell zur Schulung in Diagnose, der Beurteilung von Bauchschmerzen und veterin\u00e4rmedizinischen Eingriffen.\",\"breadcrumb\":{\"@id\":\"https:\/\/lifesupportdistribution.fr\/de\/produkt\/equiner-palpations-und-koliksimulator\/#breadcrumb\"},\"inLanguage\":\"de\",\"potentialAction\":[{\"@type\":\"ReadAction\",\"target\":[\"https:\/\/lifesupportdistribution.fr\/de\/produkt\/equiner-palpations-und-koliksimulator\/\"]}]},{\"@type\":\"ImageObject\",\"inLanguage\":\"de\",\"@id\":\"https:\/\/lifesupportdistribution.fr\/de\/produkt\/equiner-palpations-und-koliksimulator\/#primaryimage\",\"url\":\"https:\/\/lifesupportdistribution.fr\/wp-content\/uploads\/2025\/11\/Photo-simu-coliques-equin-1.png\",\"contentUrl\":\"https:\/\/lifesupportdistribution.fr\/wp-content\/uploads\/2025\/11\/Photo-simu-coliques-equin-1.png\",\"width\":926,\"height\":610},{\"@type\":\"BreadcrumbList\",\"@id\":\"https:\/\/lifesupportdistribution.fr\/de\/produkt\/equiner-palpations-und-koliksimulator\/#breadcrumb\",\"itemListElement\":[{\"@type\":\"ListItem\",\"position\":1,\"name\":\"Accueil\",\"item\":\"https:\/\/lifesupportdistribution.fr\/de\/startseite\/\"},{\"@type\":\"ListItem\",\"position\":2,\"name\":\"Shop\",\"item\":\"https:\/\/lifesupportdistribution.fr\/de\/shop\/\"},{\"@type\":\"ListItem\",\"position\":3,\"name\":\"Equiner Palpations- und Koliksimulator\"}]},{\"@type\":\"WebSite\",\"@id\":\"https:\/\/lifesupportdistribution.fr\/de\/#website\",\"url\":\"https:\/\/lifesupportdistribution.fr\/de\/\",\"name\":\"Life Support Distribution\",\"description\":\"Solutions en simulation m\u00e9dicale\",\"publisher\":{\"@id\":\"https:\/\/lifesupportdistribution.fr\/de\/#organization\"},\"potentialAction\":[{\"@type\":\"SearchAction\",\"target\":{\"@type\":\"EntryPoint\",\"urlTemplate\":\"https:\/\/lifesupportdistribution.fr\/de\/?s={search_term_string}\"},\"query-input\":{\"@type\":\"PropertyValueSpecification\",\"valueRequired\":true,\"valueName\":\"search_term_string\"}}],\"inLanguage\":\"de\"},{\"@type\":\"Organization\",\"@id\":\"https:\/\/lifesupportdistribution.fr\/de\/#organization\",\"name\":\"Life Support Distribution\",\"url\":\"https:\/\/lifesupportdistribution.fr\/de\/\",\"logo\":{\"@type\":\"ImageObject\",\"inLanguage\":\"de\",\"@id\":\"https:\/\/lifesupportdistribution.fr\/de\/#\/schema\/logo\/image\/\",\"url\":\"https:\/\/lifesupportdistribution.fr\/wp-content\/uploads\/2025\/10\/logo-life-support-distribution.svg\",\"contentUrl\":\"https:\/\/lifesupportdistribution.fr\/wp-content\/uploads\/2025\/10\/logo-life-support-distribution.svg\",\"width\":698,\"height\":223,\"caption\":\"Life Support Distribution\"},\"image\":{\"@id\":\"https:\/\/lifesupportdistribution.fr\/de\/#\/schema\/logo\/image\/\"},\"sameAs\":[\"https:\/\/www.linkedin.com\/company\/life-support-distribution\/\"]}]}<\/script>\n<!-- \/ Yoast SEO plugin. -->","yoast_head_json":{"title":"Equiner Simulator \u2013 Palpation und Koliken","description":"Equiner Palpations- und Koliksimulator: realistisches Modell zur Schulung in Diagnose, der Beurteilung von Bauchschmerzen und veterin\u00e4rmedizinischen Eingriffen.","robots":{"index":"index","follow":"follow","max-snippet":"max-snippet:-1","max-image-preview":"max-image-preview:large","max-video-preview":"max-video-preview:-1"},"canonical":"https:\/\/lifesupportdistribution.fr\/de\/produkt\/equiner-palpations-und-koliksimulator\/","og_locale":"de_DE","og_type":"article","og_title":"Equiner Simulator \u2013 Palpation und Koliken","og_description":"Equiner Palpations- und Koliksimulator: realistisches Modell zur Schulung in Diagnose, der Beurteilung von Bauchschmerzen und veterin\u00e4rmedizinischen Eingriffen.","og_url":"https:\/\/lifesupportdistribution.fr\/de\/produkt\/equiner-palpations-und-koliksimulator\/","og_site_name":"Life Support Distribution","og_image":[{"width":926,"height":610,"url":"https:\/\/lifesupportdistribution.fr\/wp-content\/uploads\/2025\/11\/Photo-simu-coliques-equin-1.png","type":"image\/png"}],"twitter_card":"summary_large_image","twitter_misc":{"Gesch\u00e4tzte Lesezeit":"1\u00a0Minute"},"schema":{"@context":"https:\/\/schema.org","@graph":[{"@type":"WebPage","@id":"https:\/\/lifesupportdistribution.fr\/de\/produkt\/equiner-palpations-und-koliksimulator\/","url":"https:\/\/lifesupportdistribution.fr\/de\/produkt\/equiner-palpations-und-koliksimulator\/","name":"Equiner Simulator \u2013 Palpation und Koliken","isPartOf":{"@id":"https:\/\/lifesupportdistribution.fr\/de\/#website"},"primaryImageOfPage":{"@id":"https:\/\/lifesupportdistribution.fr\/de\/produkt\/equiner-palpations-und-koliksimulator\/#primaryimage"},"image":{"@id":"https:\/\/lifesupportdistribution.fr\/de\/produkt\/equiner-palpations-und-koliksimulator\/#primaryimage"},"thumbnailUrl":"https:\/\/lifesupportdistribution.fr\/wp-content\/uploads\/2025\/11\/Photo-simu-coliques-equin-1.png","datePublished":"2025-11-27T19:39:08+00:00","description":"Equiner Palpations- und Koliksimulator: realistisches Modell zur Schulung in Diagnose, der Beurteilung von Bauchschmerzen und veterin\u00e4rmedizinischen Eingriffen.","breadcrumb":{"@id":"https:\/\/lifesupportdistribution.fr\/de\/produkt\/equiner-palpations-und-koliksimulator\/#breadcrumb"},"inLanguage":"de","potentialAction":[{"@type":"ReadAction","target":["https:\/\/lifesupportdistribution.fr\/de\/produkt\/equiner-palpations-und-koliksimulator\/"]}]},{"@type":"ImageObject","inLanguage":"de","@id":"https:\/\/lifesupportdistribution.fr\/de\/produkt\/equiner-palpations-und-koliksimulator\/#primaryimage","url":"https:\/\/lifesupportdistribution.fr\/wp-content\/uploads\/2025\/11\/Photo-simu-coliques-equin-1.png","contentUrl":"https:\/\/lifesupportdistribution.fr\/wp-content\/uploads\/2025\/11\/Photo-simu-coliques-equin-1.png","width":926,"height":610},{"@type":"BreadcrumbList","@id":"https:\/\/lifesupportdistribution.fr\/de\/produkt\/equiner-palpations-und-koliksimulator\/#breadcrumb","itemListElement":[{"@type":"ListItem","position":1,"name":"Accueil","item":"https:\/\/lifesupportdistribution.fr\/de\/startseite\/"},{"@type":"ListItem","position":2,"name":"Shop","item":"https:\/\/lifesupportdistribution.fr\/de\/shop\/"},{"@type":"ListItem","position":3,"name":"Equiner Palpations- und Koliksimulator"}]},{"@type":"WebSite","@id":"https:\/\/lifesupportdistribution.fr\/de\/#website","url":"https:\/\/lifesupportdistribution.fr\/de\/","name":"Life Support Distribution","description":"Solutions en simulation m\u00e9dicale","publisher":{"@id":"https:\/\/lifesupportdistribution.fr\/de\/#organization"},"potentialAction":[{"@type":"SearchAction","target":{"@type":"EntryPoint","urlTemplate":"https:\/\/lifesupportdistribution.fr\/de\/?s={search_term_string}"},"query-input":{"@type":"PropertyValueSpecification","valueRequired":true,"valueName":"search_term_string"}}],"inLanguage":"de"},{"@type":"Organization","@id":"https:\/\/lifesupportdistribution.fr\/de\/#organization","name":"Life Support Distribution","url":"https:\/\/lifesupportdistribution.fr\/de\/","logo":{"@type":"ImageObject","inLanguage":"de","@id":"https:\/\/lifesupportdistribution.fr\/de\/#\/schema\/logo\/image\/","url":"https:\/\/lifesupportdistribution.fr\/wp-content\/uploads\/2025\/10\/logo-life-support-distribution.svg","contentUrl":"https:\/\/lifesupportdistribution.fr\/wp-content\/uploads\/2025\/10\/logo-life-support-distribution.svg","width":698,"height":223,"caption":"Life Support Distribution"},"image":{"@id":"https:\/\/lifesupportdistribution.fr\/de\/#\/schema\/logo\/image\/"},"sameAs":["https:\/\/www.linkedin.com\/company\/life-support-distribution\/"]}]}},"_links":{"self":[{"href":"https:\/\/lifesupportdistribution.fr\/de\/wp-json\/wp\/v2\/product\/6456","targetHints":{"allow":["GET"]}}],"collection":[{"href":"https:\/\/lifesupportdistribution.fr\/de\/wp-json\/wp\/v2\/product"}],"about":[{"href":"https:\/\/lifesupportdistribution.fr\/de\/wp-json\/wp\/v2\/types\/product"}],"wp:featuredmedia":[{"embeddable":true,"href":"https:\/\/lifesupportdistribution.fr\/de\/wp-json\/wp\/v2\/media\/2394"}],"wp:attachment":[{"href":"https:\/\/lifesupportdistribution.fr\/de\/wp-json\/wp\/v2\/media?parent=6456"}],"wp:term":[{"taxonomy":"product_brand","embeddable":true,"href":"https:\/\/lifesupportdistribution.fr\/de\/wp-json\/wp\/v2\/product_brand?post=6456"},{"taxonomy":"product_cat","embeddable":true,"href":"https:\/\/lifesupportdistribution.fr\/de\/wp-json\/wp\/v2\/product_cat?post=6456"},{"taxonomy":"product_tag","embeddable":true,"href":"https:\/\/lifesupportdistribution.fr\/de\/wp-json\/wp\/v2\/product_tag?post=6456"}],"curies":[{"name":"wp","href":"https:\/\/api.w.org\/{rel}","templated":true}]}}