{"id":6511,"date":"2025-12-30T10:39:38","date_gmt":"2025-12-30T09:39:38","guid":{"rendered":"https:\/\/lifesupportdistribution.fr\/produits\/isimulate-video-kit\/"},"modified":"2026-04-28T15:29:51","modified_gmt":"2026-04-28T14:29:51","slug":"isimulate-video-kit","status":"publish","type":"product","link":"https:\/\/lifesupportdistribution.fr\/de\/produkt\/isimulate-video-kit\/","title":{"rendered":"iSimulate Video-Kit"},"content":{"rendered":"<p>Dieses Kit wurde entwickelt, um einen konkreten Bedarf zu decken: eine Simulationsszene mit einem stabilen Bild und verwertbarem Ton zu filmen und das Video dann mit einer Gruppe von Lernenden zu teilen. Das iPad (256 GB), kombiniert mit dem professionellen Padcaster-Rahmen und dem Weitwinkelobjektiv, bietet eine kompakte, einfach zu handhabende und f\u00fcr den regelm\u00e4\u00dfigen Gebrauch geeignete L\u00f6sung.<br \/>\nDas aktive Umgebungs-Mikrofon verbessert die Tonaufnahme (Stimmen, Interaktionen, Ansagen), w\u00e4hrend die iPad Video-Befestigungsklemme und das Stativ einen schnellen und stabilen Aufbau gew\u00e4hrleisten. Alles wird mit einem Apple TV HD und einem HDMI-Kabel geliefert, um die Integration in einen kompatiblen Bildschirm zu erleichtern, sowie einer Transporttasche f\u00fcr Aufbewahrung und Transport.  <\/p>\n","protected":false},"excerpt":{"rendered":"<p>Das iSimulate Video-Kit (nur Hardware) vereint die wesentlichen Elemente, um schnell eine stabile Videoaufzeichnung und Bildschirm\u00fcbertragung (je nach Ihrer Konfiguration) einzurichten. F\u00fcr Schulungsumgebungen konzipiert, erleichtert es die Installation in Simulationsr\u00e4umen, Klassenzimmern oder bei mobilen Szenarien. <\/p>\n","protected":false},"featured_media":6512,"template":"","meta":[],"product_brand":[196],"product_cat":[228],"product_tag":[230,236],"class_list":{"0":"post-6511","1":"product","2":"type-product","3":"status-publish","4":"has-post-thumbnail","6":"product_brand-isimulate","7":"product_cat-monitor-defibrillator-beatmungssimulatoren","8":"product_tag-allgemeinmedizin","9":"product_tag-notfallmedizin","11":"first","12":"instock","13":"shipping-taxable","14":"purchasable","15":"product-type-simple"},"yoast_head":"<!-- This site is optimized with the Yoast SEO plugin v27.5 - https:\/\/yoast.com\/product\/yoast-seo-wordpress\/ -->\n<title>iSimulate Video-Kit \u2013 Aufnahme &amp; \u00dcbertragung<\/title>\n<meta name=\"description\" content=\"iSimulate Video-Kit: iPad 256 GB, Padcaster, Weitwinkelobjektiv, Mikrofon, Stativ, Apple TV HD, HDMI, Tasche. Schnelles Angebot. Videodebriefing\" \/>\n<meta name=\"robots\" content=\"index, follow, max-snippet:-1, max-image-preview:large, max-video-preview:-1\" \/>\n<link rel=\"canonical\" href=\"https:\/\/lifesupportdistribution.fr\/de\/produkt\/isimulate-video-kit\/\" \/>\n<meta property=\"og:locale\" content=\"de_DE\" \/>\n<meta property=\"og:type\" content=\"article\" \/>\n<meta property=\"og:title\" content=\"iSimulate Video-Kit \u2013 Aufnahme &amp; \u00dcbertragung\" \/>\n<meta property=\"og:description\" content=\"iSimulate Video-Kit: iPad 256 GB, Padcaster, Weitwinkelobjektiv, Mikrofon, Stativ, Apple TV HD, HDMI, Tasche. Schnelles Angebot. Videodebriefing\" \/>\n<meta property=\"og:url\" content=\"https:\/\/lifesupportdistribution.fr\/de\/produkt\/isimulate-video-kit\/\" \/>\n<meta property=\"og:site_name\" content=\"Life Support Distribution\" \/>\n<meta property=\"article:modified_time\" content=\"2026-04-28T14:29:51+00:00\" \/>\n<meta property=\"og:image\" content=\"https:\/\/lifesupportdistribution.fr\/wp-content\/uploads\/2025\/12\/Image-produit-kit-video-isimulate-.png\" \/>\n\t<meta property=\"og:image:width\" content=\"782\" \/>\n\t<meta property=\"og:image:height\" content=\"728\" \/>\n\t<meta property=\"og:image:type\" content=\"image\/png\" \/>\n<meta name=\"twitter:card\" content=\"summary_large_image\" \/>\n<meta name=\"twitter:label1\" content=\"Gesch\u00e4tzte Lesezeit\" \/>\n\t<meta name=\"twitter:data1\" content=\"1\u00a0Minute\" \/>\n<script type=\"application\/ld+json\" class=\"yoast-schema-graph\">{\"@context\":\"https:\\\/\\\/schema.org\",\"@graph\":[{\"@type\":\"WebPage\",\"@id\":\"https:\\\/\\\/lifesupportdistribution.fr\\\/de\\\/produkt\\\/isimulate-video-kit\\\/\",\"url\":\"https:\\\/\\\/lifesupportdistribution.fr\\\/de\\\/produkt\\\/isimulate-video-kit\\\/\",\"name\":\"iSimulate Video-Kit \u2013 Aufnahme & \u00dcbertragung\",\"isPartOf\":{\"@id\":\"https:\\\/\\\/lifesupportdistribution.fr\\\/de\\\/#website\"},\"primaryImageOfPage\":{\"@id\":\"https:\\\/\\\/lifesupportdistribution.fr\\\/de\\\/produkt\\\/isimulate-video-kit\\\/#primaryimage\"},\"image\":{\"@id\":\"https:\\\/\\\/lifesupportdistribution.fr\\\/de\\\/produkt\\\/isimulate-video-kit\\\/#primaryimage\"},\"thumbnailUrl\":\"https:\\\/\\\/lifesupportdistribution.fr\\\/wp-content\\\/uploads\\\/2025\\\/12\\\/Image-produit-kit-video-isimulate-.png\",\"datePublished\":\"2025-12-30T09:39:38+00:00\",\"dateModified\":\"2026-04-28T14:29:51+00:00\",\"description\":\"iSimulate Video-Kit: iPad 256 GB, Padcaster, Weitwinkelobjektiv, Mikrofon, Stativ, Apple TV HD, HDMI, Tasche. Schnelles Angebot. Videodebriefing\",\"breadcrumb\":{\"@id\":\"https:\\\/\\\/lifesupportdistribution.fr\\\/de\\\/produkt\\\/isimulate-video-kit\\\/#breadcrumb\"},\"inLanguage\":\"de\",\"potentialAction\":[{\"@type\":\"ReadAction\",\"target\":[\"https:\\\/\\\/lifesupportdistribution.fr\\\/de\\\/produkt\\\/isimulate-video-kit\\\/\"]}]},{\"@type\":\"ImageObject\",\"inLanguage\":\"de\",\"@id\":\"https:\\\/\\\/lifesupportdistribution.fr\\\/de\\\/produkt\\\/isimulate-video-kit\\\/#primaryimage\",\"url\":\"https:\\\/\\\/lifesupportdistribution.fr\\\/wp-content\\\/uploads\\\/2025\\\/12\\\/Image-produit-kit-video-isimulate-.png\",\"contentUrl\":\"https:\\\/\\\/lifesupportdistribution.fr\\\/wp-content\\\/uploads\\\/2025\\\/12\\\/Image-produit-kit-video-isimulate-.png\",\"width\":782,\"height\":728},{\"@type\":\"BreadcrumbList\",\"@id\":\"https:\\\/\\\/lifesupportdistribution.fr\\\/de\\\/produkt\\\/isimulate-video-kit\\\/#breadcrumb\",\"itemListElement\":[{\"@type\":\"ListItem\",\"position\":1,\"name\":\"Accueil\",\"item\":\"https:\\\/\\\/lifesupportdistribution.fr\\\/de\\\/startseite\\\/\"},{\"@type\":\"ListItem\",\"position\":2,\"name\":\"Shop\",\"item\":\"https:\\\/\\\/lifesupportdistribution.fr\\\/de\\\/shop\\\/\"},{\"@type\":\"ListItem\",\"position\":3,\"name\":\"iSimulate Video-Kit\"}]},{\"@type\":\"WebSite\",\"@id\":\"https:\\\/\\\/lifesupportdistribution.fr\\\/de\\\/#website\",\"url\":\"https:\\\/\\\/lifesupportdistribution.fr\\\/de\\\/\",\"name\":\"Life Support Distribution\",\"description\":\"Solutions en simulation m\u00e9dicale\",\"publisher\":{\"@id\":\"https:\\\/\\\/lifesupportdistribution.fr\\\/de\\\/#organization\"},\"potentialAction\":[{\"@type\":\"SearchAction\",\"target\":{\"@type\":\"EntryPoint\",\"urlTemplate\":\"https:\\\/\\\/lifesupportdistribution.fr\\\/de\\\/?s={search_term_string}\"},\"query-input\":{\"@type\":\"PropertyValueSpecification\",\"valueRequired\":true,\"valueName\":\"search_term_string\"}}],\"inLanguage\":\"de\"},{\"@type\":\"Organization\",\"@id\":\"https:\\\/\\\/lifesupportdistribution.fr\\\/de\\\/#organization\",\"name\":\"Life Support Distribution\",\"url\":\"https:\\\/\\\/lifesupportdistribution.fr\\\/de\\\/\",\"logo\":{\"@type\":\"ImageObject\",\"inLanguage\":\"de\",\"@id\":\"https:\\\/\\\/lifesupportdistribution.fr\\\/de\\\/#\\\/schema\\\/logo\\\/image\\\/\",\"url\":\"https:\\\/\\\/lifesupportdistribution.fr\\\/wp-content\\\/uploads\\\/2025\\\/10\\\/logo-life-support-distribution.svg\",\"contentUrl\":\"https:\\\/\\\/lifesupportdistribution.fr\\\/wp-content\\\/uploads\\\/2025\\\/10\\\/logo-life-support-distribution.svg\",\"width\":698,\"height\":223,\"caption\":\"Life Support Distribution\"},\"image\":{\"@id\":\"https:\\\/\\\/lifesupportdistribution.fr\\\/de\\\/#\\\/schema\\\/logo\\\/image\\\/\"},\"sameAs\":[\"https:\\\/\\\/www.linkedin.com\\\/company\\\/life-support-distribution\\\/\"]}]}<\/script>\n<!-- \/ Yoast SEO plugin. -->","yoast_head_json":{"title":"iSimulate Video-Kit \u2013 Aufnahme & \u00dcbertragung","description":"iSimulate Video-Kit: iPad 256 GB, Padcaster, Weitwinkelobjektiv, Mikrofon, Stativ, Apple TV HD, HDMI, Tasche. Schnelles Angebot. Videodebriefing","robots":{"index":"index","follow":"follow","max-snippet":"max-snippet:-1","max-image-preview":"max-image-preview:large","max-video-preview":"max-video-preview:-1"},"canonical":"https:\/\/lifesupportdistribution.fr\/de\/produkt\/isimulate-video-kit\/","og_locale":"de_DE","og_type":"article","og_title":"iSimulate Video-Kit \u2013 Aufnahme & \u00dcbertragung","og_description":"iSimulate Video-Kit: iPad 256 GB, Padcaster, Weitwinkelobjektiv, Mikrofon, Stativ, Apple TV HD, HDMI, Tasche. Schnelles Angebot. Videodebriefing","og_url":"https:\/\/lifesupportdistribution.fr\/de\/produkt\/isimulate-video-kit\/","og_site_name":"Life Support Distribution","article_modified_time":"2026-04-28T14:29:51+00:00","og_image":[{"width":782,"height":728,"url":"https:\/\/lifesupportdistribution.fr\/wp-content\/uploads\/2025\/12\/Image-produit-kit-video-isimulate-.png","type":"image\/png"}],"twitter_card":"summary_large_image","twitter_misc":{"Gesch\u00e4tzte Lesezeit":"1\u00a0Minute"},"schema":{"@context":"https:\/\/schema.org","@graph":[{"@type":"WebPage","@id":"https:\/\/lifesupportdistribution.fr\/de\/produkt\/isimulate-video-kit\/","url":"https:\/\/lifesupportdistribution.fr\/de\/produkt\/isimulate-video-kit\/","name":"iSimulate Video-Kit \u2013 Aufnahme & \u00dcbertragung","isPartOf":{"@id":"https:\/\/lifesupportdistribution.fr\/de\/#website"},"primaryImageOfPage":{"@id":"https:\/\/lifesupportdistribution.fr\/de\/produkt\/isimulate-video-kit\/#primaryimage"},"image":{"@id":"https:\/\/lifesupportdistribution.fr\/de\/produkt\/isimulate-video-kit\/#primaryimage"},"thumbnailUrl":"https:\/\/lifesupportdistribution.fr\/wp-content\/uploads\/2025\/12\/Image-produit-kit-video-isimulate-.png","datePublished":"2025-12-30T09:39:38+00:00","dateModified":"2026-04-28T14:29:51+00:00","description":"iSimulate Video-Kit: iPad 256 GB, Padcaster, Weitwinkelobjektiv, Mikrofon, Stativ, Apple TV HD, HDMI, Tasche. Schnelles Angebot. Videodebriefing","breadcrumb":{"@id":"https:\/\/lifesupportdistribution.fr\/de\/produkt\/isimulate-video-kit\/#breadcrumb"},"inLanguage":"de","potentialAction":[{"@type":"ReadAction","target":["https:\/\/lifesupportdistribution.fr\/de\/produkt\/isimulate-video-kit\/"]}]},{"@type":"ImageObject","inLanguage":"de","@id":"https:\/\/lifesupportdistribution.fr\/de\/produkt\/isimulate-video-kit\/#primaryimage","url":"https:\/\/lifesupportdistribution.fr\/wp-content\/uploads\/2025\/12\/Image-produit-kit-video-isimulate-.png","contentUrl":"https:\/\/lifesupportdistribution.fr\/wp-content\/uploads\/2025\/12\/Image-produit-kit-video-isimulate-.png","width":782,"height":728},{"@type":"BreadcrumbList","@id":"https:\/\/lifesupportdistribution.fr\/de\/produkt\/isimulate-video-kit\/#breadcrumb","itemListElement":[{"@type":"ListItem","position":1,"name":"Accueil","item":"https:\/\/lifesupportdistribution.fr\/de\/startseite\/"},{"@type":"ListItem","position":2,"name":"Shop","item":"https:\/\/lifesupportdistribution.fr\/de\/shop\/"},{"@type":"ListItem","position":3,"name":"iSimulate Video-Kit"}]},{"@type":"WebSite","@id":"https:\/\/lifesupportdistribution.fr\/de\/#website","url":"https:\/\/lifesupportdistribution.fr\/de\/","name":"Life Support Distribution","description":"Solutions en simulation m\u00e9dicale","publisher":{"@id":"https:\/\/lifesupportdistribution.fr\/de\/#organization"},"potentialAction":[{"@type":"SearchAction","target":{"@type":"EntryPoint","urlTemplate":"https:\/\/lifesupportdistribution.fr\/de\/?s={search_term_string}"},"query-input":{"@type":"PropertyValueSpecification","valueRequired":true,"valueName":"search_term_string"}}],"inLanguage":"de"},{"@type":"Organization","@id":"https:\/\/lifesupportdistribution.fr\/de\/#organization","name":"Life Support Distribution","url":"https:\/\/lifesupportdistribution.fr\/de\/","logo":{"@type":"ImageObject","inLanguage":"de","@id":"https:\/\/lifesupportdistribution.fr\/de\/#\/schema\/logo\/image\/","url":"https:\/\/lifesupportdistribution.fr\/wp-content\/uploads\/2025\/10\/logo-life-support-distribution.svg","contentUrl":"https:\/\/lifesupportdistribution.fr\/wp-content\/uploads\/2025\/10\/logo-life-support-distribution.svg","width":698,"height":223,"caption":"Life Support Distribution"},"image":{"@id":"https:\/\/lifesupportdistribution.fr\/de\/#\/schema\/logo\/image\/"},"sameAs":["https:\/\/www.linkedin.com\/company\/life-support-distribution\/"]}]}},"_links":{"self":[{"href":"https:\/\/lifesupportdistribution.fr\/de\/wp-json\/wp\/v2\/product\/6511","targetHints":{"allow":["GET"]}}],"collection":[{"href":"https:\/\/lifesupportdistribution.fr\/de\/wp-json\/wp\/v2\/product"}],"about":[{"href":"https:\/\/lifesupportdistribution.fr\/de\/wp-json\/wp\/v2\/types\/product"}],"wp:featuredmedia":[{"embeddable":true,"href":"https:\/\/lifesupportdistribution.fr\/de\/wp-json\/wp\/v2\/media\/6512"}],"wp:attachment":[{"href":"https:\/\/lifesupportdistribution.fr\/de\/wp-json\/wp\/v2\/media?parent=6511"}],"wp:term":[{"taxonomy":"product_brand","embeddable":true,"href":"https:\/\/lifesupportdistribution.fr\/de\/wp-json\/wp\/v2\/product_brand?post=6511"},{"taxonomy":"product_cat","embeddable":true,"href":"https:\/\/lifesupportdistribution.fr\/de\/wp-json\/wp\/v2\/product_cat?post=6511"},{"taxonomy":"product_tag","embeddable":true,"href":"https:\/\/lifesupportdistribution.fr\/de\/wp-json\/wp\/v2\/product_tag?post=6511"}],"curies":[{"name":"wp","href":"https:\/\/api.w.org\/{rel}","templated":true}]}}