{"id":6542,"date":"2026-01-03T14:45:07","date_gmt":"2026-01-03T13:45:07","guid":{"rendered":"https:\/\/lifesupportdistribution.fr\/?post_type=product&#038;p=6542"},"modified":"2026-04-28T15:55:52","modified_gmt":"2026-04-28T14:55:52","slug":"einlaufsimulator-copie","status":"publish","type":"product","link":"https:\/\/lifesupportdistribution.fr\/de\/produkt\/einlaufsimulator-copie\/","title":{"rendered":"Port-a-Cath\u00ae-Punktionssimulator"},"content":{"rendered":"<p>Der Port-a-Cath\u00ae-Punktionssimulator BT-CSIP von BT Inc. ist ein Trainingssimulator f\u00fcr das Setzen und Entfernen der Huber-Nadel an einer Implantatkammer (Chemoport). Er ist f\u00fcr ein schrittweises, praxisnahes und autonomes Lernen konzipiert und erm\u00f6glicht es Lernenden, die wesentlichen technischen Handgriffe zu beherrschen und dabei die geltenden Pflegeprotokolle einzuhalten:  <\/p>\n<ul>\n<li>Umfassendes Training der Schl\u00fcsselschritte: Einf\u00fchren und Entfernen der Nadel, Sp\u00fclung (Flushing) und Kontrolle des Blutreflux.<\/li>\n<li>Unmittelbares didaktisches Feedback dank Erkennung der vom Lernenden ausgef\u00fchrten Handlungen.<\/li>\n<li>Realistische Simulation des Blutreflux, die das Verst\u00e4ndnis und die sichere Durchf\u00fchrung des Handgriffs st\u00e4rkt.<\/li>\n<li>Selbstbewertung \u00fcber eine spezielle Software, mit Leistungsnachverfolgung und Export der Ergebnisse im Excel-Format.<\/li>\n<li>Von Ausbildern anpassbare Lerninhalte: Erstellung oder Anpassung von Sessions mit Videos, Bildern, Quiz und Checklisten, um die Schulung an die Lernziele jeder Einrichtung anzupassen.<\/li>\n<\/ul>\n<p>Dieser Simulator richtet sich vor allem an Pflegestudierende und Pflegefachpersonen, an Onkologie-Teams, an Chemotherapie- und Tagesklinikbereiche sowie an jede Einrichtung, die die sichere Handhabung von Implantatkammern in einem strukturierten und sicheren didaktischen Rahmen schulen m\u00f6chte.<\/p>\n","protected":false},"excerpt":{"rendered":"<p>Implantatkammer-Simulator f\u00fcr das autonome Training zur Anlage einer Huber-Nadel, zum Flushing und zur Kontrolle des Blutreflux.<\/p>\n","protected":false},"featured_media":6546,"template":"","meta":[],"product_brand":[189],"product_cat":[222],"product_tag":[249,251,234],"class_list":{"0":"post-6542","1":"product","2":"type-product","3":"status-publish","4":"has-post-thumbnail","6":"product_brand-bt-inc","7":"product_cat-simulatoren-fur-medizinische-versorgung","8":"product_tag-innere-medizin","9":"product_tag-krankenpflege","10":"product_tag-onkologie","12":"first","13":"instock","14":"shipping-taxable","15":"purchasable","16":"product-type-simple"},"yoast_head":"<!-- This site is optimized with the Yoast SEO plugin v27.5 - https:\/\/yoast.com\/product\/yoast-seo-wordpress\/ -->\n<title>BT-CSIP \u2013 Port-a-Cath-Punktionssimulator<\/title>\n<meta name=\"description\" content=\"BT-CSIP-Implantatkammer-Simulator zur Schulung in der Anlage einer Huber-Nadel, Sp\u00fclung (Flushing) und Blutreflux. Realistisches und interaktives Lehrmittel.\" \/>\n<meta name=\"robots\" content=\"index, follow, max-snippet:-1, max-image-preview:large, max-video-preview:-1\" \/>\n<link rel=\"canonical\" href=\"https:\/\/lifesupportdistribution.fr\/de\/produkt\/einlaufsimulator-copie\/\" \/>\n<meta property=\"og:locale\" content=\"de_DE\" \/>\n<meta property=\"og:type\" content=\"article\" \/>\n<meta property=\"og:title\" content=\"BT-CSIP \u2013 Port-a-Cath-Punktionssimulator\" \/>\n<meta property=\"og:description\" content=\"BT-CSIP-Implantatkammer-Simulator zur Schulung in der Anlage einer Huber-Nadel, Sp\u00fclung (Flushing) und Blutreflux. Realistisches und interaktives Lehrmittel.\" \/>\n<meta property=\"og:url\" content=\"https:\/\/lifesupportdistribution.fr\/de\/produkt\/einlaufsimulator-copie\/\" \/>\n<meta property=\"og:site_name\" content=\"Life Support Distribution\" \/>\n<meta property=\"article:modified_time\" content=\"2026-04-28T14:55:52+00:00\" \/>\n<meta property=\"og:image\" content=\"https:\/\/lifesupportdistribution.fr\/wp-content\/uploads\/2026\/01\/csip_img-956x1024.png\" \/>\n\t<meta property=\"og:image:width\" content=\"956\" \/>\n\t<meta property=\"og:image:height\" content=\"1024\" \/>\n\t<meta property=\"og:image:type\" content=\"image\/png\" \/>\n<meta name=\"twitter:card\" content=\"summary_large_image\" \/>\n<meta name=\"twitter:label1\" content=\"Gesch\u00e4tzte Lesezeit\" \/>\n\t<meta name=\"twitter:data1\" content=\"1\u00a0Minute\" \/>\n<script type=\"application\/ld+json\" class=\"yoast-schema-graph\">{\"@context\":\"https:\\\/\\\/schema.org\",\"@graph\":[{\"@type\":\"WebPage\",\"@id\":\"https:\\\/\\\/lifesupportdistribution.fr\\\/de\\\/produkt\\\/einlaufsimulator-copie\\\/\",\"url\":\"https:\\\/\\\/lifesupportdistribution.fr\\\/de\\\/produkt\\\/einlaufsimulator-copie\\\/\",\"name\":\"BT-CSIP \u2013 Port-a-Cath-Punktionssimulator\",\"isPartOf\":{\"@id\":\"https:\\\/\\\/lifesupportdistribution.fr\\\/de\\\/#website\"},\"primaryImageOfPage\":{\"@id\":\"https:\\\/\\\/lifesupportdistribution.fr\\\/de\\\/produkt\\\/einlaufsimulator-copie\\\/#primaryimage\"},\"image\":{\"@id\":\"https:\\\/\\\/lifesupportdistribution.fr\\\/de\\\/produkt\\\/einlaufsimulator-copie\\\/#primaryimage\"},\"thumbnailUrl\":\"https:\\\/\\\/lifesupportdistribution.fr\\\/wp-content\\\/uploads\\\/2026\\\/01\\\/csip_img-scaled.png\",\"datePublished\":\"2026-01-03T13:45:07+00:00\",\"dateModified\":\"2026-04-28T14:55:52+00:00\",\"description\":\"BT-CSIP-Implantatkammer-Simulator zur Schulung in der Anlage einer Huber-Nadel, Sp\u00fclung (Flushing) und Blutreflux. Realistisches und interaktives Lehrmittel.\",\"breadcrumb\":{\"@id\":\"https:\\\/\\\/lifesupportdistribution.fr\\\/de\\\/produkt\\\/einlaufsimulator-copie\\\/#breadcrumb\"},\"inLanguage\":\"de\",\"potentialAction\":[{\"@type\":\"ReadAction\",\"target\":[\"https:\\\/\\\/lifesupportdistribution.fr\\\/de\\\/produkt\\\/einlaufsimulator-copie\\\/\"]}]},{\"@type\":\"ImageObject\",\"inLanguage\":\"de\",\"@id\":\"https:\\\/\\\/lifesupportdistribution.fr\\\/de\\\/produkt\\\/einlaufsimulator-copie\\\/#primaryimage\",\"url\":\"https:\\\/\\\/lifesupportdistribution.fr\\\/wp-content\\\/uploads\\\/2026\\\/01\\\/csip_img-scaled.png\",\"contentUrl\":\"https:\\\/\\\/lifesupportdistribution.fr\\\/wp-content\\\/uploads\\\/2026\\\/01\\\/csip_img-scaled.png\",\"width\":2390,\"height\":2560},{\"@type\":\"BreadcrumbList\",\"@id\":\"https:\\\/\\\/lifesupportdistribution.fr\\\/de\\\/produkt\\\/einlaufsimulator-copie\\\/#breadcrumb\",\"itemListElement\":[{\"@type\":\"ListItem\",\"position\":1,\"name\":\"Accueil\",\"item\":\"https:\\\/\\\/lifesupportdistribution.fr\\\/de\\\/startseite\\\/\"},{\"@type\":\"ListItem\",\"position\":2,\"name\":\"Shop\",\"item\":\"https:\\\/\\\/lifesupportdistribution.fr\\\/de\\\/shop\\\/\"},{\"@type\":\"ListItem\",\"position\":3,\"name\":\"Port-a-Cath\u00ae-Punktionssimulator\"}]},{\"@type\":\"WebSite\",\"@id\":\"https:\\\/\\\/lifesupportdistribution.fr\\\/de\\\/#website\",\"url\":\"https:\\\/\\\/lifesupportdistribution.fr\\\/de\\\/\",\"name\":\"Life Support Distribution\",\"description\":\"Solutions en simulation m\u00e9dicale\",\"publisher\":{\"@id\":\"https:\\\/\\\/lifesupportdistribution.fr\\\/de\\\/#organization\"},\"potentialAction\":[{\"@type\":\"SearchAction\",\"target\":{\"@type\":\"EntryPoint\",\"urlTemplate\":\"https:\\\/\\\/lifesupportdistribution.fr\\\/de\\\/?s={search_term_string}\"},\"query-input\":{\"@type\":\"PropertyValueSpecification\",\"valueRequired\":true,\"valueName\":\"search_term_string\"}}],\"inLanguage\":\"de\"},{\"@type\":\"Organization\",\"@id\":\"https:\\\/\\\/lifesupportdistribution.fr\\\/de\\\/#organization\",\"name\":\"Life Support Distribution\",\"url\":\"https:\\\/\\\/lifesupportdistribution.fr\\\/de\\\/\",\"logo\":{\"@type\":\"ImageObject\",\"inLanguage\":\"de\",\"@id\":\"https:\\\/\\\/lifesupportdistribution.fr\\\/de\\\/#\\\/schema\\\/logo\\\/image\\\/\",\"url\":\"https:\\\/\\\/lifesupportdistribution.fr\\\/wp-content\\\/uploads\\\/2025\\\/10\\\/logo-life-support-distribution.svg\",\"contentUrl\":\"https:\\\/\\\/lifesupportdistribution.fr\\\/wp-content\\\/uploads\\\/2025\\\/10\\\/logo-life-support-distribution.svg\",\"width\":698,\"height\":223,\"caption\":\"Life Support Distribution\"},\"image\":{\"@id\":\"https:\\\/\\\/lifesupportdistribution.fr\\\/de\\\/#\\\/schema\\\/logo\\\/image\\\/\"},\"sameAs\":[\"https:\\\/\\\/www.linkedin.com\\\/company\\\/life-support-distribution\\\/\"]}]}<\/script>\n<!-- \/ Yoast SEO plugin. -->","yoast_head_json":{"title":"BT-CSIP \u2013 Port-a-Cath-Punktionssimulator","description":"BT-CSIP-Implantatkammer-Simulator zur Schulung in der Anlage einer Huber-Nadel, Sp\u00fclung (Flushing) und Blutreflux. Realistisches und interaktives Lehrmittel.","robots":{"index":"index","follow":"follow","max-snippet":"max-snippet:-1","max-image-preview":"max-image-preview:large","max-video-preview":"max-video-preview:-1"},"canonical":"https:\/\/lifesupportdistribution.fr\/de\/produkt\/einlaufsimulator-copie\/","og_locale":"de_DE","og_type":"article","og_title":"BT-CSIP \u2013 Port-a-Cath-Punktionssimulator","og_description":"BT-CSIP-Implantatkammer-Simulator zur Schulung in der Anlage einer Huber-Nadel, Sp\u00fclung (Flushing) und Blutreflux. Realistisches und interaktives Lehrmittel.","og_url":"https:\/\/lifesupportdistribution.fr\/de\/produkt\/einlaufsimulator-copie\/","og_site_name":"Life Support Distribution","article_modified_time":"2026-04-28T14:55:52+00:00","og_image":[{"width":956,"height":1024,"url":"https:\/\/lifesupportdistribution.fr\/wp-content\/uploads\/2026\/01\/csip_img-956x1024.png","type":"image\/png"}],"twitter_card":"summary_large_image","twitter_misc":{"Gesch\u00e4tzte Lesezeit":"1\u00a0Minute"},"schema":{"@context":"https:\/\/schema.org","@graph":[{"@type":"WebPage","@id":"https:\/\/lifesupportdistribution.fr\/de\/produkt\/einlaufsimulator-copie\/","url":"https:\/\/lifesupportdistribution.fr\/de\/produkt\/einlaufsimulator-copie\/","name":"BT-CSIP \u2013 Port-a-Cath-Punktionssimulator","isPartOf":{"@id":"https:\/\/lifesupportdistribution.fr\/de\/#website"},"primaryImageOfPage":{"@id":"https:\/\/lifesupportdistribution.fr\/de\/produkt\/einlaufsimulator-copie\/#primaryimage"},"image":{"@id":"https:\/\/lifesupportdistribution.fr\/de\/produkt\/einlaufsimulator-copie\/#primaryimage"},"thumbnailUrl":"https:\/\/lifesupportdistribution.fr\/wp-content\/uploads\/2026\/01\/csip_img-scaled.png","datePublished":"2026-01-03T13:45:07+00:00","dateModified":"2026-04-28T14:55:52+00:00","description":"BT-CSIP-Implantatkammer-Simulator zur Schulung in der Anlage einer Huber-Nadel, Sp\u00fclung (Flushing) und Blutreflux. Realistisches und interaktives Lehrmittel.","breadcrumb":{"@id":"https:\/\/lifesupportdistribution.fr\/de\/produkt\/einlaufsimulator-copie\/#breadcrumb"},"inLanguage":"de","potentialAction":[{"@type":"ReadAction","target":["https:\/\/lifesupportdistribution.fr\/de\/produkt\/einlaufsimulator-copie\/"]}]},{"@type":"ImageObject","inLanguage":"de","@id":"https:\/\/lifesupportdistribution.fr\/de\/produkt\/einlaufsimulator-copie\/#primaryimage","url":"https:\/\/lifesupportdistribution.fr\/wp-content\/uploads\/2026\/01\/csip_img-scaled.png","contentUrl":"https:\/\/lifesupportdistribution.fr\/wp-content\/uploads\/2026\/01\/csip_img-scaled.png","width":2390,"height":2560},{"@type":"BreadcrumbList","@id":"https:\/\/lifesupportdistribution.fr\/de\/produkt\/einlaufsimulator-copie\/#breadcrumb","itemListElement":[{"@type":"ListItem","position":1,"name":"Accueil","item":"https:\/\/lifesupportdistribution.fr\/de\/startseite\/"},{"@type":"ListItem","position":2,"name":"Shop","item":"https:\/\/lifesupportdistribution.fr\/de\/shop\/"},{"@type":"ListItem","position":3,"name":"Port-a-Cath\u00ae-Punktionssimulator"}]},{"@type":"WebSite","@id":"https:\/\/lifesupportdistribution.fr\/de\/#website","url":"https:\/\/lifesupportdistribution.fr\/de\/","name":"Life Support Distribution","description":"Solutions en simulation m\u00e9dicale","publisher":{"@id":"https:\/\/lifesupportdistribution.fr\/de\/#organization"},"potentialAction":[{"@type":"SearchAction","target":{"@type":"EntryPoint","urlTemplate":"https:\/\/lifesupportdistribution.fr\/de\/?s={search_term_string}"},"query-input":{"@type":"PropertyValueSpecification","valueRequired":true,"valueName":"search_term_string"}}],"inLanguage":"de"},{"@type":"Organization","@id":"https:\/\/lifesupportdistribution.fr\/de\/#organization","name":"Life Support Distribution","url":"https:\/\/lifesupportdistribution.fr\/de\/","logo":{"@type":"ImageObject","inLanguage":"de","@id":"https:\/\/lifesupportdistribution.fr\/de\/#\/schema\/logo\/image\/","url":"https:\/\/lifesupportdistribution.fr\/wp-content\/uploads\/2025\/10\/logo-life-support-distribution.svg","contentUrl":"https:\/\/lifesupportdistribution.fr\/wp-content\/uploads\/2025\/10\/logo-life-support-distribution.svg","width":698,"height":223,"caption":"Life Support Distribution"},"image":{"@id":"https:\/\/lifesupportdistribution.fr\/de\/#\/schema\/logo\/image\/"},"sameAs":["https:\/\/www.linkedin.com\/company\/life-support-distribution\/"]}]}},"_links":{"self":[{"href":"https:\/\/lifesupportdistribution.fr\/de\/wp-json\/wp\/v2\/product\/6542","targetHints":{"allow":["GET"]}}],"collection":[{"href":"https:\/\/lifesupportdistribution.fr\/de\/wp-json\/wp\/v2\/product"}],"about":[{"href":"https:\/\/lifesupportdistribution.fr\/de\/wp-json\/wp\/v2\/types\/product"}],"wp:featuredmedia":[{"embeddable":true,"href":"https:\/\/lifesupportdistribution.fr\/de\/wp-json\/wp\/v2\/media\/6546"}],"wp:attachment":[{"href":"https:\/\/lifesupportdistribution.fr\/de\/wp-json\/wp\/v2\/media?parent=6542"}],"wp:term":[{"taxonomy":"product_brand","embeddable":true,"href":"https:\/\/lifesupportdistribution.fr\/de\/wp-json\/wp\/v2\/product_brand?post=6542"},{"taxonomy":"product_cat","embeddable":true,"href":"https:\/\/lifesupportdistribution.fr\/de\/wp-json\/wp\/v2\/product_cat?post=6542"},{"taxonomy":"product_tag","embeddable":true,"href":"https:\/\/lifesupportdistribution.fr\/de\/wp-json\/wp\/v2\/product_tag?post=6542"}],"curies":[{"name":"wp","href":"https:\/\/api.w.org\/{rel}","templated":true}]}}