{"id":7114,"date":"2026-03-25T18:28:35","date_gmt":"2026-03-25T17:28:35","guid":{"rendered":"https:\/\/lifesupportdistribution.fr\/produits\/simvox-patientenkommunikationssimulator-pcs\/"},"modified":"2026-03-25T18:28:35","modified_gmt":"2026-03-25T17:28:35","slug":"simvox-patientenkommunikationssimulator-pcs","status":"publish","type":"product","link":"https:\/\/lifesupportdistribution.fr\/de\/produkt\/simvox-patientenkommunikationssimulator-pcs\/","title":{"rendered":"SimVox \u2013 Patientenkommunikationssimulator \u2013 PCS"},"content":{"rendered":"<p><strong>SimVox ist ein Patientenkommunikationssystem, das entwickelt wurde, um die medizinische Simulation zu bereichern,<\/strong> indem es eine oft untersch\u00e4tzte wesentliche Dimension integriert: die menschliche Interaktion.<\/p>\n<p>Dank dieses Ger\u00e4ts <strong>kann ein Ausbilder oder Schauspieler in Echtzeit \u00fcber das Mannequin sprechen,<\/strong> wodurch die Lernenden ihre Kommunikations-, Diagnose- und Entscheidungsfindungsf\u00e4higkeiten entwickeln k\u00f6nnen.<\/p>\n<p>Das System ist <strong>einfach einzurichten und mit den meisten Mannequins auf dem Markt kompatibel.<\/strong> Es kann in verschiedenen Szenarien eingesetzt werden: Notf\u00e4lle, Krankenpflege, Konsultationen, interprofessionelle Simulation oder Training in therapeutischer Kommunikation.<\/p>\n<p>SimVox erm\u00f6glicht es somit, nicht nur <strong>technische F\u00e4higkeiten, sondern auch nicht-technische F\u00e4higkeiten<\/strong> (Soft Skills) zu trainieren, die in der klinischen Praxis unerl\u00e4sslich sind.<\/p>\n","protected":false},"excerpt":{"rendered":"<p>Das SimVox von PCS ist eine <strong>innovative L\u00f6sung, die es erm\u00f6glicht, Ihren Simulationsmannequins eine realistische Sprachkommunikation hinzuzuf\u00fcgen.<\/strong> Es verwandelt Ihre Szenarien in immersive Erlebnisse, indem es den Lernenden erm\u00f6glicht, direkt mit einem \u201ePatienten\u201c zu interagieren. <\/p>\n","protected":false},"featured_media":6962,"template":"","meta":[],"product_brand":[269],"product_cat":[222,87],"product_tag":[230,245,251,236],"class_list":{"0":"post-7114","1":"product","2":"type-product","3":"status-publish","4":"has-post-thumbnail","6":"product_brand-pcs-ai","7":"product_cat-simulatoren-fur-medizinische-versorgung","8":"product_cat-nicht-kategorisiert","9":"product_tag-allgemeinmedizin","10":"product_tag-intensivpflege","11":"product_tag-krankenpflege","12":"product_tag-notfallmedizin","14":"first","15":"instock","16":"shipping-taxable","17":"purchasable","18":"product-type-simple"},"yoast_head":"<!-- This site is optimized with the Yoast SEO plugin v26.8 - https:\/\/yoast.com\/product\/yoast-seo-wordpress\/ -->\n<title>SimVox PCS \u2013 Kommunikationssimulator f\u00fcr Mannequins<\/title>\n<meta name=\"description\" content=\"SimVox PCS: Patientenkommunikationsl\u00f6sung f\u00fcr Mannequins mit Basic-, Pro- und Wireless-Versionen f\u00fcr eine immersivere Simulation.\" \/>\n<meta name=\"robots\" content=\"index, follow, max-snippet:-1, max-image-preview:large, max-video-preview:-1\" \/>\n<link rel=\"canonical\" href=\"https:\/\/lifesupportdistribution.fr\/de\/produkt\/simvox-patientenkommunikationssimulator-pcs\/\" \/>\n<meta property=\"og:locale\" content=\"de_DE\" \/>\n<meta property=\"og:type\" content=\"article\" \/>\n<meta property=\"og:title\" content=\"SimVox PCS \u2013 Kommunikationssimulator f\u00fcr Mannequins\" \/>\n<meta property=\"og:description\" content=\"SimVox PCS: Patientenkommunikationsl\u00f6sung f\u00fcr Mannequins mit Basic-, Pro- und Wireless-Versionen f\u00fcr eine immersivere Simulation.\" \/>\n<meta property=\"og:url\" content=\"https:\/\/lifesupportdistribution.fr\/de\/produkt\/simvox-patientenkommunikationssimulator-pcs\/\" \/>\n<meta property=\"og:site_name\" content=\"Life Support Distribution\" \/>\n<meta property=\"og:image\" content=\"https:\/\/lifesupportdistribution.fr\/wp-content\/uploads\/2026\/03\/Image-simvoice-1.png\" \/>\n\t<meta property=\"og:image:width\" content=\"1126\" \/>\n\t<meta property=\"og:image:height\" content=\"680\" \/>\n\t<meta property=\"og:image:type\" content=\"image\/png\" \/>\n<meta name=\"twitter:card\" content=\"summary_large_image\" \/>\n<meta name=\"twitter:label1\" content=\"Gesch\u00e4tzte Lesezeit\" \/>\n\t<meta name=\"twitter:data1\" content=\"1\u00a0Minute\" \/>\n<script type=\"application\/ld+json\" class=\"yoast-schema-graph\">{\"@context\":\"https:\/\/schema.org\",\"@graph\":[{\"@type\":\"WebPage\",\"@id\":\"https:\/\/lifesupportdistribution.fr\/de\/produkt\/simvox-patientenkommunikationssimulator-pcs\/\",\"url\":\"https:\/\/lifesupportdistribution.fr\/de\/produkt\/simvox-patientenkommunikationssimulator-pcs\/\",\"name\":\"SimVox PCS \u2013 Kommunikationssimulator f\u00fcr Mannequins\",\"isPartOf\":{\"@id\":\"https:\/\/lifesupportdistribution.fr\/de\/#website\"},\"primaryImageOfPage\":{\"@id\":\"https:\/\/lifesupportdistribution.fr\/de\/produkt\/simvox-patientenkommunikationssimulator-pcs\/#primaryimage\"},\"image\":{\"@id\":\"https:\/\/lifesupportdistribution.fr\/de\/produkt\/simvox-patientenkommunikationssimulator-pcs\/#primaryimage\"},\"thumbnailUrl\":\"https:\/\/lifesupportdistribution.fr\/wp-content\/uploads\/2026\/03\/Image-simvoice-1.png\",\"datePublished\":\"2026-03-25T17:28:35+00:00\",\"description\":\"SimVox PCS: Patientenkommunikationsl\u00f6sung f\u00fcr Mannequins mit Basic-, Pro- und Wireless-Versionen f\u00fcr eine immersivere Simulation.\",\"breadcrumb\":{\"@id\":\"https:\/\/lifesupportdistribution.fr\/de\/produkt\/simvox-patientenkommunikationssimulator-pcs\/#breadcrumb\"},\"inLanguage\":\"de\",\"potentialAction\":[{\"@type\":\"ReadAction\",\"target\":[\"https:\/\/lifesupportdistribution.fr\/de\/produkt\/simvox-patientenkommunikationssimulator-pcs\/\"]}]},{\"@type\":\"ImageObject\",\"inLanguage\":\"de\",\"@id\":\"https:\/\/lifesupportdistribution.fr\/de\/produkt\/simvox-patientenkommunikationssimulator-pcs\/#primaryimage\",\"url\":\"https:\/\/lifesupportdistribution.fr\/wp-content\/uploads\/2026\/03\/Image-simvoice-1.png\",\"contentUrl\":\"https:\/\/lifesupportdistribution.fr\/wp-content\/uploads\/2026\/03\/Image-simvoice-1.png\",\"width\":1126,\"height\":680},{\"@type\":\"BreadcrumbList\",\"@id\":\"https:\/\/lifesupportdistribution.fr\/de\/produkt\/simvox-patientenkommunikationssimulator-pcs\/#breadcrumb\",\"itemListElement\":[{\"@type\":\"ListItem\",\"position\":1,\"name\":\"Accueil\",\"item\":\"https:\/\/lifesupportdistribution.fr\/de\/startseite\/\"},{\"@type\":\"ListItem\",\"position\":2,\"name\":\"Shop\",\"item\":\"https:\/\/lifesupportdistribution.fr\/de\/shop\/\"},{\"@type\":\"ListItem\",\"position\":3,\"name\":\"SimVox \u2013 Patientenkommunikationssimulator \u2013 PCS\"}]},{\"@type\":\"WebSite\",\"@id\":\"https:\/\/lifesupportdistribution.fr\/de\/#website\",\"url\":\"https:\/\/lifesupportdistribution.fr\/de\/\",\"name\":\"Life Support Distribution\",\"description\":\"Solutions en simulation m\u00e9dicale\",\"publisher\":{\"@id\":\"https:\/\/lifesupportdistribution.fr\/de\/#organization\"},\"potentialAction\":[{\"@type\":\"SearchAction\",\"target\":{\"@type\":\"EntryPoint\",\"urlTemplate\":\"https:\/\/lifesupportdistribution.fr\/de\/?s={search_term_string}\"},\"query-input\":{\"@type\":\"PropertyValueSpecification\",\"valueRequired\":true,\"valueName\":\"search_term_string\"}}],\"inLanguage\":\"de\"},{\"@type\":\"Organization\",\"@id\":\"https:\/\/lifesupportdistribution.fr\/de\/#organization\",\"name\":\"Life Support Distribution\",\"url\":\"https:\/\/lifesupportdistribution.fr\/de\/\",\"logo\":{\"@type\":\"ImageObject\",\"inLanguage\":\"de\",\"@id\":\"https:\/\/lifesupportdistribution.fr\/de\/#\/schema\/logo\/image\/\",\"url\":\"https:\/\/lifesupportdistribution.fr\/wp-content\/uploads\/2025\/10\/logo-life-support-distribution.svg\",\"contentUrl\":\"https:\/\/lifesupportdistribution.fr\/wp-content\/uploads\/2025\/10\/logo-life-support-distribution.svg\",\"width\":698,\"height\":223,\"caption\":\"Life Support Distribution\"},\"image\":{\"@id\":\"https:\/\/lifesupportdistribution.fr\/de\/#\/schema\/logo\/image\/\"},\"sameAs\":[\"https:\/\/www.linkedin.com\/company\/life-support-distribution\/\"]}]}<\/script>\n<!-- \/ Yoast SEO plugin. -->","yoast_head_json":{"title":"SimVox PCS \u2013 Kommunikationssimulator f\u00fcr Mannequins","description":"SimVox PCS: Patientenkommunikationsl\u00f6sung f\u00fcr Mannequins mit Basic-, Pro- und Wireless-Versionen f\u00fcr eine immersivere Simulation.","robots":{"index":"index","follow":"follow","max-snippet":"max-snippet:-1","max-image-preview":"max-image-preview:large","max-video-preview":"max-video-preview:-1"},"canonical":"https:\/\/lifesupportdistribution.fr\/de\/produkt\/simvox-patientenkommunikationssimulator-pcs\/","og_locale":"de_DE","og_type":"article","og_title":"SimVox PCS \u2013 Kommunikationssimulator f\u00fcr Mannequins","og_description":"SimVox PCS: Patientenkommunikationsl\u00f6sung f\u00fcr Mannequins mit Basic-, Pro- und Wireless-Versionen f\u00fcr eine immersivere Simulation.","og_url":"https:\/\/lifesupportdistribution.fr\/de\/produkt\/simvox-patientenkommunikationssimulator-pcs\/","og_site_name":"Life Support Distribution","og_image":[{"width":1126,"height":680,"url":"https:\/\/lifesupportdistribution.fr\/wp-content\/uploads\/2026\/03\/Image-simvoice-1.png","type":"image\/png"}],"twitter_card":"summary_large_image","twitter_misc":{"Gesch\u00e4tzte Lesezeit":"1\u00a0Minute"},"schema":{"@context":"https:\/\/schema.org","@graph":[{"@type":"WebPage","@id":"https:\/\/lifesupportdistribution.fr\/de\/produkt\/simvox-patientenkommunikationssimulator-pcs\/","url":"https:\/\/lifesupportdistribution.fr\/de\/produkt\/simvox-patientenkommunikationssimulator-pcs\/","name":"SimVox PCS \u2013 Kommunikationssimulator f\u00fcr Mannequins","isPartOf":{"@id":"https:\/\/lifesupportdistribution.fr\/de\/#website"},"primaryImageOfPage":{"@id":"https:\/\/lifesupportdistribution.fr\/de\/produkt\/simvox-patientenkommunikationssimulator-pcs\/#primaryimage"},"image":{"@id":"https:\/\/lifesupportdistribution.fr\/de\/produkt\/simvox-patientenkommunikationssimulator-pcs\/#primaryimage"},"thumbnailUrl":"https:\/\/lifesupportdistribution.fr\/wp-content\/uploads\/2026\/03\/Image-simvoice-1.png","datePublished":"2026-03-25T17:28:35+00:00","description":"SimVox PCS: Patientenkommunikationsl\u00f6sung f\u00fcr Mannequins mit Basic-, Pro- und Wireless-Versionen f\u00fcr eine immersivere Simulation.","breadcrumb":{"@id":"https:\/\/lifesupportdistribution.fr\/de\/produkt\/simvox-patientenkommunikationssimulator-pcs\/#breadcrumb"},"inLanguage":"de","potentialAction":[{"@type":"ReadAction","target":["https:\/\/lifesupportdistribution.fr\/de\/produkt\/simvox-patientenkommunikationssimulator-pcs\/"]}]},{"@type":"ImageObject","inLanguage":"de","@id":"https:\/\/lifesupportdistribution.fr\/de\/produkt\/simvox-patientenkommunikationssimulator-pcs\/#primaryimage","url":"https:\/\/lifesupportdistribution.fr\/wp-content\/uploads\/2026\/03\/Image-simvoice-1.png","contentUrl":"https:\/\/lifesupportdistribution.fr\/wp-content\/uploads\/2026\/03\/Image-simvoice-1.png","width":1126,"height":680},{"@type":"BreadcrumbList","@id":"https:\/\/lifesupportdistribution.fr\/de\/produkt\/simvox-patientenkommunikationssimulator-pcs\/#breadcrumb","itemListElement":[{"@type":"ListItem","position":1,"name":"Accueil","item":"https:\/\/lifesupportdistribution.fr\/de\/startseite\/"},{"@type":"ListItem","position":2,"name":"Shop","item":"https:\/\/lifesupportdistribution.fr\/de\/shop\/"},{"@type":"ListItem","position":3,"name":"SimVox \u2013 Patientenkommunikationssimulator \u2013 PCS"}]},{"@type":"WebSite","@id":"https:\/\/lifesupportdistribution.fr\/de\/#website","url":"https:\/\/lifesupportdistribution.fr\/de\/","name":"Life Support Distribution","description":"Solutions en simulation m\u00e9dicale","publisher":{"@id":"https:\/\/lifesupportdistribution.fr\/de\/#organization"},"potentialAction":[{"@type":"SearchAction","target":{"@type":"EntryPoint","urlTemplate":"https:\/\/lifesupportdistribution.fr\/de\/?s={search_term_string}"},"query-input":{"@type":"PropertyValueSpecification","valueRequired":true,"valueName":"search_term_string"}}],"inLanguage":"de"},{"@type":"Organization","@id":"https:\/\/lifesupportdistribution.fr\/de\/#organization","name":"Life Support Distribution","url":"https:\/\/lifesupportdistribution.fr\/de\/","logo":{"@type":"ImageObject","inLanguage":"de","@id":"https:\/\/lifesupportdistribution.fr\/de\/#\/schema\/logo\/image\/","url":"https:\/\/lifesupportdistribution.fr\/wp-content\/uploads\/2025\/10\/logo-life-support-distribution.svg","contentUrl":"https:\/\/lifesupportdistribution.fr\/wp-content\/uploads\/2025\/10\/logo-life-support-distribution.svg","width":698,"height":223,"caption":"Life Support Distribution"},"image":{"@id":"https:\/\/lifesupportdistribution.fr\/de\/#\/schema\/logo\/image\/"},"sameAs":["https:\/\/www.linkedin.com\/company\/life-support-distribution\/"]}]}},"_links":{"self":[{"href":"https:\/\/lifesupportdistribution.fr\/de\/wp-json\/wp\/v2\/product\/7114","targetHints":{"allow":["GET"]}}],"collection":[{"href":"https:\/\/lifesupportdistribution.fr\/de\/wp-json\/wp\/v2\/product"}],"about":[{"href":"https:\/\/lifesupportdistribution.fr\/de\/wp-json\/wp\/v2\/types\/product"}],"wp:featuredmedia":[{"embeddable":true,"href":"https:\/\/lifesupportdistribution.fr\/de\/wp-json\/wp\/v2\/media\/6962"}],"wp:attachment":[{"href":"https:\/\/lifesupportdistribution.fr\/de\/wp-json\/wp\/v2\/media?parent=7114"}],"wp:term":[{"taxonomy":"product_brand","embeddable":true,"href":"https:\/\/lifesupportdistribution.fr\/de\/wp-json\/wp\/v2\/product_brand?post=7114"},{"taxonomy":"product_cat","embeddable":true,"href":"https:\/\/lifesupportdistribution.fr\/de\/wp-json\/wp\/v2\/product_cat?post=7114"},{"taxonomy":"product_tag","embeddable":true,"href":"https:\/\/lifesupportdistribution.fr\/de\/wp-json\/wp\/v2\/product_tag?post=7114"}],"curies":[{"name":"wp","href":"https:\/\/api.w.org\/{rel}","templated":true}]}}