{"id":7121,"date":"2026-03-04T15:20:04","date_gmt":"2026-03-04T14:20:04","guid":{"rendered":"https:\/\/lifesupportdistribution.fr\/produits\/truman-trauma-adult\/"},"modified":"2026-03-04T15:20:04","modified_gmt":"2026-03-04T14:20:04","slug":"truman-trauma-adult","status":"publish","type":"product","link":"https:\/\/lifesupportdistribution.fr\/de\/produkt\/truman-trauma-adult\/","title":{"rendered":"TruMan Trauma Adult"},"content":{"rendered":"<p><strong>Der TruMan Trauma Adult ist eine realistische Simulationspuppe,<\/strong> die f\u00fcr die Schulung von <strong>Notfallverfahren in Traumatologie, Notfallmedizin und ATLS-Training<\/strong> entwickelt wurde.<br \/>\n<strong>Dank seiner pr\u00e4zisen Anatomie, die auf DICOM-CT-Daten realer Patienten basiert,<\/strong> bildet er die f\u00fcr kritische Eingriffe erforderlichen anatomischen Landmarken originalgetreu nach. Die Lernenden k\u00f6nnen fortgeschrittene Verfahren wie die <strong>Anlage einer Thoraxdrainage, die Dekompression des Pneumothorax oder Intubationstechniken<\/strong> \u00fcben.<br \/>\n<strong>Die Puppe integriert au\u00dferdem ein vollst\u00e4ndiges AirSim-Atemwegsmanagementsystem,<\/strong> das das Erlernen mehrerer Intubations- und Beatmungstechniken erm\u00f6glicht. Die Thoraxkompressionen bieten ein realistisches Feedback mit physiologischer Thoraxbewegung und einfacher Identifikation der anatomischen Landmarken.<br \/>\nKonzipiert f\u00fcr intensive Schulungen, verf\u00fcgt der TruMan Trauma Adult \u00fcber ein <strong>modulares Design, das den schnellen Austausch von Verbrauchsmaterialien erm\u00f6glicht.<\/strong> Er wird gebrauchsfertig in einem robusten Koffer geliefert, der Transport und Lagerung erleichtert.<br \/>\nSeine au\u00dfergew\u00f6hnliche Haltbarkeit wurde \u00fcber mehr als 80.000 Intubationen, 250.000 Thoraxkompressionen und 3.000 thorakale Dekompressionen getestet und <strong>garantiert eine zuverl\u00e4ssige Nutzung auf lange Sicht.<\/strong> <\/p>\n","protected":false},"excerpt":{"rendered":"<p><strong>Der TruMan Trauma Adult von TruCorp ist ein Traumatologie-Simulator f\u00fcr Erwachsene,<\/strong> der f\u00fcr die <strong>Schulung von Notfalleingriffen und kritischen Verfahren<\/strong> konzipiert wurde. Robust und anatomisch pr\u00e4zise <strong>erm\u00f6glicht er die Durchf\u00fchrung zahlreicher essentieller medizinischer Ma\u00dfnahmen<\/strong> in Traumatologie und Atemwegsmanagement. <\/p>\n","protected":false},"featured_media":0,"template":"","meta":[],"product_brand":[212],"product_cat":[218],"product_tag":[237,250,238,239,252,236,255],"class_list":{"0":"post-7121","1":"product","2":"type-product","3":"status-publish","5":"product_brand-trucorp","6":"product_cat-simulationspuppen","7":"product_tag-anasthesie","8":"product_tag-chirurgie","9":"product_tag-erste-hilfe","10":"product_tag-herz-lungen","11":"product_tag-intensivmedizin","12":"product_tag-notfallmedizin","13":"product_tag-traumatologie","15":"first","16":"instock","17":"shipping-taxable","18":"purchasable","19":"product-type-simple"},"yoast_head":"<!-- This site is optimized with the Yoast SEO plugin v27.5 - https:\/\/yoast.com\/product\/yoast-seo-wordpress\/ -->\n<title>TruMan Trauma Adult \u2013 Simulationspuppe f\u00fcr Traumatologie<\/title>\n<meta name=\"description\" content=\"TruMan Trauma Adult TruCorp: Simulationspuppe f\u00fcr Traumatologie, HLW, Intubation, Thoraxdrainage und Pneumothorax-Dekompression.\" \/>\n<meta name=\"robots\" content=\"index, follow, max-snippet:-1, max-image-preview:large, max-video-preview:-1\" \/>\n<link rel=\"canonical\" href=\"https:\/\/lifesupportdistribution.fr\/de\/produkt\/truman-trauma-adult\/\" \/>\n<meta property=\"og:locale\" content=\"de_DE\" \/>\n<meta property=\"og:type\" content=\"article\" \/>\n<meta property=\"og:title\" content=\"TruMan Trauma Adult \u2013 Simulationspuppe f\u00fcr Traumatologie\" \/>\n<meta property=\"og:description\" content=\"TruMan Trauma Adult TruCorp: Simulationspuppe f\u00fcr Traumatologie, HLW, Intubation, Thoraxdrainage und Pneumothorax-Dekompression.\" \/>\n<meta property=\"og:url\" content=\"https:\/\/lifesupportdistribution.fr\/de\/produkt\/truman-trauma-adult\/\" \/>\n<meta property=\"og:site_name\" content=\"Life Support Distribution\" \/>\n<meta property=\"og:image\" content=\"https:\/\/lifesupportdistribution.fr\/wp-content\/uploads\/2025\/11\/life-support-distribution-featured-image.png\" \/>\n\t<meta property=\"og:image:width\" content=\"1200\" \/>\n\t<meta property=\"og:image:height\" content=\"675\" \/>\n\t<meta property=\"og:image:type\" content=\"image\/png\" \/>\n<meta name=\"twitter:card\" content=\"summary_large_image\" \/>\n<meta name=\"twitter:label1\" content=\"Gesch\u00e4tzte Lesezeit\" \/>\n\t<meta name=\"twitter:data1\" content=\"1\u00a0Minute\" \/>\n<script type=\"application\/ld+json\" class=\"yoast-schema-graph\">{\"@context\":\"https:\\\/\\\/schema.org\",\"@graph\":[{\"@type\":\"WebPage\",\"@id\":\"https:\\\/\\\/lifesupportdistribution.fr\\\/de\\\/produkt\\\/truman-trauma-adult\\\/\",\"url\":\"https:\\\/\\\/lifesupportdistribution.fr\\\/de\\\/produkt\\\/truman-trauma-adult\\\/\",\"name\":\"TruMan Trauma Adult \u2013 Simulationspuppe f\u00fcr Traumatologie\",\"isPartOf\":{\"@id\":\"https:\\\/\\\/lifesupportdistribution.fr\\\/de\\\/#website\"},\"datePublished\":\"2026-03-04T14:20:04+00:00\",\"description\":\"TruMan Trauma Adult TruCorp: Simulationspuppe f\u00fcr Traumatologie, HLW, Intubation, Thoraxdrainage und Pneumothorax-Dekompression.\",\"breadcrumb\":{\"@id\":\"https:\\\/\\\/lifesupportdistribution.fr\\\/de\\\/produkt\\\/truman-trauma-adult\\\/#breadcrumb\"},\"inLanguage\":\"de\",\"potentialAction\":[{\"@type\":\"ReadAction\",\"target\":[\"https:\\\/\\\/lifesupportdistribution.fr\\\/de\\\/produkt\\\/truman-trauma-adult\\\/\"]}]},{\"@type\":\"BreadcrumbList\",\"@id\":\"https:\\\/\\\/lifesupportdistribution.fr\\\/de\\\/produkt\\\/truman-trauma-adult\\\/#breadcrumb\",\"itemListElement\":[{\"@type\":\"ListItem\",\"position\":1,\"name\":\"Accueil\",\"item\":\"https:\\\/\\\/lifesupportdistribution.fr\\\/de\\\/startseite\\\/\"},{\"@type\":\"ListItem\",\"position\":2,\"name\":\"Shop\",\"item\":\"https:\\\/\\\/lifesupportdistribution.fr\\\/de\\\/shop\\\/\"},{\"@type\":\"ListItem\",\"position\":3,\"name\":\"TruMan Trauma Adult\"}]},{\"@type\":\"WebSite\",\"@id\":\"https:\\\/\\\/lifesupportdistribution.fr\\\/de\\\/#website\",\"url\":\"https:\\\/\\\/lifesupportdistribution.fr\\\/de\\\/\",\"name\":\"Life Support Distribution\",\"description\":\"Solutions en simulation m\u00e9dicale\",\"publisher\":{\"@id\":\"https:\\\/\\\/lifesupportdistribution.fr\\\/de\\\/#organization\"},\"potentialAction\":[{\"@type\":\"SearchAction\",\"target\":{\"@type\":\"EntryPoint\",\"urlTemplate\":\"https:\\\/\\\/lifesupportdistribution.fr\\\/de\\\/?s={search_term_string}\"},\"query-input\":{\"@type\":\"PropertyValueSpecification\",\"valueRequired\":true,\"valueName\":\"search_term_string\"}}],\"inLanguage\":\"de\"},{\"@type\":\"Organization\",\"@id\":\"https:\\\/\\\/lifesupportdistribution.fr\\\/de\\\/#organization\",\"name\":\"Life Support Distribution\",\"url\":\"https:\\\/\\\/lifesupportdistribution.fr\\\/de\\\/\",\"logo\":{\"@type\":\"ImageObject\",\"inLanguage\":\"de\",\"@id\":\"https:\\\/\\\/lifesupportdistribution.fr\\\/de\\\/#\\\/schema\\\/logo\\\/image\\\/\",\"url\":\"https:\\\/\\\/lifesupportdistribution.fr\\\/wp-content\\\/uploads\\\/2025\\\/10\\\/logo-life-support-distribution.svg\",\"contentUrl\":\"https:\\\/\\\/lifesupportdistribution.fr\\\/wp-content\\\/uploads\\\/2025\\\/10\\\/logo-life-support-distribution.svg\",\"width\":698,\"height\":223,\"caption\":\"Life Support Distribution\"},\"image\":{\"@id\":\"https:\\\/\\\/lifesupportdistribution.fr\\\/de\\\/#\\\/schema\\\/logo\\\/image\\\/\"},\"sameAs\":[\"https:\\\/\\\/www.linkedin.com\\\/company\\\/life-support-distribution\\\/\"]}]}<\/script>\n<!-- \/ Yoast SEO plugin. -->","yoast_head_json":{"title":"TruMan Trauma Adult \u2013 Simulationspuppe f\u00fcr Traumatologie","description":"TruMan Trauma Adult TruCorp: Simulationspuppe f\u00fcr Traumatologie, HLW, Intubation, Thoraxdrainage und Pneumothorax-Dekompression.","robots":{"index":"index","follow":"follow","max-snippet":"max-snippet:-1","max-image-preview":"max-image-preview:large","max-video-preview":"max-video-preview:-1"},"canonical":"https:\/\/lifesupportdistribution.fr\/de\/produkt\/truman-trauma-adult\/","og_locale":"de_DE","og_type":"article","og_title":"TruMan Trauma Adult \u2013 Simulationspuppe f\u00fcr Traumatologie","og_description":"TruMan Trauma Adult TruCorp: Simulationspuppe f\u00fcr Traumatologie, HLW, Intubation, Thoraxdrainage und Pneumothorax-Dekompression.","og_url":"https:\/\/lifesupportdistribution.fr\/de\/produkt\/truman-trauma-adult\/","og_site_name":"Life Support Distribution","og_image":[{"width":1200,"height":675,"url":"https:\/\/lifesupportdistribution.fr\/wp-content\/uploads\/2025\/11\/life-support-distribution-featured-image.png","type":"image\/png"}],"twitter_card":"summary_large_image","twitter_misc":{"Gesch\u00e4tzte Lesezeit":"1\u00a0Minute"},"schema":{"@context":"https:\/\/schema.org","@graph":[{"@type":"WebPage","@id":"https:\/\/lifesupportdistribution.fr\/de\/produkt\/truman-trauma-adult\/","url":"https:\/\/lifesupportdistribution.fr\/de\/produkt\/truman-trauma-adult\/","name":"TruMan Trauma Adult \u2013 Simulationspuppe f\u00fcr Traumatologie","isPartOf":{"@id":"https:\/\/lifesupportdistribution.fr\/de\/#website"},"datePublished":"2026-03-04T14:20:04+00:00","description":"TruMan Trauma Adult TruCorp: Simulationspuppe f\u00fcr Traumatologie, HLW, Intubation, Thoraxdrainage und Pneumothorax-Dekompression.","breadcrumb":{"@id":"https:\/\/lifesupportdistribution.fr\/de\/produkt\/truman-trauma-adult\/#breadcrumb"},"inLanguage":"de","potentialAction":[{"@type":"ReadAction","target":["https:\/\/lifesupportdistribution.fr\/de\/produkt\/truman-trauma-adult\/"]}]},{"@type":"BreadcrumbList","@id":"https:\/\/lifesupportdistribution.fr\/de\/produkt\/truman-trauma-adult\/#breadcrumb","itemListElement":[{"@type":"ListItem","position":1,"name":"Accueil","item":"https:\/\/lifesupportdistribution.fr\/de\/startseite\/"},{"@type":"ListItem","position":2,"name":"Shop","item":"https:\/\/lifesupportdistribution.fr\/de\/shop\/"},{"@type":"ListItem","position":3,"name":"TruMan Trauma Adult"}]},{"@type":"WebSite","@id":"https:\/\/lifesupportdistribution.fr\/de\/#website","url":"https:\/\/lifesupportdistribution.fr\/de\/","name":"Life Support Distribution","description":"Solutions en simulation m\u00e9dicale","publisher":{"@id":"https:\/\/lifesupportdistribution.fr\/de\/#organization"},"potentialAction":[{"@type":"SearchAction","target":{"@type":"EntryPoint","urlTemplate":"https:\/\/lifesupportdistribution.fr\/de\/?s={search_term_string}"},"query-input":{"@type":"PropertyValueSpecification","valueRequired":true,"valueName":"search_term_string"}}],"inLanguage":"de"},{"@type":"Organization","@id":"https:\/\/lifesupportdistribution.fr\/de\/#organization","name":"Life Support Distribution","url":"https:\/\/lifesupportdistribution.fr\/de\/","logo":{"@type":"ImageObject","inLanguage":"de","@id":"https:\/\/lifesupportdistribution.fr\/de\/#\/schema\/logo\/image\/","url":"https:\/\/lifesupportdistribution.fr\/wp-content\/uploads\/2025\/10\/logo-life-support-distribution.svg","contentUrl":"https:\/\/lifesupportdistribution.fr\/wp-content\/uploads\/2025\/10\/logo-life-support-distribution.svg","width":698,"height":223,"caption":"Life Support Distribution"},"image":{"@id":"https:\/\/lifesupportdistribution.fr\/de\/#\/schema\/logo\/image\/"},"sameAs":["https:\/\/www.linkedin.com\/company\/life-support-distribution\/"]}]}},"_links":{"self":[{"href":"https:\/\/lifesupportdistribution.fr\/de\/wp-json\/wp\/v2\/product\/7121","targetHints":{"allow":["GET"]}}],"collection":[{"href":"https:\/\/lifesupportdistribution.fr\/de\/wp-json\/wp\/v2\/product"}],"about":[{"href":"https:\/\/lifesupportdistribution.fr\/de\/wp-json\/wp\/v2\/types\/product"}],"wp:attachment":[{"href":"https:\/\/lifesupportdistribution.fr\/de\/wp-json\/wp\/v2\/media?parent=7121"}],"wp:term":[{"taxonomy":"product_brand","embeddable":true,"href":"https:\/\/lifesupportdistribution.fr\/de\/wp-json\/wp\/v2\/product_brand?post=7121"},{"taxonomy":"product_cat","embeddable":true,"href":"https:\/\/lifesupportdistribution.fr\/de\/wp-json\/wp\/v2\/product_cat?post=7121"},{"taxonomy":"product_tag","embeddable":true,"href":"https:\/\/lifesupportdistribution.fr\/de\/wp-json\/wp\/v2\/product_tag?post=7121"}],"curies":[{"name":"wp","href":"https:\/\/api.w.org\/{rel}","templated":true}]}}