{"id":7137,"date":"2026-02-21T23:54:38","date_gmt":"2026-02-21T22:54:38","guid":{"rendered":"https:\/\/lifesupportdistribution.fr\/produits\/multi-junctional-bleed-trainer-mjbt\/"},"modified":"2026-02-21T23:54:38","modified_gmt":"2026-02-21T22:54:38","slug":"multi-junctional-bleed-trainer-mjbt","status":"publish","type":"product","link":"https:\/\/lifesupportdistribution.fr\/de\/produkt\/multi-junctional-bleed-trainer-mjbt\/","title":{"rendered":"Multi-Junctional Bleed Trainer (MJBT)"},"content":{"rendered":"<p>Der MJBT ist Teil der Hyper-R\u00e9alistic\u00ae-Reihe von STOPS Medical und wurde entwickelt, um <strong>den Anforderungen von Ausbildern in der taktischen Medizin und fortgeschrittenen Ersten Hilfe gerecht zu werden.<\/strong> Dieser Simulator erm\u00f6glicht es den Lernenden, <strong>die Behandlung von junktionalen Blutungen in den kritischsten Bereichen zu \u00fcben<\/strong>: Hals, Achselh\u00f6hle und Leiste. Dank seines mit BPS-Pumpen kompatiblen Blutungssystems reproduziert er getreu <strong>den Blutfluss und die Stressbedingungen, die f\u00fcr Feldsituationen typisch sind.<\/strong> Die Benutzer k\u00f6nnen <strong>die Wirksamkeit der internen Kompression und die Qualit\u00e4t des Druckverschlusses<\/strong> bewerten und so die Pr\u00e4zision und Schnelligkeit der Handlungen verbessern. <strong>Kompakt, robust und einfach zu installieren,<\/strong> l\u00e4sst sich der MJBT perfekt in taktische Notfallszenarien integrieren, sei es in der Krankenhaus-, Milit\u00e4r- oder pr\u00e4klinischen Ausbildung. <\/p>\n","protected":false},"excerpt":{"rendered":"<p>Der Multi-Junctional Bleed Trainer (MJBT) ist <strong>ein Simulator, der f\u00fcr das Erlernen der Blutstillung<\/strong> in junktionalen Bereichen \u2013 Karotis, Axilla und Leiste \u2013 entwickelt wurde, wo die Anwendung eines Tourniquets unm\u00f6glich ist. Ideal f\u00fcr TCCC\/TECC- und MASCAL-Schulungen, bietet er ein praktisches und immersives Training des Wound Packings unter simuliertem Fluss, unter realistischen und kontrollierten Bedingungen. <\/p>\n","protected":false},"featured_media":6806,"template":"","meta":[],"product_brand":[271],"product_cat":[220],"product_tag":[250,236,255],"class_list":{"0":"post-7137","1":"product","2":"type-product","3":"status-publish","4":"has-post-thumbnail","6":"product_brand-stops-medical","7":"product_cat-simulierte-patienten","8":"product_tag-chirurgie","9":"product_tag-notfallmedizin","10":"product_tag-traumatologie","12":"first","13":"instock","14":"shipping-taxable","15":"purchasable","16":"product-type-simple"},"yoast_head":"<!-- This site is optimized with the Yoast SEO plugin v26.8 - https:\/\/yoast.com\/product\/yoast-seo-wordpress\/ -->\n<title>Multi-Junctional Bleed Trainer (MJBT)<\/title>\n<meta name=\"description\" content=\"Der MJBT ist ein realistischer Simulator f\u00fcr das Training der Kontrolle von junktionalen Blutungen im TCCC-Training und in der taktischen Notfallversorgung.\" \/>\n<meta name=\"robots\" content=\"index, follow, max-snippet:-1, max-image-preview:large, max-video-preview:-1\" \/>\n<link rel=\"canonical\" href=\"https:\/\/lifesupportdistribution.fr\/de\/produkt\/multi-junctional-bleed-trainer-mjbt\/\" \/>\n<meta property=\"og:locale\" content=\"de_DE\" \/>\n<meta property=\"og:type\" content=\"article\" \/>\n<meta property=\"og:title\" content=\"Multi-Junctional Bleed Trainer (MJBT)\" \/>\n<meta property=\"og:description\" content=\"Der MJBT ist ein realistischer Simulator f\u00fcr das Training der Kontrolle von junktionalen Blutungen im TCCC-Training und in der taktischen Notfallversorgung.\" \/>\n<meta property=\"og:url\" content=\"https:\/\/lifesupportdistribution.fr\/de\/produkt\/multi-junctional-bleed-trainer-mjbt\/\" \/>\n<meta property=\"og:site_name\" content=\"Life Support Distribution\" \/>\n<meta property=\"og:image\" content=\"https:\/\/lifesupportdistribution.fr\/wp-content\/uploads\/2026\/02\/Image-MJBT-1.png\" \/>\n\t<meta property=\"og:image:width\" content=\"692\" \/>\n\t<meta property=\"og:image:height\" content=\"374\" \/>\n\t<meta property=\"og:image:type\" content=\"image\/png\" \/>\n<meta name=\"twitter:card\" content=\"summary_large_image\" \/>\n<meta name=\"twitter:label1\" content=\"Gesch\u00e4tzte Lesezeit\" \/>\n\t<meta name=\"twitter:data1\" content=\"1\u00a0Minute\" \/>\n<script type=\"application\/ld+json\" class=\"yoast-schema-graph\">{\"@context\":\"https:\/\/schema.org\",\"@graph\":[{\"@type\":\"WebPage\",\"@id\":\"https:\/\/lifesupportdistribution.fr\/de\/produkt\/multi-junctional-bleed-trainer-mjbt\/\",\"url\":\"https:\/\/lifesupportdistribution.fr\/de\/produkt\/multi-junctional-bleed-trainer-mjbt\/\",\"name\":\"Multi-Junctional Bleed Trainer (MJBT)\",\"isPartOf\":{\"@id\":\"https:\/\/lifesupportdistribution.fr\/de\/#website\"},\"primaryImageOfPage\":{\"@id\":\"https:\/\/lifesupportdistribution.fr\/de\/produkt\/multi-junctional-bleed-trainer-mjbt\/#primaryimage\"},\"image\":{\"@id\":\"https:\/\/lifesupportdistribution.fr\/de\/produkt\/multi-junctional-bleed-trainer-mjbt\/#primaryimage\"},\"thumbnailUrl\":\"https:\/\/lifesupportdistribution.fr\/wp-content\/uploads\/2026\/02\/Image-MJBT-1.png\",\"datePublished\":\"2026-02-21T22:54:38+00:00\",\"description\":\"Der MJBT ist ein realistischer Simulator f\u00fcr das Training der Kontrolle von junktionalen Blutungen im TCCC-Training und in der taktischen Notfallversorgung.\",\"breadcrumb\":{\"@id\":\"https:\/\/lifesupportdistribution.fr\/de\/produkt\/multi-junctional-bleed-trainer-mjbt\/#breadcrumb\"},\"inLanguage\":\"de\",\"potentialAction\":[{\"@type\":\"ReadAction\",\"target\":[\"https:\/\/lifesupportdistribution.fr\/de\/produkt\/multi-junctional-bleed-trainer-mjbt\/\"]}]},{\"@type\":\"ImageObject\",\"inLanguage\":\"de\",\"@id\":\"https:\/\/lifesupportdistribution.fr\/de\/produkt\/multi-junctional-bleed-trainer-mjbt\/#primaryimage\",\"url\":\"https:\/\/lifesupportdistribution.fr\/wp-content\/uploads\/2026\/02\/Image-MJBT-1.png\",\"contentUrl\":\"https:\/\/lifesupportdistribution.fr\/wp-content\/uploads\/2026\/02\/Image-MJBT-1.png\",\"width\":692,\"height\":374},{\"@type\":\"BreadcrumbList\",\"@id\":\"https:\/\/lifesupportdistribution.fr\/de\/produkt\/multi-junctional-bleed-trainer-mjbt\/#breadcrumb\",\"itemListElement\":[{\"@type\":\"ListItem\",\"position\":1,\"name\":\"Accueil\",\"item\":\"https:\/\/lifesupportdistribution.fr\/de\/startseite\/\"},{\"@type\":\"ListItem\",\"position\":2,\"name\":\"Shop\",\"item\":\"https:\/\/lifesupportdistribution.fr\/de\/shop\/\"},{\"@type\":\"ListItem\",\"position\":3,\"name\":\"Multi-Junctional Bleed Trainer (MJBT)\"}]},{\"@type\":\"WebSite\",\"@id\":\"https:\/\/lifesupportdistribution.fr\/de\/#website\",\"url\":\"https:\/\/lifesupportdistribution.fr\/de\/\",\"name\":\"Life Support Distribution\",\"description\":\"Solutions en simulation m\u00e9dicale\",\"publisher\":{\"@id\":\"https:\/\/lifesupportdistribution.fr\/de\/#organization\"},\"potentialAction\":[{\"@type\":\"SearchAction\",\"target\":{\"@type\":\"EntryPoint\",\"urlTemplate\":\"https:\/\/lifesupportdistribution.fr\/de\/?s={search_term_string}\"},\"query-input\":{\"@type\":\"PropertyValueSpecification\",\"valueRequired\":true,\"valueName\":\"search_term_string\"}}],\"inLanguage\":\"de\"},{\"@type\":\"Organization\",\"@id\":\"https:\/\/lifesupportdistribution.fr\/de\/#organization\",\"name\":\"Life Support Distribution\",\"url\":\"https:\/\/lifesupportdistribution.fr\/de\/\",\"logo\":{\"@type\":\"ImageObject\",\"inLanguage\":\"de\",\"@id\":\"https:\/\/lifesupportdistribution.fr\/de\/#\/schema\/logo\/image\/\",\"url\":\"https:\/\/lifesupportdistribution.fr\/wp-content\/uploads\/2025\/10\/logo-life-support-distribution.svg\",\"contentUrl\":\"https:\/\/lifesupportdistribution.fr\/wp-content\/uploads\/2025\/10\/logo-life-support-distribution.svg\",\"width\":698,\"height\":223,\"caption\":\"Life Support Distribution\"},\"image\":{\"@id\":\"https:\/\/lifesupportdistribution.fr\/de\/#\/schema\/logo\/image\/\"},\"sameAs\":[\"https:\/\/www.linkedin.com\/company\/life-support-distribution\/\"]}]}<\/script>\n<!-- \/ Yoast SEO plugin. -->","yoast_head_json":{"title":"Multi-Junctional Bleed Trainer (MJBT)","description":"Der MJBT ist ein realistischer Simulator f\u00fcr das Training der Kontrolle von junktionalen Blutungen im TCCC-Training und in der taktischen Notfallversorgung.","robots":{"index":"index","follow":"follow","max-snippet":"max-snippet:-1","max-image-preview":"max-image-preview:large","max-video-preview":"max-video-preview:-1"},"canonical":"https:\/\/lifesupportdistribution.fr\/de\/produkt\/multi-junctional-bleed-trainer-mjbt\/","og_locale":"de_DE","og_type":"article","og_title":"Multi-Junctional Bleed Trainer (MJBT)","og_description":"Der MJBT ist ein realistischer Simulator f\u00fcr das Training der Kontrolle von junktionalen Blutungen im TCCC-Training und in der taktischen Notfallversorgung.","og_url":"https:\/\/lifesupportdistribution.fr\/de\/produkt\/multi-junctional-bleed-trainer-mjbt\/","og_site_name":"Life Support Distribution","og_image":[{"width":692,"height":374,"url":"https:\/\/lifesupportdistribution.fr\/wp-content\/uploads\/2026\/02\/Image-MJBT-1.png","type":"image\/png"}],"twitter_card":"summary_large_image","twitter_misc":{"Gesch\u00e4tzte Lesezeit":"1\u00a0Minute"},"schema":{"@context":"https:\/\/schema.org","@graph":[{"@type":"WebPage","@id":"https:\/\/lifesupportdistribution.fr\/de\/produkt\/multi-junctional-bleed-trainer-mjbt\/","url":"https:\/\/lifesupportdistribution.fr\/de\/produkt\/multi-junctional-bleed-trainer-mjbt\/","name":"Multi-Junctional Bleed Trainer (MJBT)","isPartOf":{"@id":"https:\/\/lifesupportdistribution.fr\/de\/#website"},"primaryImageOfPage":{"@id":"https:\/\/lifesupportdistribution.fr\/de\/produkt\/multi-junctional-bleed-trainer-mjbt\/#primaryimage"},"image":{"@id":"https:\/\/lifesupportdistribution.fr\/de\/produkt\/multi-junctional-bleed-trainer-mjbt\/#primaryimage"},"thumbnailUrl":"https:\/\/lifesupportdistribution.fr\/wp-content\/uploads\/2026\/02\/Image-MJBT-1.png","datePublished":"2026-02-21T22:54:38+00:00","description":"Der MJBT ist ein realistischer Simulator f\u00fcr das Training der Kontrolle von junktionalen Blutungen im TCCC-Training und in der taktischen Notfallversorgung.","breadcrumb":{"@id":"https:\/\/lifesupportdistribution.fr\/de\/produkt\/multi-junctional-bleed-trainer-mjbt\/#breadcrumb"},"inLanguage":"de","potentialAction":[{"@type":"ReadAction","target":["https:\/\/lifesupportdistribution.fr\/de\/produkt\/multi-junctional-bleed-trainer-mjbt\/"]}]},{"@type":"ImageObject","inLanguage":"de","@id":"https:\/\/lifesupportdistribution.fr\/de\/produkt\/multi-junctional-bleed-trainer-mjbt\/#primaryimage","url":"https:\/\/lifesupportdistribution.fr\/wp-content\/uploads\/2026\/02\/Image-MJBT-1.png","contentUrl":"https:\/\/lifesupportdistribution.fr\/wp-content\/uploads\/2026\/02\/Image-MJBT-1.png","width":692,"height":374},{"@type":"BreadcrumbList","@id":"https:\/\/lifesupportdistribution.fr\/de\/produkt\/multi-junctional-bleed-trainer-mjbt\/#breadcrumb","itemListElement":[{"@type":"ListItem","position":1,"name":"Accueil","item":"https:\/\/lifesupportdistribution.fr\/de\/startseite\/"},{"@type":"ListItem","position":2,"name":"Shop","item":"https:\/\/lifesupportdistribution.fr\/de\/shop\/"},{"@type":"ListItem","position":3,"name":"Multi-Junctional Bleed Trainer (MJBT)"}]},{"@type":"WebSite","@id":"https:\/\/lifesupportdistribution.fr\/de\/#website","url":"https:\/\/lifesupportdistribution.fr\/de\/","name":"Life Support Distribution","description":"Solutions en simulation m\u00e9dicale","publisher":{"@id":"https:\/\/lifesupportdistribution.fr\/de\/#organization"},"potentialAction":[{"@type":"SearchAction","target":{"@type":"EntryPoint","urlTemplate":"https:\/\/lifesupportdistribution.fr\/de\/?s={search_term_string}"},"query-input":{"@type":"PropertyValueSpecification","valueRequired":true,"valueName":"search_term_string"}}],"inLanguage":"de"},{"@type":"Organization","@id":"https:\/\/lifesupportdistribution.fr\/de\/#organization","name":"Life Support Distribution","url":"https:\/\/lifesupportdistribution.fr\/de\/","logo":{"@type":"ImageObject","inLanguage":"de","@id":"https:\/\/lifesupportdistribution.fr\/de\/#\/schema\/logo\/image\/","url":"https:\/\/lifesupportdistribution.fr\/wp-content\/uploads\/2025\/10\/logo-life-support-distribution.svg","contentUrl":"https:\/\/lifesupportdistribution.fr\/wp-content\/uploads\/2025\/10\/logo-life-support-distribution.svg","width":698,"height":223,"caption":"Life Support Distribution"},"image":{"@id":"https:\/\/lifesupportdistribution.fr\/de\/#\/schema\/logo\/image\/"},"sameAs":["https:\/\/www.linkedin.com\/company\/life-support-distribution\/"]}]}},"_links":{"self":[{"href":"https:\/\/lifesupportdistribution.fr\/de\/wp-json\/wp\/v2\/product\/7137","targetHints":{"allow":["GET"]}}],"collection":[{"href":"https:\/\/lifesupportdistribution.fr\/de\/wp-json\/wp\/v2\/product"}],"about":[{"href":"https:\/\/lifesupportdistribution.fr\/de\/wp-json\/wp\/v2\/types\/product"}],"wp:featuredmedia":[{"embeddable":true,"href":"https:\/\/lifesupportdistribution.fr\/de\/wp-json\/wp\/v2\/media\/6806"}],"wp:attachment":[{"href":"https:\/\/lifesupportdistribution.fr\/de\/wp-json\/wp\/v2\/media?parent=7137"}],"wp:term":[{"taxonomy":"product_brand","embeddable":true,"href":"https:\/\/lifesupportdistribution.fr\/de\/wp-json\/wp\/v2\/product_brand?post=7137"},{"taxonomy":"product_cat","embeddable":true,"href":"https:\/\/lifesupportdistribution.fr\/de\/wp-json\/wp\/v2\/product_cat?post=7137"},{"taxonomy":"product_tag","embeddable":true,"href":"https:\/\/lifesupportdistribution.fr\/de\/wp-json\/wp\/v2\/product_tag?post=7137"}],"curies":[{"name":"wp","href":"https:\/\/api.w.org\/{rel}","templated":true}]}}