{"id":7157,"date":"2026-02-22T00:34:29","date_gmt":"2026-02-21T23:34:29","guid":{"rendered":"https:\/\/lifesupportdistribution.fr\/produits\/blast-trousers\/"},"modified":"2026-02-22T00:34:29","modified_gmt":"2026-02-21T23:34:29","slug":"blast-trousers","status":"publish","type":"product","link":"https:\/\/lifesupportdistribution.fr\/de\/produkt\/blast-trousers\/","title":{"rendered":"Blast Trousers"},"content":{"rendered":"<p>Die Blast Trousers sind ein <strong>hyperrealistischer Wundsimulator f\u00fcr die Versorgung massiver, nicht abbindbarer Blutungen.<\/strong> Die Wunde, die oberhalb des Knies bis unter den Bauchnabel positioniert ist, simuliert eine <strong>komplexe Verletzung, die ein schnelles Eingreifen durch Wound Packing oder Gef\u00e4\u00dfabklemmung erfordert.<\/strong> Das flexible und strukturierte Material <strong>reproduziert Haut und darunter liegendes Gewebe perfekt<\/strong> und <strong>bietet den Lernenden ein realistisches sensorisches Feedback bei der Tamponade.<\/strong> <strong>Kompatibel mit den BPS-Blutpumpsystemen<\/strong> (<a href=\"https:\/\/lifesupportdistribution.fr\/produits\/blood-pumping-system-deluxe-bps-d-2\/\">Basic<\/a> oder <a href=\"https:\/\/lifesupportdistribution.fr\/produits\/blood-pumping-system-deluxe-bps-d\/\">Deluxe<\/a>), erm\u00f6glicht es die <strong>Regulierung von Durchfluss und Druck zur Simulation ven\u00f6ser oder arterieller Blutungen.<\/strong> Dieser Simulator schlie\u00dft die L\u00fccke bei p\u00e4dagogischen Werkzeugen f\u00fcr Leistenblutungen, einer der kritischsten Situationen im taktischen Kontext.<\/p>\n","protected":false},"excerpt":{"rendered":"<p>Die Blast Trousers bilden originalgetreu eine <strong>zirkul\u00e4re Explosionsverletzung nach, die oberhalb der Knie beginnt und bis zum Nabelbereich reicht.<\/strong> Dieser f\u00fcr intensives taktisches Training konzipierte Simulator bietet eine visuelle und taktile Darstellung von beeindruckendem Realismus. In Kombination mit dem BPS-Blutperfusionssystem erm\u00f6glicht er medizinischen und milit\u00e4rischen Teams das Training der Kontrolle einer nicht abbindbaren Leistenblutung mit einem Blutverlust von bis zu 3 Litern in weniger als 2 Minuten. <\/p>\n","protected":false},"featured_media":6811,"template":"","meta":[],"product_brand":[271],"product_cat":[220],"product_tag":[250,236,255],"class_list":{"0":"post-7157","1":"product","2":"type-product","3":"status-publish","4":"has-post-thumbnail","6":"product_brand-stops-medical","7":"product_cat-simulierte-patienten","8":"product_tag-chirurgie","9":"product_tag-notfallmedizin","10":"product_tag-traumatologie","12":"first","13":"instock","14":"shipping-taxable","15":"purchasable","16":"product-type-simple"},"yoast_head":"<!-- This site is optimized with the Yoast SEO plugin v26.8 - https:\/\/yoast.com\/product\/yoast-seo-wordpress\/ -->\n<title>Blast Trousers \u2013 Simulation ballistischer Traumata<\/title>\n<meta name=\"description\" content=\"Die Blast Trousers erm\u00f6glichen die realistische Simulation ballistischer Traumata der unteren Gliedma\u00dfen f\u00fcr die taktische Ausbildung und TCCC.\" \/>\n<meta name=\"robots\" content=\"index, follow, max-snippet:-1, max-image-preview:large, max-video-preview:-1\" \/>\n<link rel=\"canonical\" href=\"https:\/\/lifesupportdistribution.fr\/de\/produkt\/blast-trousers\/\" \/>\n<meta property=\"og:locale\" content=\"de_DE\" \/>\n<meta property=\"og:type\" content=\"article\" \/>\n<meta property=\"og:title\" content=\"Blast Trousers \u2013 Simulation ballistischer Traumata\" \/>\n<meta property=\"og:description\" content=\"Die Blast Trousers erm\u00f6glichen die realistische Simulation ballistischer Traumata der unteren Gliedma\u00dfen f\u00fcr die taktische Ausbildung und TCCC.\" \/>\n<meta property=\"og:url\" content=\"https:\/\/lifesupportdistribution.fr\/de\/produkt\/blast-trousers\/\" \/>\n<meta property=\"og:site_name\" content=\"Life Support Distribution\" \/>\n<meta property=\"og:image\" content=\"https:\/\/lifesupportdistribution.fr\/wp-content\/uploads\/2026\/02\/Image-Blast-Trousers-1.png\" \/>\n\t<meta property=\"og:image:width\" content=\"782\" \/>\n\t<meta property=\"og:image:height\" content=\"844\" \/>\n\t<meta property=\"og:image:type\" content=\"image\/png\" \/>\n<meta name=\"twitter:card\" content=\"summary_large_image\" \/>\n<meta name=\"twitter:label1\" content=\"Gesch\u00e4tzte Lesezeit\" \/>\n\t<meta name=\"twitter:data1\" content=\"1\u00a0Minute\" \/>\n<script type=\"application\/ld+json\" class=\"yoast-schema-graph\">{\"@context\":\"https:\/\/schema.org\",\"@graph\":[{\"@type\":\"WebPage\",\"@id\":\"https:\/\/lifesupportdistribution.fr\/de\/produkt\/blast-trousers\/\",\"url\":\"https:\/\/lifesupportdistribution.fr\/de\/produkt\/blast-trousers\/\",\"name\":\"Blast Trousers \u2013 Simulation ballistischer Traumata\",\"isPartOf\":{\"@id\":\"https:\/\/lifesupportdistribution.fr\/de\/#website\"},\"primaryImageOfPage\":{\"@id\":\"https:\/\/lifesupportdistribution.fr\/de\/produkt\/blast-trousers\/#primaryimage\"},\"image\":{\"@id\":\"https:\/\/lifesupportdistribution.fr\/de\/produkt\/blast-trousers\/#primaryimage\"},\"thumbnailUrl\":\"https:\/\/lifesupportdistribution.fr\/wp-content\/uploads\/2026\/02\/Image-Blast-Trousers-1.png\",\"datePublished\":\"2026-02-21T23:34:29+00:00\",\"description\":\"Die Blast Trousers erm\u00f6glichen die realistische Simulation ballistischer Traumata der unteren Gliedma\u00dfen f\u00fcr die taktische Ausbildung und TCCC.\",\"breadcrumb\":{\"@id\":\"https:\/\/lifesupportdistribution.fr\/de\/produkt\/blast-trousers\/#breadcrumb\"},\"inLanguage\":\"de\",\"potentialAction\":[{\"@type\":\"ReadAction\",\"target\":[\"https:\/\/lifesupportdistribution.fr\/de\/produkt\/blast-trousers\/\"]}]},{\"@type\":\"ImageObject\",\"inLanguage\":\"de\",\"@id\":\"https:\/\/lifesupportdistribution.fr\/de\/produkt\/blast-trousers\/#primaryimage\",\"url\":\"https:\/\/lifesupportdistribution.fr\/wp-content\/uploads\/2026\/02\/Image-Blast-Trousers-1.png\",\"contentUrl\":\"https:\/\/lifesupportdistribution.fr\/wp-content\/uploads\/2026\/02\/Image-Blast-Trousers-1.png\",\"width\":782,\"height\":844},{\"@type\":\"BreadcrumbList\",\"@id\":\"https:\/\/lifesupportdistribution.fr\/de\/produkt\/blast-trousers\/#breadcrumb\",\"itemListElement\":[{\"@type\":\"ListItem\",\"position\":1,\"name\":\"Accueil\",\"item\":\"https:\/\/lifesupportdistribution.fr\/de\/startseite\/\"},{\"@type\":\"ListItem\",\"position\":2,\"name\":\"Shop\",\"item\":\"https:\/\/lifesupportdistribution.fr\/de\/shop\/\"},{\"@type\":\"ListItem\",\"position\":3,\"name\":\"Blast Trousers\"}]},{\"@type\":\"WebSite\",\"@id\":\"https:\/\/lifesupportdistribution.fr\/de\/#website\",\"url\":\"https:\/\/lifesupportdistribution.fr\/de\/\",\"name\":\"Life Support Distribution\",\"description\":\"Solutions en simulation m\u00e9dicale\",\"publisher\":{\"@id\":\"https:\/\/lifesupportdistribution.fr\/de\/#organization\"},\"potentialAction\":[{\"@type\":\"SearchAction\",\"target\":{\"@type\":\"EntryPoint\",\"urlTemplate\":\"https:\/\/lifesupportdistribution.fr\/de\/?s={search_term_string}\"},\"query-input\":{\"@type\":\"PropertyValueSpecification\",\"valueRequired\":true,\"valueName\":\"search_term_string\"}}],\"inLanguage\":\"de\"},{\"@type\":\"Organization\",\"@id\":\"https:\/\/lifesupportdistribution.fr\/de\/#organization\",\"name\":\"Life Support Distribution\",\"url\":\"https:\/\/lifesupportdistribution.fr\/de\/\",\"logo\":{\"@type\":\"ImageObject\",\"inLanguage\":\"de\",\"@id\":\"https:\/\/lifesupportdistribution.fr\/de\/#\/schema\/logo\/image\/\",\"url\":\"https:\/\/lifesupportdistribution.fr\/wp-content\/uploads\/2025\/10\/logo-life-support-distribution.svg\",\"contentUrl\":\"https:\/\/lifesupportdistribution.fr\/wp-content\/uploads\/2025\/10\/logo-life-support-distribution.svg\",\"width\":698,\"height\":223,\"caption\":\"Life Support Distribution\"},\"image\":{\"@id\":\"https:\/\/lifesupportdistribution.fr\/de\/#\/schema\/logo\/image\/\"},\"sameAs\":[\"https:\/\/www.linkedin.com\/company\/life-support-distribution\/\"]}]}<\/script>\n<!-- \/ Yoast SEO plugin. -->","yoast_head_json":{"title":"Blast Trousers \u2013 Simulation ballistischer Traumata","description":"Die Blast Trousers erm\u00f6glichen die realistische Simulation ballistischer Traumata der unteren Gliedma\u00dfen f\u00fcr die taktische Ausbildung und TCCC.","robots":{"index":"index","follow":"follow","max-snippet":"max-snippet:-1","max-image-preview":"max-image-preview:large","max-video-preview":"max-video-preview:-1"},"canonical":"https:\/\/lifesupportdistribution.fr\/de\/produkt\/blast-trousers\/","og_locale":"de_DE","og_type":"article","og_title":"Blast Trousers \u2013 Simulation ballistischer Traumata","og_description":"Die Blast Trousers erm\u00f6glichen die realistische Simulation ballistischer Traumata der unteren Gliedma\u00dfen f\u00fcr die taktische Ausbildung und TCCC.","og_url":"https:\/\/lifesupportdistribution.fr\/de\/produkt\/blast-trousers\/","og_site_name":"Life Support Distribution","og_image":[{"width":782,"height":844,"url":"https:\/\/lifesupportdistribution.fr\/wp-content\/uploads\/2026\/02\/Image-Blast-Trousers-1.png","type":"image\/png"}],"twitter_card":"summary_large_image","twitter_misc":{"Gesch\u00e4tzte Lesezeit":"1\u00a0Minute"},"schema":{"@context":"https:\/\/schema.org","@graph":[{"@type":"WebPage","@id":"https:\/\/lifesupportdistribution.fr\/de\/produkt\/blast-trousers\/","url":"https:\/\/lifesupportdistribution.fr\/de\/produkt\/blast-trousers\/","name":"Blast Trousers \u2013 Simulation ballistischer Traumata","isPartOf":{"@id":"https:\/\/lifesupportdistribution.fr\/de\/#website"},"primaryImageOfPage":{"@id":"https:\/\/lifesupportdistribution.fr\/de\/produkt\/blast-trousers\/#primaryimage"},"image":{"@id":"https:\/\/lifesupportdistribution.fr\/de\/produkt\/blast-trousers\/#primaryimage"},"thumbnailUrl":"https:\/\/lifesupportdistribution.fr\/wp-content\/uploads\/2026\/02\/Image-Blast-Trousers-1.png","datePublished":"2026-02-21T23:34:29+00:00","description":"Die Blast Trousers erm\u00f6glichen die realistische Simulation ballistischer Traumata der unteren Gliedma\u00dfen f\u00fcr die taktische Ausbildung und TCCC.","breadcrumb":{"@id":"https:\/\/lifesupportdistribution.fr\/de\/produkt\/blast-trousers\/#breadcrumb"},"inLanguage":"de","potentialAction":[{"@type":"ReadAction","target":["https:\/\/lifesupportdistribution.fr\/de\/produkt\/blast-trousers\/"]}]},{"@type":"ImageObject","inLanguage":"de","@id":"https:\/\/lifesupportdistribution.fr\/de\/produkt\/blast-trousers\/#primaryimage","url":"https:\/\/lifesupportdistribution.fr\/wp-content\/uploads\/2026\/02\/Image-Blast-Trousers-1.png","contentUrl":"https:\/\/lifesupportdistribution.fr\/wp-content\/uploads\/2026\/02\/Image-Blast-Trousers-1.png","width":782,"height":844},{"@type":"BreadcrumbList","@id":"https:\/\/lifesupportdistribution.fr\/de\/produkt\/blast-trousers\/#breadcrumb","itemListElement":[{"@type":"ListItem","position":1,"name":"Accueil","item":"https:\/\/lifesupportdistribution.fr\/de\/startseite\/"},{"@type":"ListItem","position":2,"name":"Shop","item":"https:\/\/lifesupportdistribution.fr\/de\/shop\/"},{"@type":"ListItem","position":3,"name":"Blast Trousers"}]},{"@type":"WebSite","@id":"https:\/\/lifesupportdistribution.fr\/de\/#website","url":"https:\/\/lifesupportdistribution.fr\/de\/","name":"Life Support Distribution","description":"Solutions en simulation m\u00e9dicale","publisher":{"@id":"https:\/\/lifesupportdistribution.fr\/de\/#organization"},"potentialAction":[{"@type":"SearchAction","target":{"@type":"EntryPoint","urlTemplate":"https:\/\/lifesupportdistribution.fr\/de\/?s={search_term_string}"},"query-input":{"@type":"PropertyValueSpecification","valueRequired":true,"valueName":"search_term_string"}}],"inLanguage":"de"},{"@type":"Organization","@id":"https:\/\/lifesupportdistribution.fr\/de\/#organization","name":"Life Support Distribution","url":"https:\/\/lifesupportdistribution.fr\/de\/","logo":{"@type":"ImageObject","inLanguage":"de","@id":"https:\/\/lifesupportdistribution.fr\/de\/#\/schema\/logo\/image\/","url":"https:\/\/lifesupportdistribution.fr\/wp-content\/uploads\/2025\/10\/logo-life-support-distribution.svg","contentUrl":"https:\/\/lifesupportdistribution.fr\/wp-content\/uploads\/2025\/10\/logo-life-support-distribution.svg","width":698,"height":223,"caption":"Life Support Distribution"},"image":{"@id":"https:\/\/lifesupportdistribution.fr\/de\/#\/schema\/logo\/image\/"},"sameAs":["https:\/\/www.linkedin.com\/company\/life-support-distribution\/"]}]}},"_links":{"self":[{"href":"https:\/\/lifesupportdistribution.fr\/de\/wp-json\/wp\/v2\/product\/7157","targetHints":{"allow":["GET"]}}],"collection":[{"href":"https:\/\/lifesupportdistribution.fr\/de\/wp-json\/wp\/v2\/product"}],"about":[{"href":"https:\/\/lifesupportdistribution.fr\/de\/wp-json\/wp\/v2\/types\/product"}],"wp:featuredmedia":[{"embeddable":true,"href":"https:\/\/lifesupportdistribution.fr\/de\/wp-json\/wp\/v2\/media\/6811"}],"wp:attachment":[{"href":"https:\/\/lifesupportdistribution.fr\/de\/wp-json\/wp\/v2\/media?parent=7157"}],"wp:term":[{"taxonomy":"product_brand","embeddable":true,"href":"https:\/\/lifesupportdistribution.fr\/de\/wp-json\/wp\/v2\/product_brand?post=7157"},{"taxonomy":"product_cat","embeddable":true,"href":"https:\/\/lifesupportdistribution.fr\/de\/wp-json\/wp\/v2\/product_cat?post=7157"},{"taxonomy":"product_tag","embeddable":true,"href":"https:\/\/lifesupportdistribution.fr\/de\/wp-json\/wp\/v2\/product_tag?post=7157"}],"curies":[{"name":"wp","href":"https:\/\/api.w.org\/{rel}","templated":true}]}}