{"id":7160,"date":"2026-02-21T23:24:55","date_gmt":"2026-02-21T22:24:55","guid":{"rendered":"https:\/\/lifesupportdistribution.fr\/produits\/hyper-realistic-moulage-kit-hrmk\/"},"modified":"2026-02-21T23:24:55","modified_gmt":"2026-02-21T22:24:55","slug":"hyper-realistic-moulage-kit-hrmk","status":"publish","type":"product","link":"https:\/\/lifesupportdistribution.fr\/de\/produkt\/hyper-realistic-moulage-kit-hrmk\/","title":{"rendered":"Hyper-Realistic\u00ae Moulage Kit (HRMK)"},"content":{"rendered":"<p>Das Hyper-Realistic\u00ae Moulage Kit (HRMK) wurde entwickelt, um den <strong>Bed\u00fcrfnissen von Ausbildern gerecht zu werden, die eine au\u00dfergew\u00f6hnliche visuelle und taktile Darstellung suchen.<\/strong> Jedes Element ist so konzipiert, dass es <strong>das Aussehen schwerer Verletzungen originalgetreu reproduziert<\/strong> und dabei <strong>einfach anzubringen, zu pflegen und wiederzuverwenden ist.<\/strong> Das Kit enth\u00e4lt <strong>realistische Wundenprothesen, Kunstblut<\/strong> in verschiedenen Farbt\u00f6nen und Dichten sowie <strong>Applikations- und Hautfixierungszubeh\u00f6r.<\/strong> Diese Komponenten erm\u00f6glichen es, <strong>einen Darsteller oder eine Puppe schnell in ein realistisches Opfer zu verwandeln<\/strong>, um die Lernenden in TCCC-, TECC- oder MASCAL-Szenarien mit hoher p\u00e4dagogischer Wirkung einzutauchen. Kompakt und leicht zu transportieren, garantiert das HRMK eine schnelle Bereitstellung und kontrollierten Realismus. <\/p>\n","protected":false},"excerpt":{"rendered":"<p>Das Hyper-Realistic\u00ae Moulage Kit ist ein <strong>komplettes Special-Effects-Make-up-Kit, das zur Erstellung hyperrealistischer und immersiver Wunden entwickelt wurde.<\/strong> Ideal f\u00fcr TCCC\/TECC-, EMS- und MASCAL-Schulungen, erm\u00f6glicht es die einfache Simulation <strong>komplexer Verletzungen wie Verbrennungen, offene Frakturen, Lazerationen oder Eviszeration.<\/strong> Dank seiner wiederverwendbaren Prothesen und seines Kunstbluts mit variabler Viskosit\u00e4t bietet es beeindruckenden Realismus sowohl im Simulationszentrum als auch im Feld.<\/p>\n","protected":false},"featured_media":6791,"template":"","meta":[],"product_brand":[271],"product_cat":[217,220],"product_tag":[250,236,255],"class_list":{"0":"post-7160","1":"product","2":"type-product","3":"status-publish","4":"has-post-thumbnail","6":"product_brand-stops-medical","7":"product_cat-schminken-und-spezialeffekte","8":"product_cat-simulierte-patienten","9":"product_tag-chirurgie","10":"product_tag-notfallmedizin","11":"product_tag-traumatologie","13":"first","14":"instock","15":"shipping-taxable","16":"purchasable","17":"product-type-simple"},"yoast_head":"<!-- This site is optimized with the Yoast SEO plugin v26.8 - https:\/\/yoast.com\/product\/yoast-seo-wordpress\/ -->\n<title>Hyper-Realistic\u00ae Moulage Kit (HRMK)<\/title>\n<meta name=\"description\" content=\"Das Hyper-Realistic\u00ae Moulage Kit (HRMK) erm\u00f6glicht die Erstellung ultrarealistischer Verletzungen f\u00fcr die medizinische Simulation und das taktische Training.\" \/>\n<meta name=\"robots\" content=\"index, follow, max-snippet:-1, max-image-preview:large, max-video-preview:-1\" \/>\n<link rel=\"canonical\" href=\"https:\/\/lifesupportdistribution.fr\/de\/produkt\/hyper-realistic-moulage-kit-hrmk\/\" \/>\n<meta property=\"og:locale\" content=\"de_DE\" \/>\n<meta property=\"og:type\" content=\"article\" \/>\n<meta property=\"og:title\" content=\"Hyper-Realistic\u00ae Moulage Kit (HRMK)\" \/>\n<meta property=\"og:description\" content=\"Das Hyper-Realistic\u00ae Moulage Kit (HRMK) erm\u00f6glicht die Erstellung ultrarealistischer Verletzungen f\u00fcr die medizinische Simulation und das taktische Training.\" \/>\n<meta property=\"og:url\" content=\"https:\/\/lifesupportdistribution.fr\/de\/produkt\/hyper-realistic-moulage-kit-hrmk\/\" \/>\n<meta property=\"og:site_name\" content=\"Life Support Distribution\" \/>\n<meta property=\"og:image\" content=\"https:\/\/lifesupportdistribution.fr\/wp-content\/uploads\/2026\/02\/Image-HRMK-1.png\" \/>\n\t<meta property=\"og:image:width\" content=\"1038\" \/>\n\t<meta property=\"og:image:height\" content=\"666\" \/>\n\t<meta property=\"og:image:type\" content=\"image\/png\" \/>\n<meta name=\"twitter:card\" content=\"summary_large_image\" \/>\n<meta name=\"twitter:label1\" content=\"Gesch\u00e4tzte Lesezeit\" \/>\n\t<meta name=\"twitter:data1\" content=\"1\u00a0Minute\" \/>\n<script type=\"application\/ld+json\" class=\"yoast-schema-graph\">{\"@context\":\"https:\/\/schema.org\",\"@graph\":[{\"@type\":\"WebPage\",\"@id\":\"https:\/\/lifesupportdistribution.fr\/de\/produkt\/hyper-realistic-moulage-kit-hrmk\/\",\"url\":\"https:\/\/lifesupportdistribution.fr\/de\/produkt\/hyper-realistic-moulage-kit-hrmk\/\",\"name\":\"Hyper-Realistic\u00ae Moulage Kit (HRMK)\",\"isPartOf\":{\"@id\":\"https:\/\/lifesupportdistribution.fr\/de\/#website\"},\"primaryImageOfPage\":{\"@id\":\"https:\/\/lifesupportdistribution.fr\/de\/produkt\/hyper-realistic-moulage-kit-hrmk\/#primaryimage\"},\"image\":{\"@id\":\"https:\/\/lifesupportdistribution.fr\/de\/produkt\/hyper-realistic-moulage-kit-hrmk\/#primaryimage\"},\"thumbnailUrl\":\"https:\/\/lifesupportdistribution.fr\/wp-content\/uploads\/2026\/02\/Image-HRMK-1.png\",\"datePublished\":\"2026-02-21T22:24:55+00:00\",\"description\":\"Das Hyper-Realistic\u00ae Moulage Kit (HRMK) erm\u00f6glicht die Erstellung ultrarealistischer Verletzungen f\u00fcr die medizinische Simulation und das taktische Training.\",\"breadcrumb\":{\"@id\":\"https:\/\/lifesupportdistribution.fr\/de\/produkt\/hyper-realistic-moulage-kit-hrmk\/#breadcrumb\"},\"inLanguage\":\"de\",\"potentialAction\":[{\"@type\":\"ReadAction\",\"target\":[\"https:\/\/lifesupportdistribution.fr\/de\/produkt\/hyper-realistic-moulage-kit-hrmk\/\"]}]},{\"@type\":\"ImageObject\",\"inLanguage\":\"de\",\"@id\":\"https:\/\/lifesupportdistribution.fr\/de\/produkt\/hyper-realistic-moulage-kit-hrmk\/#primaryimage\",\"url\":\"https:\/\/lifesupportdistribution.fr\/wp-content\/uploads\/2026\/02\/Image-HRMK-1.png\",\"contentUrl\":\"https:\/\/lifesupportdistribution.fr\/wp-content\/uploads\/2026\/02\/Image-HRMK-1.png\",\"width\":1038,\"height\":666},{\"@type\":\"BreadcrumbList\",\"@id\":\"https:\/\/lifesupportdistribution.fr\/de\/produkt\/hyper-realistic-moulage-kit-hrmk\/#breadcrumb\",\"itemListElement\":[{\"@type\":\"ListItem\",\"position\":1,\"name\":\"Accueil\",\"item\":\"https:\/\/lifesupportdistribution.fr\/de\/startseite\/\"},{\"@type\":\"ListItem\",\"position\":2,\"name\":\"Shop\",\"item\":\"https:\/\/lifesupportdistribution.fr\/de\/shop\/\"},{\"@type\":\"ListItem\",\"position\":3,\"name\":\"Hyper-Realistic\u00ae Moulage Kit (HRMK)\"}]},{\"@type\":\"WebSite\",\"@id\":\"https:\/\/lifesupportdistribution.fr\/de\/#website\",\"url\":\"https:\/\/lifesupportdistribution.fr\/de\/\",\"name\":\"Life Support Distribution\",\"description\":\"Solutions en simulation m\u00e9dicale\",\"publisher\":{\"@id\":\"https:\/\/lifesupportdistribution.fr\/de\/#organization\"},\"potentialAction\":[{\"@type\":\"SearchAction\",\"target\":{\"@type\":\"EntryPoint\",\"urlTemplate\":\"https:\/\/lifesupportdistribution.fr\/de\/?s={search_term_string}\"},\"query-input\":{\"@type\":\"PropertyValueSpecification\",\"valueRequired\":true,\"valueName\":\"search_term_string\"}}],\"inLanguage\":\"de\"},{\"@type\":\"Organization\",\"@id\":\"https:\/\/lifesupportdistribution.fr\/de\/#organization\",\"name\":\"Life Support Distribution\",\"url\":\"https:\/\/lifesupportdistribution.fr\/de\/\",\"logo\":{\"@type\":\"ImageObject\",\"inLanguage\":\"de\",\"@id\":\"https:\/\/lifesupportdistribution.fr\/de\/#\/schema\/logo\/image\/\",\"url\":\"https:\/\/lifesupportdistribution.fr\/wp-content\/uploads\/2025\/10\/logo-life-support-distribution.svg\",\"contentUrl\":\"https:\/\/lifesupportdistribution.fr\/wp-content\/uploads\/2025\/10\/logo-life-support-distribution.svg\",\"width\":698,\"height\":223,\"caption\":\"Life Support Distribution\"},\"image\":{\"@id\":\"https:\/\/lifesupportdistribution.fr\/de\/#\/schema\/logo\/image\/\"},\"sameAs\":[\"https:\/\/www.linkedin.com\/company\/life-support-distribution\/\"]}]}<\/script>\n<!-- \/ Yoast SEO plugin. -->","yoast_head_json":{"title":"Hyper-Realistic\u00ae Moulage Kit (HRMK)","description":"Das Hyper-Realistic\u00ae Moulage Kit (HRMK) erm\u00f6glicht die Erstellung ultrarealistischer Verletzungen f\u00fcr die medizinische Simulation und das taktische Training.","robots":{"index":"index","follow":"follow","max-snippet":"max-snippet:-1","max-image-preview":"max-image-preview:large","max-video-preview":"max-video-preview:-1"},"canonical":"https:\/\/lifesupportdistribution.fr\/de\/produkt\/hyper-realistic-moulage-kit-hrmk\/","og_locale":"de_DE","og_type":"article","og_title":"Hyper-Realistic\u00ae Moulage Kit (HRMK)","og_description":"Das Hyper-Realistic\u00ae Moulage Kit (HRMK) erm\u00f6glicht die Erstellung ultrarealistischer Verletzungen f\u00fcr die medizinische Simulation und das taktische Training.","og_url":"https:\/\/lifesupportdistribution.fr\/de\/produkt\/hyper-realistic-moulage-kit-hrmk\/","og_site_name":"Life Support Distribution","og_image":[{"width":1038,"height":666,"url":"https:\/\/lifesupportdistribution.fr\/wp-content\/uploads\/2026\/02\/Image-HRMK-1.png","type":"image\/png"}],"twitter_card":"summary_large_image","twitter_misc":{"Gesch\u00e4tzte Lesezeit":"1\u00a0Minute"},"schema":{"@context":"https:\/\/schema.org","@graph":[{"@type":"WebPage","@id":"https:\/\/lifesupportdistribution.fr\/de\/produkt\/hyper-realistic-moulage-kit-hrmk\/","url":"https:\/\/lifesupportdistribution.fr\/de\/produkt\/hyper-realistic-moulage-kit-hrmk\/","name":"Hyper-Realistic\u00ae Moulage Kit (HRMK)","isPartOf":{"@id":"https:\/\/lifesupportdistribution.fr\/de\/#website"},"primaryImageOfPage":{"@id":"https:\/\/lifesupportdistribution.fr\/de\/produkt\/hyper-realistic-moulage-kit-hrmk\/#primaryimage"},"image":{"@id":"https:\/\/lifesupportdistribution.fr\/de\/produkt\/hyper-realistic-moulage-kit-hrmk\/#primaryimage"},"thumbnailUrl":"https:\/\/lifesupportdistribution.fr\/wp-content\/uploads\/2026\/02\/Image-HRMK-1.png","datePublished":"2026-02-21T22:24:55+00:00","description":"Das Hyper-Realistic\u00ae Moulage Kit (HRMK) erm\u00f6glicht die Erstellung ultrarealistischer Verletzungen f\u00fcr die medizinische Simulation und das taktische Training.","breadcrumb":{"@id":"https:\/\/lifesupportdistribution.fr\/de\/produkt\/hyper-realistic-moulage-kit-hrmk\/#breadcrumb"},"inLanguage":"de","potentialAction":[{"@type":"ReadAction","target":["https:\/\/lifesupportdistribution.fr\/de\/produkt\/hyper-realistic-moulage-kit-hrmk\/"]}]},{"@type":"ImageObject","inLanguage":"de","@id":"https:\/\/lifesupportdistribution.fr\/de\/produkt\/hyper-realistic-moulage-kit-hrmk\/#primaryimage","url":"https:\/\/lifesupportdistribution.fr\/wp-content\/uploads\/2026\/02\/Image-HRMK-1.png","contentUrl":"https:\/\/lifesupportdistribution.fr\/wp-content\/uploads\/2026\/02\/Image-HRMK-1.png","width":1038,"height":666},{"@type":"BreadcrumbList","@id":"https:\/\/lifesupportdistribution.fr\/de\/produkt\/hyper-realistic-moulage-kit-hrmk\/#breadcrumb","itemListElement":[{"@type":"ListItem","position":1,"name":"Accueil","item":"https:\/\/lifesupportdistribution.fr\/de\/startseite\/"},{"@type":"ListItem","position":2,"name":"Shop","item":"https:\/\/lifesupportdistribution.fr\/de\/shop\/"},{"@type":"ListItem","position":3,"name":"Hyper-Realistic\u00ae Moulage Kit (HRMK)"}]},{"@type":"WebSite","@id":"https:\/\/lifesupportdistribution.fr\/de\/#website","url":"https:\/\/lifesupportdistribution.fr\/de\/","name":"Life Support Distribution","description":"Solutions en simulation m\u00e9dicale","publisher":{"@id":"https:\/\/lifesupportdistribution.fr\/de\/#organization"},"potentialAction":[{"@type":"SearchAction","target":{"@type":"EntryPoint","urlTemplate":"https:\/\/lifesupportdistribution.fr\/de\/?s={search_term_string}"},"query-input":{"@type":"PropertyValueSpecification","valueRequired":true,"valueName":"search_term_string"}}],"inLanguage":"de"},{"@type":"Organization","@id":"https:\/\/lifesupportdistribution.fr\/de\/#organization","name":"Life Support Distribution","url":"https:\/\/lifesupportdistribution.fr\/de\/","logo":{"@type":"ImageObject","inLanguage":"de","@id":"https:\/\/lifesupportdistribution.fr\/de\/#\/schema\/logo\/image\/","url":"https:\/\/lifesupportdistribution.fr\/wp-content\/uploads\/2025\/10\/logo-life-support-distribution.svg","contentUrl":"https:\/\/lifesupportdistribution.fr\/wp-content\/uploads\/2025\/10\/logo-life-support-distribution.svg","width":698,"height":223,"caption":"Life Support Distribution"},"image":{"@id":"https:\/\/lifesupportdistribution.fr\/de\/#\/schema\/logo\/image\/"},"sameAs":["https:\/\/www.linkedin.com\/company\/life-support-distribution\/"]}]}},"_links":{"self":[{"href":"https:\/\/lifesupportdistribution.fr\/de\/wp-json\/wp\/v2\/product\/7160","targetHints":{"allow":["GET"]}}],"collection":[{"href":"https:\/\/lifesupportdistribution.fr\/de\/wp-json\/wp\/v2\/product"}],"about":[{"href":"https:\/\/lifesupportdistribution.fr\/de\/wp-json\/wp\/v2\/types\/product"}],"wp:featuredmedia":[{"embeddable":true,"href":"https:\/\/lifesupportdistribution.fr\/de\/wp-json\/wp\/v2\/media\/6791"}],"wp:attachment":[{"href":"https:\/\/lifesupportdistribution.fr\/de\/wp-json\/wp\/v2\/media?parent=7160"}],"wp:term":[{"taxonomy":"product_brand","embeddable":true,"href":"https:\/\/lifesupportdistribution.fr\/de\/wp-json\/wp\/v2\/product_brand?post=7160"},{"taxonomy":"product_cat","embeddable":true,"href":"https:\/\/lifesupportdistribution.fr\/de\/wp-json\/wp\/v2\/product_cat?post=7160"},{"taxonomy":"product_tag","embeddable":true,"href":"https:\/\/lifesupportdistribution.fr\/de\/wp-json\/wp\/v2\/product_tag?post=7160"}],"curies":[{"name":"wp","href":"https:\/\/api.w.org\/{rel}","templated":true}]}}