{"id":7174,"date":"2026-02-21T21:48:20","date_gmt":"2026-02-21T20:48:20","guid":{"rendered":"https:\/\/lifesupportdistribution.fr\/produits\/mascas-simulation-kit-mass-casualty\/"},"modified":"2026-02-21T21:48:20","modified_gmt":"2026-02-21T20:48:20","slug":"mascas-simulation-kit-mass-casualty","status":"publish","type":"product","link":"https:\/\/lifesupportdistribution.fr\/de\/produkt\/mascas-simulation-kit-mass-casualty\/","title":{"rendered":"MASCAS Simulation Kit (Mass Casualty)"},"content":{"rendered":"<p><strong>Das MASCAS Simulation Kit von STOPS Medical<\/strong> ist ein umfassendes Ausbildungswerkzeug f\u00fcr die <strong>Bew\u00e4ltigung von Massenanf\u00e4llen von Verletzten in zivilen, milit\u00e4rischen oder Notfallrettungskontexten.<\/strong> Es reproduziert mit <strong>beeindruckendem Realismus die Verletzungen, die in Katastrophen- oder taktischen Einsatzgebieten auftreten.<\/strong> Jedes Element des Kits ist darauf ausgelegt, vollst\u00e4ndige Immersion zu schaffen und die beh\u00f6rden\u00fcbergreifende Koordination, Teamkommunikation und das Management von Einsatzstress zu f\u00f6rdern. Einfach einzusetzen, umfasst das Kit <strong>hyperrealistische geformte Wunden, simulierte Fl\u00fcssigkeiten und Hautklebstoffe<\/strong>, die es erm\u00f6glichen, <strong>komplexe Unfall- oder Angriffsszenarien nachzustellen.<\/strong> Wiederverwendbar und modular passt es sich allen p\u00e4dagogischen Szenarien an und stellt eine unverzichtbare Ressource f\u00fcr das Training in Triage, Versorgung und Evakuierung von Verletzten dar. <\/p>\n","protected":false},"excerpt":{"rendered":"<p>Das MASCAS Simulation Kit ist ein <strong>komplettes Set, das f\u00fcr die Darstellung von Notfallsituationen im gro\u00dfen Ma\u00dfstab konzipiert wurde<\/strong>, mit hyperrealistischen Verletzungen und pr\u00e4ziser Blutungskontrolle. <strong>Es erm\u00f6glicht die Verwandlung von Statisten oder Puppen in glaubw\u00fcrdige Verletzte<\/strong> (penetrierende Traumata, Verbrennungen, offene Frakturen, nicht abbindbare Blutungen) und die Durchf\u00fchrung von Multi-Team-\u00dcbungen, im Raum wie im Gel\u00e4nde, dank schnellem Einsatz und langlebigem Material.<\/p>\n","protected":false},"featured_media":6759,"template":"","meta":[],"product_brand":[271],"product_cat":[220],"product_tag":[250,236,255],"class_list":{"0":"post-7174","1":"product","2":"type-product","3":"status-publish","4":"has-post-thumbnail","6":"product_brand-stops-medical","7":"product_cat-simulierte-patienten","8":"product_tag-chirurgie","9":"product_tag-notfallmedizin","10":"product_tag-traumatologie","12":"first","13":"instock","14":"shipping-taxable","15":"purchasable","16":"product-type-simple"},"yoast_head":"<!-- This site is optimized with the Yoast SEO plugin v26.8 - https:\/\/yoast.com\/product\/yoast-seo-wordpress\/ -->\n<title>MASCAS Simulation Kit \u2013 Massenanfall von Verletzten<\/title>\n<meta name=\"description\" content=\"Das MASCAS Simulation Kit wurde f\u00fcr die Ausbildung in der Bew\u00e4ltigung von Massenanf\u00e4llen von Verletzten und der Triage in Gro\u00dfschadenslagen entwickelt.\" \/>\n<meta name=\"robots\" content=\"index, follow, max-snippet:-1, max-image-preview:large, max-video-preview:-1\" \/>\n<link rel=\"canonical\" href=\"https:\/\/lifesupportdistribution.fr\/de\/produkt\/mascas-simulation-kit-mass-casualty\/\" \/>\n<meta property=\"og:locale\" content=\"de_DE\" \/>\n<meta property=\"og:type\" content=\"article\" \/>\n<meta property=\"og:title\" content=\"MASCAS Simulation Kit \u2013 Massenanfall von Verletzten\" \/>\n<meta property=\"og:description\" content=\"Das MASCAS Simulation Kit wurde f\u00fcr die Ausbildung in der Bew\u00e4ltigung von Massenanf\u00e4llen von Verletzten und der Triage in Gro\u00dfschadenslagen entwickelt.\" \/>\n<meta property=\"og:url\" content=\"https:\/\/lifesupportdistribution.fr\/de\/produkt\/mascas-simulation-kit-mass-casualty\/\" \/>\n<meta property=\"og:site_name\" content=\"Life Support Distribution\" \/>\n<meta property=\"og:image\" content=\"https:\/\/lifesupportdistribution.fr\/wp-content\/uploads\/2026\/02\/MASCAS-KIT-1.png\" \/>\n\t<meta property=\"og:image:width\" content=\"1042\" \/>\n\t<meta property=\"og:image:height\" content=\"1054\" \/>\n\t<meta property=\"og:image:type\" content=\"image\/png\" \/>\n<meta name=\"twitter:card\" content=\"summary_large_image\" \/>\n<meta name=\"twitter:label1\" content=\"Gesch\u00e4tzte Lesezeit\" \/>\n\t<meta name=\"twitter:data1\" content=\"1\u00a0Minute\" \/>\n<script type=\"application\/ld+json\" class=\"yoast-schema-graph\">{\"@context\":\"https:\/\/schema.org\",\"@graph\":[{\"@type\":\"WebPage\",\"@id\":\"https:\/\/lifesupportdistribution.fr\/de\/produkt\/mascas-simulation-kit-mass-casualty\/\",\"url\":\"https:\/\/lifesupportdistribution.fr\/de\/produkt\/mascas-simulation-kit-mass-casualty\/\",\"name\":\"MASCAS Simulation Kit \u2013 Massenanfall von Verletzten\",\"isPartOf\":{\"@id\":\"https:\/\/lifesupportdistribution.fr\/de\/#website\"},\"primaryImageOfPage\":{\"@id\":\"https:\/\/lifesupportdistribution.fr\/de\/produkt\/mascas-simulation-kit-mass-casualty\/#primaryimage\"},\"image\":{\"@id\":\"https:\/\/lifesupportdistribution.fr\/de\/produkt\/mascas-simulation-kit-mass-casualty\/#primaryimage\"},\"thumbnailUrl\":\"https:\/\/lifesupportdistribution.fr\/wp-content\/uploads\/2026\/02\/MASCAS-KIT-1.png\",\"datePublished\":\"2026-02-21T20:48:20+00:00\",\"description\":\"Das MASCAS Simulation Kit wurde f\u00fcr die Ausbildung in der Bew\u00e4ltigung von Massenanf\u00e4llen von Verletzten und der Triage in Gro\u00dfschadenslagen entwickelt.\",\"breadcrumb\":{\"@id\":\"https:\/\/lifesupportdistribution.fr\/de\/produkt\/mascas-simulation-kit-mass-casualty\/#breadcrumb\"},\"inLanguage\":\"de\",\"potentialAction\":[{\"@type\":\"ReadAction\",\"target\":[\"https:\/\/lifesupportdistribution.fr\/de\/produkt\/mascas-simulation-kit-mass-casualty\/\"]}]},{\"@type\":\"ImageObject\",\"inLanguage\":\"de\",\"@id\":\"https:\/\/lifesupportdistribution.fr\/de\/produkt\/mascas-simulation-kit-mass-casualty\/#primaryimage\",\"url\":\"https:\/\/lifesupportdistribution.fr\/wp-content\/uploads\/2026\/02\/MASCAS-KIT-1.png\",\"contentUrl\":\"https:\/\/lifesupportdistribution.fr\/wp-content\/uploads\/2026\/02\/MASCAS-KIT-1.png\",\"width\":1042,\"height\":1054},{\"@type\":\"BreadcrumbList\",\"@id\":\"https:\/\/lifesupportdistribution.fr\/de\/produkt\/mascas-simulation-kit-mass-casualty\/#breadcrumb\",\"itemListElement\":[{\"@type\":\"ListItem\",\"position\":1,\"name\":\"Accueil\",\"item\":\"https:\/\/lifesupportdistribution.fr\/de\/startseite\/\"},{\"@type\":\"ListItem\",\"position\":2,\"name\":\"Shop\",\"item\":\"https:\/\/lifesupportdistribution.fr\/de\/shop\/\"},{\"@type\":\"ListItem\",\"position\":3,\"name\":\"MASCAS Simulation Kit (Mass Casualty)\"}]},{\"@type\":\"WebSite\",\"@id\":\"https:\/\/lifesupportdistribution.fr\/de\/#website\",\"url\":\"https:\/\/lifesupportdistribution.fr\/de\/\",\"name\":\"Life Support Distribution\",\"description\":\"Solutions en simulation m\u00e9dicale\",\"publisher\":{\"@id\":\"https:\/\/lifesupportdistribution.fr\/de\/#organization\"},\"potentialAction\":[{\"@type\":\"SearchAction\",\"target\":{\"@type\":\"EntryPoint\",\"urlTemplate\":\"https:\/\/lifesupportdistribution.fr\/de\/?s={search_term_string}\"},\"query-input\":{\"@type\":\"PropertyValueSpecification\",\"valueRequired\":true,\"valueName\":\"search_term_string\"}}],\"inLanguage\":\"de\"},{\"@type\":\"Organization\",\"@id\":\"https:\/\/lifesupportdistribution.fr\/de\/#organization\",\"name\":\"Life Support Distribution\",\"url\":\"https:\/\/lifesupportdistribution.fr\/de\/\",\"logo\":{\"@type\":\"ImageObject\",\"inLanguage\":\"de\",\"@id\":\"https:\/\/lifesupportdistribution.fr\/de\/#\/schema\/logo\/image\/\",\"url\":\"https:\/\/lifesupportdistribution.fr\/wp-content\/uploads\/2025\/10\/logo-life-support-distribution.svg\",\"contentUrl\":\"https:\/\/lifesupportdistribution.fr\/wp-content\/uploads\/2025\/10\/logo-life-support-distribution.svg\",\"width\":698,\"height\":223,\"caption\":\"Life Support Distribution\"},\"image\":{\"@id\":\"https:\/\/lifesupportdistribution.fr\/de\/#\/schema\/logo\/image\/\"},\"sameAs\":[\"https:\/\/www.linkedin.com\/company\/life-support-distribution\/\"]}]}<\/script>\n<!-- \/ Yoast SEO plugin. -->","yoast_head_json":{"title":"MASCAS Simulation Kit \u2013 Massenanfall von Verletzten","description":"Das MASCAS Simulation Kit wurde f\u00fcr die Ausbildung in der Bew\u00e4ltigung von Massenanf\u00e4llen von Verletzten und der Triage in Gro\u00dfschadenslagen entwickelt.","robots":{"index":"index","follow":"follow","max-snippet":"max-snippet:-1","max-image-preview":"max-image-preview:large","max-video-preview":"max-video-preview:-1"},"canonical":"https:\/\/lifesupportdistribution.fr\/de\/produkt\/mascas-simulation-kit-mass-casualty\/","og_locale":"de_DE","og_type":"article","og_title":"MASCAS Simulation Kit \u2013 Massenanfall von Verletzten","og_description":"Das MASCAS Simulation Kit wurde f\u00fcr die Ausbildung in der Bew\u00e4ltigung von Massenanf\u00e4llen von Verletzten und der Triage in Gro\u00dfschadenslagen entwickelt.","og_url":"https:\/\/lifesupportdistribution.fr\/de\/produkt\/mascas-simulation-kit-mass-casualty\/","og_site_name":"Life Support Distribution","og_image":[{"width":1042,"height":1054,"url":"https:\/\/lifesupportdistribution.fr\/wp-content\/uploads\/2026\/02\/MASCAS-KIT-1.png","type":"image\/png"}],"twitter_card":"summary_large_image","twitter_misc":{"Gesch\u00e4tzte Lesezeit":"1\u00a0Minute"},"schema":{"@context":"https:\/\/schema.org","@graph":[{"@type":"WebPage","@id":"https:\/\/lifesupportdistribution.fr\/de\/produkt\/mascas-simulation-kit-mass-casualty\/","url":"https:\/\/lifesupportdistribution.fr\/de\/produkt\/mascas-simulation-kit-mass-casualty\/","name":"MASCAS Simulation Kit \u2013 Massenanfall von Verletzten","isPartOf":{"@id":"https:\/\/lifesupportdistribution.fr\/de\/#website"},"primaryImageOfPage":{"@id":"https:\/\/lifesupportdistribution.fr\/de\/produkt\/mascas-simulation-kit-mass-casualty\/#primaryimage"},"image":{"@id":"https:\/\/lifesupportdistribution.fr\/de\/produkt\/mascas-simulation-kit-mass-casualty\/#primaryimage"},"thumbnailUrl":"https:\/\/lifesupportdistribution.fr\/wp-content\/uploads\/2026\/02\/MASCAS-KIT-1.png","datePublished":"2026-02-21T20:48:20+00:00","description":"Das MASCAS Simulation Kit wurde f\u00fcr die Ausbildung in der Bew\u00e4ltigung von Massenanf\u00e4llen von Verletzten und der Triage in Gro\u00dfschadenslagen entwickelt.","breadcrumb":{"@id":"https:\/\/lifesupportdistribution.fr\/de\/produkt\/mascas-simulation-kit-mass-casualty\/#breadcrumb"},"inLanguage":"de","potentialAction":[{"@type":"ReadAction","target":["https:\/\/lifesupportdistribution.fr\/de\/produkt\/mascas-simulation-kit-mass-casualty\/"]}]},{"@type":"ImageObject","inLanguage":"de","@id":"https:\/\/lifesupportdistribution.fr\/de\/produkt\/mascas-simulation-kit-mass-casualty\/#primaryimage","url":"https:\/\/lifesupportdistribution.fr\/wp-content\/uploads\/2026\/02\/MASCAS-KIT-1.png","contentUrl":"https:\/\/lifesupportdistribution.fr\/wp-content\/uploads\/2026\/02\/MASCAS-KIT-1.png","width":1042,"height":1054},{"@type":"BreadcrumbList","@id":"https:\/\/lifesupportdistribution.fr\/de\/produkt\/mascas-simulation-kit-mass-casualty\/#breadcrumb","itemListElement":[{"@type":"ListItem","position":1,"name":"Accueil","item":"https:\/\/lifesupportdistribution.fr\/de\/startseite\/"},{"@type":"ListItem","position":2,"name":"Shop","item":"https:\/\/lifesupportdistribution.fr\/de\/shop\/"},{"@type":"ListItem","position":3,"name":"MASCAS Simulation Kit (Mass Casualty)"}]},{"@type":"WebSite","@id":"https:\/\/lifesupportdistribution.fr\/de\/#website","url":"https:\/\/lifesupportdistribution.fr\/de\/","name":"Life Support Distribution","description":"Solutions en simulation m\u00e9dicale","publisher":{"@id":"https:\/\/lifesupportdistribution.fr\/de\/#organization"},"potentialAction":[{"@type":"SearchAction","target":{"@type":"EntryPoint","urlTemplate":"https:\/\/lifesupportdistribution.fr\/de\/?s={search_term_string}"},"query-input":{"@type":"PropertyValueSpecification","valueRequired":true,"valueName":"search_term_string"}}],"inLanguage":"de"},{"@type":"Organization","@id":"https:\/\/lifesupportdistribution.fr\/de\/#organization","name":"Life Support Distribution","url":"https:\/\/lifesupportdistribution.fr\/de\/","logo":{"@type":"ImageObject","inLanguage":"de","@id":"https:\/\/lifesupportdistribution.fr\/de\/#\/schema\/logo\/image\/","url":"https:\/\/lifesupportdistribution.fr\/wp-content\/uploads\/2025\/10\/logo-life-support-distribution.svg","contentUrl":"https:\/\/lifesupportdistribution.fr\/wp-content\/uploads\/2025\/10\/logo-life-support-distribution.svg","width":698,"height":223,"caption":"Life Support Distribution"},"image":{"@id":"https:\/\/lifesupportdistribution.fr\/de\/#\/schema\/logo\/image\/"},"sameAs":["https:\/\/www.linkedin.com\/company\/life-support-distribution\/"]}]}},"_links":{"self":[{"href":"https:\/\/lifesupportdistribution.fr\/de\/wp-json\/wp\/v2\/product\/7174","targetHints":{"allow":["GET"]}}],"collection":[{"href":"https:\/\/lifesupportdistribution.fr\/de\/wp-json\/wp\/v2\/product"}],"about":[{"href":"https:\/\/lifesupportdistribution.fr\/de\/wp-json\/wp\/v2\/types\/product"}],"wp:featuredmedia":[{"embeddable":true,"href":"https:\/\/lifesupportdistribution.fr\/de\/wp-json\/wp\/v2\/media\/6759"}],"wp:attachment":[{"href":"https:\/\/lifesupportdistribution.fr\/de\/wp-json\/wp\/v2\/media?parent=7174"}],"wp:term":[{"taxonomy":"product_brand","embeddable":true,"href":"https:\/\/lifesupportdistribution.fr\/de\/wp-json\/wp\/v2\/product_brand?post=7174"},{"taxonomy":"product_cat","embeddable":true,"href":"https:\/\/lifesupportdistribution.fr\/de\/wp-json\/wp\/v2\/product_cat?post=7174"},{"taxonomy":"product_tag","embeddable":true,"href":"https:\/\/lifesupportdistribution.fr\/de\/wp-json\/wp\/v2\/product_tag?post=7174"}],"curies":[{"name":"wp","href":"https:\/\/api.w.org\/{rel}","templated":true}]}}