{"id":7200,"date":"2026-02-20T16:05:09","date_gmt":"2026-02-20T15:05:09","guid":{"rendered":"https:\/\/lifesupportdistribution.fr\/produits\/blood-pumping-system-deluxe-bps-d\/"},"modified":"2026-02-20T16:05:09","modified_gmt":"2026-02-20T15:05:09","slug":"blood-pumping-system-deluxe-bps-d","status":"publish","type":"product","link":"https:\/\/lifesupportdistribution.fr\/de\/produkt\/blood-pumping-system-deluxe-bps-d\/","title":{"rendered":"Blood Pumping System Deluxe (BPS-D)"},"content":{"rendered":"<p><strong>Das BPS-D ist der ideale Begleiter f\u00fcr das Training lebensrettender taktischer Ma\u00dfnahmen<\/strong>, des Blutungsmanagements und der <a href=\"https:\/\/lifesupportdistribution.fr\/produits\/tccc-ems-cut-suit\/\">TCCC\/TECC\/EMS-Protokolle<\/a>.<br \/>\nSein tragbares Design erm\u00f6glicht einen schnellen Aufbau in wenigen Minuten, mit einem gro\u00dfvolumigen Eimer-Reservoir, mehreren unabh\u00e4ngigen Ausg\u00e4ngen und einem einfachen Steuerungssystem (schneller Start\/Stopp).<br \/>\nDer Pulsationsmodus reproduziert die Dynamik einer arteriellen Blutung unter Druck, w\u00e4hrend der kontinuierliche Modus ven\u00f6se Blutverluste imitiert. Diese Einstellungen erm\u00f6glichen es, <strong>jedes Szenario an die Schwere der simulierten Verletzung anzupassen.<\/strong><br \/>\nDas Ger\u00e4t ist kompatibel mit Standard-Kunstblut, das in der medizinischen Simulation verwendet wird, und mit den meisten STOPS Medical Blutungsmodulen (Cut Suit\u00ae, Abg\u00fcsse und autonome Wunden). <\/p>\n","protected":false},"excerpt":{"rendered":"<p>Das Blood Pumping System Deluxe (BPS-D) ist ein <strong>portables Blutpumpensystem, das entwickelt wurde, um massive Blutungen bei Feld\u00fcbungen<\/strong>, TCCC\/TECC-Trainings und pr\u00e4klinischen Interventionen realistisch zu simulieren.<br \/>\n<strong>Kompakt, robust und einfach zu bedienen,<\/strong> reproduziert es sowohl pulsierende arterielle als auch kontinuierliche ven\u00f6se Blutfl\u00fcsse und erm\u00f6glicht so ein praktisches und immersives Training der Blutstillung.<br \/>\nDank seines einstellbaren Durchflusses und seiner Vielseitigkeit kann <strong>das BPS-D mehrere Wundstellen gleichzeitig versorgen<\/strong> und gew\u00e4hrleistet so einen optimalen operativen Realismus sowohl im Simulationszentrum als auch im Feld.<\/p>\n","protected":false},"featured_media":6733,"template":"","meta":[],"product_brand":[271],"product_cat":[222,220],"product_tag":[250,236,255],"class_list":{"0":"post-7200","1":"product","2":"type-product","3":"status-publish","4":"has-post-thumbnail","6":"product_brand-stops-medical","7":"product_cat-simulatoren-fur-medizinische-versorgung","8":"product_cat-simulierte-patienten","9":"product_tag-chirurgie","10":"product_tag-notfallmedizin","11":"product_tag-traumatologie","13":"first","14":"instock","15":"shipping-taxable","16":"purchasable","17":"product-type-simple"},"yoast_head":"<!-- This site is optimized with the Yoast SEO plugin v26.8 - https:\/\/yoast.com\/product\/yoast-seo-wordpress\/ -->\n<title>BPS-D \u2013 Blood Pumping System Deluxe<\/title>\n<meta name=\"description\" content=\"Das BPS-D ist ein fortschrittliches Blutpumpensystem f\u00fcr die Traumata-Simulation und das Training zur H\u00e4morrhagiekontrolle in kritischen Einsatzszenarien.\" \/>\n<meta name=\"robots\" content=\"index, follow, max-snippet:-1, max-image-preview:large, max-video-preview:-1\" \/>\n<link rel=\"canonical\" href=\"https:\/\/lifesupportdistribution.fr\/de\/produkt\/blood-pumping-system-deluxe-bps-d\/\" \/>\n<meta property=\"og:locale\" content=\"de_DE\" \/>\n<meta property=\"og:type\" content=\"article\" \/>\n<meta property=\"og:title\" content=\"BPS-D \u2013 Blood Pumping System Deluxe\" \/>\n<meta property=\"og:description\" content=\"Das BPS-D ist ein fortschrittliches Blutpumpensystem f\u00fcr die Traumata-Simulation und das Training zur H\u00e4morrhagiekontrolle in kritischen Einsatzszenarien.\" \/>\n<meta property=\"og:url\" content=\"https:\/\/lifesupportdistribution.fr\/de\/produkt\/blood-pumping-system-deluxe-bps-d\/\" \/>\n<meta property=\"og:site_name\" content=\"Life Support Distribution\" \/>\n<meta property=\"og:image\" content=\"https:\/\/lifesupportdistribution.fr\/wp-content\/uploads\/2026\/02\/Image-BPS-D-1.png\" \/>\n\t<meta property=\"og:image:width\" content=\"1036\" \/>\n\t<meta property=\"og:image:height\" content=\"1120\" \/>\n\t<meta property=\"og:image:type\" content=\"image\/png\" \/>\n<meta name=\"twitter:card\" content=\"summary_large_image\" \/>\n<meta name=\"twitter:label1\" content=\"Gesch\u00e4tzte Lesezeit\" \/>\n\t<meta name=\"twitter:data1\" content=\"1\u00a0Minute\" \/>\n<script type=\"application\/ld+json\" class=\"yoast-schema-graph\">{\"@context\":\"https:\/\/schema.org\",\"@graph\":[{\"@type\":\"WebPage\",\"@id\":\"https:\/\/lifesupportdistribution.fr\/de\/produkt\/blood-pumping-system-deluxe-bps-d\/\",\"url\":\"https:\/\/lifesupportdistribution.fr\/de\/produkt\/blood-pumping-system-deluxe-bps-d\/\",\"name\":\"BPS-D \u2013 Blood Pumping System Deluxe\",\"isPartOf\":{\"@id\":\"https:\/\/lifesupportdistribution.fr\/de\/#website\"},\"primaryImageOfPage\":{\"@id\":\"https:\/\/lifesupportdistribution.fr\/de\/produkt\/blood-pumping-system-deluxe-bps-d\/#primaryimage\"},\"image\":{\"@id\":\"https:\/\/lifesupportdistribution.fr\/de\/produkt\/blood-pumping-system-deluxe-bps-d\/#primaryimage\"},\"thumbnailUrl\":\"https:\/\/lifesupportdistribution.fr\/wp-content\/uploads\/2026\/02\/Image-BPS-D-1.png\",\"datePublished\":\"2026-02-20T15:05:09+00:00\",\"description\":\"Das BPS-D ist ein fortschrittliches Blutpumpensystem f\u00fcr die Traumata-Simulation und das Training zur H\u00e4morrhagiekontrolle in kritischen Einsatzszenarien.\",\"breadcrumb\":{\"@id\":\"https:\/\/lifesupportdistribution.fr\/de\/produkt\/blood-pumping-system-deluxe-bps-d\/#breadcrumb\"},\"inLanguage\":\"de\",\"potentialAction\":[{\"@type\":\"ReadAction\",\"target\":[\"https:\/\/lifesupportdistribution.fr\/de\/produkt\/blood-pumping-system-deluxe-bps-d\/\"]}]},{\"@type\":\"ImageObject\",\"inLanguage\":\"de\",\"@id\":\"https:\/\/lifesupportdistribution.fr\/de\/produkt\/blood-pumping-system-deluxe-bps-d\/#primaryimage\",\"url\":\"https:\/\/lifesupportdistribution.fr\/wp-content\/uploads\/2026\/02\/Image-BPS-D-1.png\",\"contentUrl\":\"https:\/\/lifesupportdistribution.fr\/wp-content\/uploads\/2026\/02\/Image-BPS-D-1.png\",\"width\":1036,\"height\":1120},{\"@type\":\"BreadcrumbList\",\"@id\":\"https:\/\/lifesupportdistribution.fr\/de\/produkt\/blood-pumping-system-deluxe-bps-d\/#breadcrumb\",\"itemListElement\":[{\"@type\":\"ListItem\",\"position\":1,\"name\":\"Accueil\",\"item\":\"https:\/\/lifesupportdistribution.fr\/de\/startseite\/\"},{\"@type\":\"ListItem\",\"position\":2,\"name\":\"Shop\",\"item\":\"https:\/\/lifesupportdistribution.fr\/de\/shop\/\"},{\"@type\":\"ListItem\",\"position\":3,\"name\":\"Blood Pumping System Deluxe (BPS-D)\"}]},{\"@type\":\"WebSite\",\"@id\":\"https:\/\/lifesupportdistribution.fr\/de\/#website\",\"url\":\"https:\/\/lifesupportdistribution.fr\/de\/\",\"name\":\"Life Support Distribution\",\"description\":\"Solutions en simulation m\u00e9dicale\",\"publisher\":{\"@id\":\"https:\/\/lifesupportdistribution.fr\/de\/#organization\"},\"potentialAction\":[{\"@type\":\"SearchAction\",\"target\":{\"@type\":\"EntryPoint\",\"urlTemplate\":\"https:\/\/lifesupportdistribution.fr\/de\/?s={search_term_string}\"},\"query-input\":{\"@type\":\"PropertyValueSpecification\",\"valueRequired\":true,\"valueName\":\"search_term_string\"}}],\"inLanguage\":\"de\"},{\"@type\":\"Organization\",\"@id\":\"https:\/\/lifesupportdistribution.fr\/de\/#organization\",\"name\":\"Life Support Distribution\",\"url\":\"https:\/\/lifesupportdistribution.fr\/de\/\",\"logo\":{\"@type\":\"ImageObject\",\"inLanguage\":\"de\",\"@id\":\"https:\/\/lifesupportdistribution.fr\/de\/#\/schema\/logo\/image\/\",\"url\":\"https:\/\/lifesupportdistribution.fr\/wp-content\/uploads\/2025\/10\/logo-life-support-distribution.svg\",\"contentUrl\":\"https:\/\/lifesupportdistribution.fr\/wp-content\/uploads\/2025\/10\/logo-life-support-distribution.svg\",\"width\":698,\"height\":223,\"caption\":\"Life Support Distribution\"},\"image\":{\"@id\":\"https:\/\/lifesupportdistribution.fr\/de\/#\/schema\/logo\/image\/\"},\"sameAs\":[\"https:\/\/www.linkedin.com\/company\/life-support-distribution\/\"]}]}<\/script>\n<!-- \/ Yoast SEO plugin. -->","yoast_head_json":{"title":"BPS-D \u2013 Blood Pumping System Deluxe","description":"Das BPS-D ist ein fortschrittliches Blutpumpensystem f\u00fcr die Traumata-Simulation und das Training zur H\u00e4morrhagiekontrolle in kritischen Einsatzszenarien.","robots":{"index":"index","follow":"follow","max-snippet":"max-snippet:-1","max-image-preview":"max-image-preview:large","max-video-preview":"max-video-preview:-1"},"canonical":"https:\/\/lifesupportdistribution.fr\/de\/produkt\/blood-pumping-system-deluxe-bps-d\/","og_locale":"de_DE","og_type":"article","og_title":"BPS-D \u2013 Blood Pumping System Deluxe","og_description":"Das BPS-D ist ein fortschrittliches Blutpumpensystem f\u00fcr die Traumata-Simulation und das Training zur H\u00e4morrhagiekontrolle in kritischen Einsatzszenarien.","og_url":"https:\/\/lifesupportdistribution.fr\/de\/produkt\/blood-pumping-system-deluxe-bps-d\/","og_site_name":"Life Support Distribution","og_image":[{"width":1036,"height":1120,"url":"https:\/\/lifesupportdistribution.fr\/wp-content\/uploads\/2026\/02\/Image-BPS-D-1.png","type":"image\/png"}],"twitter_card":"summary_large_image","twitter_misc":{"Gesch\u00e4tzte Lesezeit":"1\u00a0Minute"},"schema":{"@context":"https:\/\/schema.org","@graph":[{"@type":"WebPage","@id":"https:\/\/lifesupportdistribution.fr\/de\/produkt\/blood-pumping-system-deluxe-bps-d\/","url":"https:\/\/lifesupportdistribution.fr\/de\/produkt\/blood-pumping-system-deluxe-bps-d\/","name":"BPS-D \u2013 Blood Pumping System Deluxe","isPartOf":{"@id":"https:\/\/lifesupportdistribution.fr\/de\/#website"},"primaryImageOfPage":{"@id":"https:\/\/lifesupportdistribution.fr\/de\/produkt\/blood-pumping-system-deluxe-bps-d\/#primaryimage"},"image":{"@id":"https:\/\/lifesupportdistribution.fr\/de\/produkt\/blood-pumping-system-deluxe-bps-d\/#primaryimage"},"thumbnailUrl":"https:\/\/lifesupportdistribution.fr\/wp-content\/uploads\/2026\/02\/Image-BPS-D-1.png","datePublished":"2026-02-20T15:05:09+00:00","description":"Das BPS-D ist ein fortschrittliches Blutpumpensystem f\u00fcr die Traumata-Simulation und das Training zur H\u00e4morrhagiekontrolle in kritischen Einsatzszenarien.","breadcrumb":{"@id":"https:\/\/lifesupportdistribution.fr\/de\/produkt\/blood-pumping-system-deluxe-bps-d\/#breadcrumb"},"inLanguage":"de","potentialAction":[{"@type":"ReadAction","target":["https:\/\/lifesupportdistribution.fr\/de\/produkt\/blood-pumping-system-deluxe-bps-d\/"]}]},{"@type":"ImageObject","inLanguage":"de","@id":"https:\/\/lifesupportdistribution.fr\/de\/produkt\/blood-pumping-system-deluxe-bps-d\/#primaryimage","url":"https:\/\/lifesupportdistribution.fr\/wp-content\/uploads\/2026\/02\/Image-BPS-D-1.png","contentUrl":"https:\/\/lifesupportdistribution.fr\/wp-content\/uploads\/2026\/02\/Image-BPS-D-1.png","width":1036,"height":1120},{"@type":"BreadcrumbList","@id":"https:\/\/lifesupportdistribution.fr\/de\/produkt\/blood-pumping-system-deluxe-bps-d\/#breadcrumb","itemListElement":[{"@type":"ListItem","position":1,"name":"Accueil","item":"https:\/\/lifesupportdistribution.fr\/de\/startseite\/"},{"@type":"ListItem","position":2,"name":"Shop","item":"https:\/\/lifesupportdistribution.fr\/de\/shop\/"},{"@type":"ListItem","position":3,"name":"Blood Pumping System Deluxe (BPS-D)"}]},{"@type":"WebSite","@id":"https:\/\/lifesupportdistribution.fr\/de\/#website","url":"https:\/\/lifesupportdistribution.fr\/de\/","name":"Life Support Distribution","description":"Solutions en simulation m\u00e9dicale","publisher":{"@id":"https:\/\/lifesupportdistribution.fr\/de\/#organization"},"potentialAction":[{"@type":"SearchAction","target":{"@type":"EntryPoint","urlTemplate":"https:\/\/lifesupportdistribution.fr\/de\/?s={search_term_string}"},"query-input":{"@type":"PropertyValueSpecification","valueRequired":true,"valueName":"search_term_string"}}],"inLanguage":"de"},{"@type":"Organization","@id":"https:\/\/lifesupportdistribution.fr\/de\/#organization","name":"Life Support Distribution","url":"https:\/\/lifesupportdistribution.fr\/de\/","logo":{"@type":"ImageObject","inLanguage":"de","@id":"https:\/\/lifesupportdistribution.fr\/de\/#\/schema\/logo\/image\/","url":"https:\/\/lifesupportdistribution.fr\/wp-content\/uploads\/2025\/10\/logo-life-support-distribution.svg","contentUrl":"https:\/\/lifesupportdistribution.fr\/wp-content\/uploads\/2025\/10\/logo-life-support-distribution.svg","width":698,"height":223,"caption":"Life Support Distribution"},"image":{"@id":"https:\/\/lifesupportdistribution.fr\/de\/#\/schema\/logo\/image\/"},"sameAs":["https:\/\/www.linkedin.com\/company\/life-support-distribution\/"]}]}},"_links":{"self":[{"href":"https:\/\/lifesupportdistribution.fr\/de\/wp-json\/wp\/v2\/product\/7200","targetHints":{"allow":["GET"]}}],"collection":[{"href":"https:\/\/lifesupportdistribution.fr\/de\/wp-json\/wp\/v2\/product"}],"about":[{"href":"https:\/\/lifesupportdistribution.fr\/de\/wp-json\/wp\/v2\/types\/product"}],"wp:featuredmedia":[{"embeddable":true,"href":"https:\/\/lifesupportdistribution.fr\/de\/wp-json\/wp\/v2\/media\/6733"}],"wp:attachment":[{"href":"https:\/\/lifesupportdistribution.fr\/de\/wp-json\/wp\/v2\/media?parent=7200"}],"wp:term":[{"taxonomy":"product_brand","embeddable":true,"href":"https:\/\/lifesupportdistribution.fr\/de\/wp-json\/wp\/v2\/product_brand?post=7200"},{"taxonomy":"product_cat","embeddable":true,"href":"https:\/\/lifesupportdistribution.fr\/de\/wp-json\/wp\/v2\/product_cat?post=7200"},{"taxonomy":"product_tag","embeddable":true,"href":"https:\/\/lifesupportdistribution.fr\/de\/wp-json\/wp\/v2\/product_tag?post=7200"}],"curies":[{"name":"wp","href":"https:\/\/api.w.org\/{rel}","templated":true}]}}