{"id":7219,"date":"2026-02-21T20:10:20","date_gmt":"2026-02-21T19:10:20","guid":{"rendered":"https:\/\/lifesupportdistribution.fr\/produits\/blood-pumping-system-basic-bps-b\/"},"modified":"2026-02-21T20:10:20","modified_gmt":"2026-02-21T19:10:20","slug":"blood-pumping-system-basic-bps-b","status":"publish","type":"product","link":"https:\/\/lifesupportdistribution.fr\/de\/produkt\/blood-pumping-system-basic-bps-b\/","title":{"rendered":"Blood Pumping System Basic (BPS-B)"},"content":{"rendered":"<p>Das BPS-B ist ideal f\u00fcr die <strong>Ausbildung in taktischer Verwundetenversorgung, Blutungsmanagement und TCCC- \/ TECC- \/ EMS-Protokollen geeignet.<\/strong><\/p>\n<p><strong>Sein kompaktes Design erm\u00f6glicht einen schnellen und intuitiven Aufbau.<\/strong> Es ist mit einem integrierten Beh\u00e4lter und einem einfachen Steuerungssystem ausgestattet, um den simulierten Blutfluss schnell zu starten oder zu stoppen.<\/p>\n<p><strong>Das System reproduziert kontinuierliche und kontrollierte Blutungen<\/strong>, wodurch p\u00e4dagogische Szenarien an verschiedene Schweregrade angepasst werden k\u00f6nnen.<\/p>\n<p>Das BPS-B ist mit dem in der medizinischen Simulation \u00fcblichen Kunstblut kompatibel und funktioniert mit den STOPS Medical Blutungsmodulen (Cut Suit\u00ae, Moulagen und Simulationswunden).<\/p>\n","protected":false},"excerpt":{"rendered":"<p>Das Blood Pumping System Basic (BPS-B) ist ein <strong>tragbares Blutpumpsystem zur realistischen Simulation von Blutungen bei taktischen Schulungen<\/strong>, TCCC\/TECC und pr\u00e4klinischen Eins\u00e4tzen.<\/p>\n<p><strong>Kompakt, benutzerfreundlich und robust<\/strong> erm\u00f6glicht es die Nachstellung <strong>kontrollierter Blutungsszenarien f\u00fcr ein effektives Training<\/strong> lebensrettender Ma\u00dfnahmen zur Blutstillung.<\/p>\n<p>Dank der einstellbaren Durchflussrate und des tragbaren Designs ist das BPS-B ideal f\u00fcr Simulationszentren sowie f\u00fcr \u00dcbungen im Gel\u00e4nde.<\/p>\n","protected":false},"featured_media":6739,"template":"","meta":[],"product_brand":[271],"product_cat":[222,220],"product_tag":[250,236,255],"class_list":{"0":"post-7219","1":"product","2":"type-product","3":"status-publish","4":"has-post-thumbnail","6":"product_brand-stops-medical","7":"product_cat-simulatoren-fur-medizinische-versorgung","8":"product_cat-simulierte-patienten","9":"product_tag-chirurgie","10":"product_tag-notfallmedizin","11":"product_tag-traumatologie","13":"first","14":"instock","15":"shipping-taxable","16":"purchasable","17":"product-type-simple"},"yoast_head":"<!-- This site is optimized with the Yoast SEO plugin v26.8 - https:\/\/yoast.com\/product\/yoast-seo-wordpress\/ -->\n<title>Blood Pumping System Basic BPS-B \u2013 Simulation<\/title>\n<meta name=\"description\" content=\"Das BPS-B ist ein tragbares Blutungssimulationssystem f\u00fcr die TCCC-, TECC- und pr\u00e4klinische Ausbildung.\" \/>\n<meta name=\"robots\" content=\"index, follow, max-snippet:-1, max-image-preview:large, max-video-preview:-1\" \/>\n<link rel=\"canonical\" href=\"https:\/\/lifesupportdistribution.fr\/de\/produkt\/blood-pumping-system-basic-bps-b\/\" \/>\n<meta property=\"og:locale\" content=\"de_DE\" \/>\n<meta property=\"og:type\" content=\"article\" \/>\n<meta property=\"og:title\" content=\"Blood Pumping System Basic BPS-B \u2013 Simulation\" \/>\n<meta property=\"og:description\" content=\"Das BPS-B ist ein tragbares Blutungssimulationssystem f\u00fcr die TCCC-, TECC- und pr\u00e4klinische Ausbildung.\" \/>\n<meta property=\"og:url\" content=\"https:\/\/lifesupportdistribution.fr\/de\/produkt\/blood-pumping-system-basic-bps-b\/\" \/>\n<meta property=\"og:site_name\" content=\"Life Support Distribution\" \/>\n<meta property=\"og:image\" content=\"https:\/\/lifesupportdistribution.fr\/wp-content\/uploads\/2026\/02\/Image-1-BPS-B.png\" \/>\n\t<meta property=\"og:image:width\" content=\"970\" \/>\n\t<meta property=\"og:image:height\" content=\"966\" \/>\n\t<meta property=\"og:image:type\" content=\"image\/png\" \/>\n<meta name=\"twitter:card\" content=\"summary_large_image\" \/>\n<script type=\"application\/ld+json\" class=\"yoast-schema-graph\">{\"@context\":\"https:\/\/schema.org\",\"@graph\":[{\"@type\":\"WebPage\",\"@id\":\"https:\/\/lifesupportdistribution.fr\/de\/produkt\/blood-pumping-system-basic-bps-b\/\",\"url\":\"https:\/\/lifesupportdistribution.fr\/de\/produkt\/blood-pumping-system-basic-bps-b\/\",\"name\":\"Blood Pumping System Basic BPS-B \u2013 Simulation\",\"isPartOf\":{\"@id\":\"https:\/\/lifesupportdistribution.fr\/de\/#website\"},\"primaryImageOfPage\":{\"@id\":\"https:\/\/lifesupportdistribution.fr\/de\/produkt\/blood-pumping-system-basic-bps-b\/#primaryimage\"},\"image\":{\"@id\":\"https:\/\/lifesupportdistribution.fr\/de\/produkt\/blood-pumping-system-basic-bps-b\/#primaryimage\"},\"thumbnailUrl\":\"https:\/\/lifesupportdistribution.fr\/wp-content\/uploads\/2026\/02\/Image-1-BPS-B.png\",\"datePublished\":\"2026-02-21T19:10:20+00:00\",\"description\":\"Das BPS-B ist ein tragbares Blutungssimulationssystem f\u00fcr die TCCC-, TECC- und pr\u00e4klinische Ausbildung.\",\"breadcrumb\":{\"@id\":\"https:\/\/lifesupportdistribution.fr\/de\/produkt\/blood-pumping-system-basic-bps-b\/#breadcrumb\"},\"inLanguage\":\"de\",\"potentialAction\":[{\"@type\":\"ReadAction\",\"target\":[\"https:\/\/lifesupportdistribution.fr\/de\/produkt\/blood-pumping-system-basic-bps-b\/\"]}]},{\"@type\":\"ImageObject\",\"inLanguage\":\"de\",\"@id\":\"https:\/\/lifesupportdistribution.fr\/de\/produkt\/blood-pumping-system-basic-bps-b\/#primaryimage\",\"url\":\"https:\/\/lifesupportdistribution.fr\/wp-content\/uploads\/2026\/02\/Image-1-BPS-B.png\",\"contentUrl\":\"https:\/\/lifesupportdistribution.fr\/wp-content\/uploads\/2026\/02\/Image-1-BPS-B.png\",\"width\":970,\"height\":966},{\"@type\":\"BreadcrumbList\",\"@id\":\"https:\/\/lifesupportdistribution.fr\/de\/produkt\/blood-pumping-system-basic-bps-b\/#breadcrumb\",\"itemListElement\":[{\"@type\":\"ListItem\",\"position\":1,\"name\":\"Accueil\",\"item\":\"https:\/\/lifesupportdistribution.fr\/de\/startseite\/\"},{\"@type\":\"ListItem\",\"position\":2,\"name\":\"Shop\",\"item\":\"https:\/\/lifesupportdistribution.fr\/de\/shop\/\"},{\"@type\":\"ListItem\",\"position\":3,\"name\":\"Blood Pumping System Basic (BPS-B)\"}]},{\"@type\":\"WebSite\",\"@id\":\"https:\/\/lifesupportdistribution.fr\/de\/#website\",\"url\":\"https:\/\/lifesupportdistribution.fr\/de\/\",\"name\":\"Life Support Distribution\",\"description\":\"Solutions en simulation m\u00e9dicale\",\"publisher\":{\"@id\":\"https:\/\/lifesupportdistribution.fr\/de\/#organization\"},\"potentialAction\":[{\"@type\":\"SearchAction\",\"target\":{\"@type\":\"EntryPoint\",\"urlTemplate\":\"https:\/\/lifesupportdistribution.fr\/de\/?s={search_term_string}\"},\"query-input\":{\"@type\":\"PropertyValueSpecification\",\"valueRequired\":true,\"valueName\":\"search_term_string\"}}],\"inLanguage\":\"de\"},{\"@type\":\"Organization\",\"@id\":\"https:\/\/lifesupportdistribution.fr\/de\/#organization\",\"name\":\"Life Support Distribution\",\"url\":\"https:\/\/lifesupportdistribution.fr\/de\/\",\"logo\":{\"@type\":\"ImageObject\",\"inLanguage\":\"de\",\"@id\":\"https:\/\/lifesupportdistribution.fr\/de\/#\/schema\/logo\/image\/\",\"url\":\"https:\/\/lifesupportdistribution.fr\/wp-content\/uploads\/2025\/10\/logo-life-support-distribution.svg\",\"contentUrl\":\"https:\/\/lifesupportdistribution.fr\/wp-content\/uploads\/2025\/10\/logo-life-support-distribution.svg\",\"width\":698,\"height\":223,\"caption\":\"Life Support Distribution\"},\"image\":{\"@id\":\"https:\/\/lifesupportdistribution.fr\/de\/#\/schema\/logo\/image\/\"},\"sameAs\":[\"https:\/\/www.linkedin.com\/company\/life-support-distribution\/\"]}]}<\/script>\n<!-- \/ Yoast SEO plugin. -->","yoast_head_json":{"title":"Blood Pumping System Basic BPS-B \u2013 Simulation","description":"Das BPS-B ist ein tragbares Blutungssimulationssystem f\u00fcr die TCCC-, TECC- und pr\u00e4klinische Ausbildung.","robots":{"index":"index","follow":"follow","max-snippet":"max-snippet:-1","max-image-preview":"max-image-preview:large","max-video-preview":"max-video-preview:-1"},"canonical":"https:\/\/lifesupportdistribution.fr\/de\/produkt\/blood-pumping-system-basic-bps-b\/","og_locale":"de_DE","og_type":"article","og_title":"Blood Pumping System Basic BPS-B \u2013 Simulation","og_description":"Das BPS-B ist ein tragbares Blutungssimulationssystem f\u00fcr die TCCC-, TECC- und pr\u00e4klinische Ausbildung.","og_url":"https:\/\/lifesupportdistribution.fr\/de\/produkt\/blood-pumping-system-basic-bps-b\/","og_site_name":"Life Support Distribution","og_image":[{"width":970,"height":966,"url":"https:\/\/lifesupportdistribution.fr\/wp-content\/uploads\/2026\/02\/Image-1-BPS-B.png","type":"image\/png"}],"twitter_card":"summary_large_image","schema":{"@context":"https:\/\/schema.org","@graph":[{"@type":"WebPage","@id":"https:\/\/lifesupportdistribution.fr\/de\/produkt\/blood-pumping-system-basic-bps-b\/","url":"https:\/\/lifesupportdistribution.fr\/de\/produkt\/blood-pumping-system-basic-bps-b\/","name":"Blood Pumping System Basic BPS-B \u2013 Simulation","isPartOf":{"@id":"https:\/\/lifesupportdistribution.fr\/de\/#website"},"primaryImageOfPage":{"@id":"https:\/\/lifesupportdistribution.fr\/de\/produkt\/blood-pumping-system-basic-bps-b\/#primaryimage"},"image":{"@id":"https:\/\/lifesupportdistribution.fr\/de\/produkt\/blood-pumping-system-basic-bps-b\/#primaryimage"},"thumbnailUrl":"https:\/\/lifesupportdistribution.fr\/wp-content\/uploads\/2026\/02\/Image-1-BPS-B.png","datePublished":"2026-02-21T19:10:20+00:00","description":"Das BPS-B ist ein tragbares Blutungssimulationssystem f\u00fcr die TCCC-, TECC- und pr\u00e4klinische Ausbildung.","breadcrumb":{"@id":"https:\/\/lifesupportdistribution.fr\/de\/produkt\/blood-pumping-system-basic-bps-b\/#breadcrumb"},"inLanguage":"de","potentialAction":[{"@type":"ReadAction","target":["https:\/\/lifesupportdistribution.fr\/de\/produkt\/blood-pumping-system-basic-bps-b\/"]}]},{"@type":"ImageObject","inLanguage":"de","@id":"https:\/\/lifesupportdistribution.fr\/de\/produkt\/blood-pumping-system-basic-bps-b\/#primaryimage","url":"https:\/\/lifesupportdistribution.fr\/wp-content\/uploads\/2026\/02\/Image-1-BPS-B.png","contentUrl":"https:\/\/lifesupportdistribution.fr\/wp-content\/uploads\/2026\/02\/Image-1-BPS-B.png","width":970,"height":966},{"@type":"BreadcrumbList","@id":"https:\/\/lifesupportdistribution.fr\/de\/produkt\/blood-pumping-system-basic-bps-b\/#breadcrumb","itemListElement":[{"@type":"ListItem","position":1,"name":"Accueil","item":"https:\/\/lifesupportdistribution.fr\/de\/startseite\/"},{"@type":"ListItem","position":2,"name":"Shop","item":"https:\/\/lifesupportdistribution.fr\/de\/shop\/"},{"@type":"ListItem","position":3,"name":"Blood Pumping System Basic (BPS-B)"}]},{"@type":"WebSite","@id":"https:\/\/lifesupportdistribution.fr\/de\/#website","url":"https:\/\/lifesupportdistribution.fr\/de\/","name":"Life Support Distribution","description":"Solutions en simulation m\u00e9dicale","publisher":{"@id":"https:\/\/lifesupportdistribution.fr\/de\/#organization"},"potentialAction":[{"@type":"SearchAction","target":{"@type":"EntryPoint","urlTemplate":"https:\/\/lifesupportdistribution.fr\/de\/?s={search_term_string}"},"query-input":{"@type":"PropertyValueSpecification","valueRequired":true,"valueName":"search_term_string"}}],"inLanguage":"de"},{"@type":"Organization","@id":"https:\/\/lifesupportdistribution.fr\/de\/#organization","name":"Life Support Distribution","url":"https:\/\/lifesupportdistribution.fr\/de\/","logo":{"@type":"ImageObject","inLanguage":"de","@id":"https:\/\/lifesupportdistribution.fr\/de\/#\/schema\/logo\/image\/","url":"https:\/\/lifesupportdistribution.fr\/wp-content\/uploads\/2025\/10\/logo-life-support-distribution.svg","contentUrl":"https:\/\/lifesupportdistribution.fr\/wp-content\/uploads\/2025\/10\/logo-life-support-distribution.svg","width":698,"height":223,"caption":"Life Support Distribution"},"image":{"@id":"https:\/\/lifesupportdistribution.fr\/de\/#\/schema\/logo\/image\/"},"sameAs":["https:\/\/www.linkedin.com\/company\/life-support-distribution\/"]}]}},"_links":{"self":[{"href":"https:\/\/lifesupportdistribution.fr\/de\/wp-json\/wp\/v2\/product\/7219","targetHints":{"allow":["GET"]}}],"collection":[{"href":"https:\/\/lifesupportdistribution.fr\/de\/wp-json\/wp\/v2\/product"}],"about":[{"href":"https:\/\/lifesupportdistribution.fr\/de\/wp-json\/wp\/v2\/types\/product"}],"wp:featuredmedia":[{"embeddable":true,"href":"https:\/\/lifesupportdistribution.fr\/de\/wp-json\/wp\/v2\/media\/6739"}],"wp:attachment":[{"href":"https:\/\/lifesupportdistribution.fr\/de\/wp-json\/wp\/v2\/media?parent=7219"}],"wp:term":[{"taxonomy":"product_brand","embeddable":true,"href":"https:\/\/lifesupportdistribution.fr\/de\/wp-json\/wp\/v2\/product_brand?post=7219"},{"taxonomy":"product_cat","embeddable":true,"href":"https:\/\/lifesupportdistribution.fr\/de\/wp-json\/wp\/v2\/product_cat?post=7219"},{"taxonomy":"product_tag","embeddable":true,"href":"https:\/\/lifesupportdistribution.fr\/de\/wp-json\/wp\/v2\/product_tag?post=7219"}],"curies":[{"name":"wp","href":"https:\/\/api.w.org\/{rel}","templated":true}]}}