{"id":7227,"date":"2026-02-20T15:50:01","date_gmt":"2026-02-20T14:50:01","guid":{"rendered":"https:\/\/lifesupportdistribution.fr\/produits\/surgical-blood-pumping-system-sbps\/"},"modified":"2026-02-20T15:50:01","modified_gmt":"2026-02-20T14:50:01","slug":"surgical-blood-pumping-system-sbps","status":"publish","type":"product","link":"https:\/\/lifesupportdistribution.fr\/de\/produkt\/surgical-blood-pumping-system-sbps\/","title":{"rendered":"Surgical Blood Pumping System (SBPS)"},"content":{"rendered":"<p>Das Surgical Blood Pumping System ist ein <strong>professionelles Doppelpumpensystem, das entwickelt wurde, um arterielle und ven\u00f6se Fl\u00fcsse mit au\u00dfergew\u00f6hnlichem Realismus zu simulieren.<\/strong><br \/>\nEs verf\u00fcgt \u00fcber einen gro\u00dfen <strong>Tank, kompatibel mit einem Volumen von 6 Gallonen (\u2248 27 Litern) Simulationsblut<\/strong>, sodass mehrere anatomische Bereiche gleichzeitig versorgt werden k\u00f6nnen.<br \/>\nDie unabh\u00e4ngigen Pumpen und ihre vier separaten Ausg\u00e4nge gew\u00e4hrleisten eine gleichm\u00e4\u00dfige Verteilung auf verschiedene Verletzungsbereiche \u2013 mit pr\u00e4zisen Einstellungen von Druck und Durchfluss.<br \/>\nDas Bedienpanel integriert digitale Voltmeter zur Kontrolle der Viskosit\u00e4t, analoge Manometer zur Visualisierung des Flusses sowie eine wandmontierte Leuchttafel, die dem gesamten Team den Systemstatus in Echtzeit anzeigt.<br \/>\nDas \u201eSchalter\u201c-Pedal erm\u00f6glicht eine sofortige Pause ohne Verlust der Einstellungen und erleichtert die Koordination zwischen Bedienern und Trainer.<\/p>\n","protected":false},"excerpt":{"rendered":"<p>Das Surgical Blood Pumping System (SBPS) ist ein <strong>chirurgisches Blutperfusionssystem, das entwickelt wurde, um arterielle oder ven\u00f6se Blutungen bei Trainings zur offenen Chirurgie hyperrealistisch nachzubilden<\/strong>.<br \/>\nEs ist ein <strong>zentrales Element fortgeschrittener Chirurgiemodule<\/strong> wie den <a href=\"https:\/\/lifesupportdistribution.fr\/produits\/advanced-surgical-skills-packages-assp\/\">Advanced Surgical Skills Packages (ASSP)<\/a> und dem <a href=\"https:\/\/lifesupportdistribution.fr\/produits\/surgical-cut-suit\/\">Surgical Cut Suit\u00ae<\/a> und erm\u00f6glicht die Simulation eines realistischen, kontrollierten Blutflusses in einer OP-Umgebung.<br \/>\nDank seines pr\u00e4zisen und intuitiven Designs erm\u00f6glicht das SBPS, <strong>ein Trainingsszenario jederzeit zu starten, zu pausieren, zur\u00fcckzusetzen oder fortzusetzen<\/strong> \u2013 bei gleichbleibenden Druck- und Durchflussparametern. So unterst\u00fctzt es ein immersives Erlebnis und ein Debriefing auf hohem Niveau \u2013 sowohl f\u00fcr die medizinische als auch f\u00fcr die chirurgische Ausbildung. <\/p>\n","protected":false},"featured_media":6728,"template":"","meta":[],"product_brand":[271],"product_cat":[222],"product_tag":[250,236,255],"class_list":{"0":"post-7227","1":"product","2":"type-product","3":"status-publish","4":"has-post-thumbnail","6":"product_brand-stops-medical","7":"product_cat-simulatoren-fur-medizinische-versorgung","8":"product_tag-chirurgie","9":"product_tag-notfallmedizin","10":"product_tag-traumatologie","12":"first","13":"instock","14":"shipping-taxable","15":"purchasable","16":"product-type-simple"},"yoast_head":"<!-- This site is optimized with the Yoast SEO plugin v26.8 - https:\/\/yoast.com\/product\/yoast-seo-wordpress\/ -->\n<title>SBPS \u2013 Surgical Blood Pumping System<\/title>\n<meta name=\"description\" content=\"Das SBPS ist ein realistisches Blutpumpensystem f\u00fcr die chirurgische Simulation und das Training zur Blutungskontrolle in kritischen Situationen.\" \/>\n<meta name=\"robots\" content=\"index, follow, max-snippet:-1, max-image-preview:large, max-video-preview:-1\" \/>\n<link rel=\"canonical\" href=\"https:\/\/lifesupportdistribution.fr\/de\/produkt\/surgical-blood-pumping-system-sbps\/\" \/>\n<meta property=\"og:locale\" content=\"de_DE\" \/>\n<meta property=\"og:type\" content=\"article\" \/>\n<meta property=\"og:title\" content=\"SBPS \u2013 Surgical Blood Pumping System\" \/>\n<meta property=\"og:description\" content=\"Das SBPS ist ein realistisches Blutpumpensystem f\u00fcr die chirurgische Simulation und das Training zur Blutungskontrolle in kritischen Situationen.\" \/>\n<meta property=\"og:url\" content=\"https:\/\/lifesupportdistribution.fr\/de\/produkt\/surgical-blood-pumping-system-sbps\/\" \/>\n<meta property=\"og:site_name\" content=\"Life Support Distribution\" \/>\n<meta property=\"og:image\" content=\"https:\/\/lifesupportdistribution.fr\/wp-content\/uploads\/2026\/02\/Image-SBPS-1.png\" \/>\n\t<meta property=\"og:image:width\" content=\"908\" \/>\n\t<meta property=\"og:image:height\" content=\"1084\" \/>\n\t<meta property=\"og:image:type\" content=\"image\/png\" \/>\n<meta name=\"twitter:card\" content=\"summary_large_image\" \/>\n<meta name=\"twitter:label1\" content=\"Gesch\u00e4tzte Lesezeit\" \/>\n\t<meta name=\"twitter:data1\" content=\"1\u00a0Minute\" \/>\n<script type=\"application\/ld+json\" class=\"yoast-schema-graph\">{\"@context\":\"https:\/\/schema.org\",\"@graph\":[{\"@type\":\"WebPage\",\"@id\":\"https:\/\/lifesupportdistribution.fr\/de\/produkt\/surgical-blood-pumping-system-sbps\/\",\"url\":\"https:\/\/lifesupportdistribution.fr\/de\/produkt\/surgical-blood-pumping-system-sbps\/\",\"name\":\"SBPS \u2013 Surgical Blood Pumping System\",\"isPartOf\":{\"@id\":\"https:\/\/lifesupportdistribution.fr\/de\/#website\"},\"primaryImageOfPage\":{\"@id\":\"https:\/\/lifesupportdistribution.fr\/de\/produkt\/surgical-blood-pumping-system-sbps\/#primaryimage\"},\"image\":{\"@id\":\"https:\/\/lifesupportdistribution.fr\/de\/produkt\/surgical-blood-pumping-system-sbps\/#primaryimage\"},\"thumbnailUrl\":\"https:\/\/lifesupportdistribution.fr\/wp-content\/uploads\/2026\/02\/Image-SBPS-1.png\",\"datePublished\":\"2026-02-20T14:50:01+00:00\",\"description\":\"Das SBPS ist ein realistisches Blutpumpensystem f\u00fcr die chirurgische Simulation und das Training zur Blutungskontrolle in kritischen Situationen.\",\"breadcrumb\":{\"@id\":\"https:\/\/lifesupportdistribution.fr\/de\/produkt\/surgical-blood-pumping-system-sbps\/#breadcrumb\"},\"inLanguage\":\"de\",\"potentialAction\":[{\"@type\":\"ReadAction\",\"target\":[\"https:\/\/lifesupportdistribution.fr\/de\/produkt\/surgical-blood-pumping-system-sbps\/\"]}]},{\"@type\":\"ImageObject\",\"inLanguage\":\"de\",\"@id\":\"https:\/\/lifesupportdistribution.fr\/de\/produkt\/surgical-blood-pumping-system-sbps\/#primaryimage\",\"url\":\"https:\/\/lifesupportdistribution.fr\/wp-content\/uploads\/2026\/02\/Image-SBPS-1.png\",\"contentUrl\":\"https:\/\/lifesupportdistribution.fr\/wp-content\/uploads\/2026\/02\/Image-SBPS-1.png\",\"width\":908,\"height\":1084},{\"@type\":\"BreadcrumbList\",\"@id\":\"https:\/\/lifesupportdistribution.fr\/de\/produkt\/surgical-blood-pumping-system-sbps\/#breadcrumb\",\"itemListElement\":[{\"@type\":\"ListItem\",\"position\":1,\"name\":\"Accueil\",\"item\":\"https:\/\/lifesupportdistribution.fr\/de\/startseite\/\"},{\"@type\":\"ListItem\",\"position\":2,\"name\":\"Shop\",\"item\":\"https:\/\/lifesupportdistribution.fr\/de\/shop\/\"},{\"@type\":\"ListItem\",\"position\":3,\"name\":\"Surgical Blood Pumping System (SBPS)\"}]},{\"@type\":\"WebSite\",\"@id\":\"https:\/\/lifesupportdistribution.fr\/de\/#website\",\"url\":\"https:\/\/lifesupportdistribution.fr\/de\/\",\"name\":\"Life Support Distribution\",\"description\":\"Solutions en simulation m\u00e9dicale\",\"publisher\":{\"@id\":\"https:\/\/lifesupportdistribution.fr\/de\/#organization\"},\"potentialAction\":[{\"@type\":\"SearchAction\",\"target\":{\"@type\":\"EntryPoint\",\"urlTemplate\":\"https:\/\/lifesupportdistribution.fr\/de\/?s={search_term_string}\"},\"query-input\":{\"@type\":\"PropertyValueSpecification\",\"valueRequired\":true,\"valueName\":\"search_term_string\"}}],\"inLanguage\":\"de\"},{\"@type\":\"Organization\",\"@id\":\"https:\/\/lifesupportdistribution.fr\/de\/#organization\",\"name\":\"Life Support Distribution\",\"url\":\"https:\/\/lifesupportdistribution.fr\/de\/\",\"logo\":{\"@type\":\"ImageObject\",\"inLanguage\":\"de\",\"@id\":\"https:\/\/lifesupportdistribution.fr\/de\/#\/schema\/logo\/image\/\",\"url\":\"https:\/\/lifesupportdistribution.fr\/wp-content\/uploads\/2025\/10\/logo-life-support-distribution.svg\",\"contentUrl\":\"https:\/\/lifesupportdistribution.fr\/wp-content\/uploads\/2025\/10\/logo-life-support-distribution.svg\",\"width\":698,\"height\":223,\"caption\":\"Life Support Distribution\"},\"image\":{\"@id\":\"https:\/\/lifesupportdistribution.fr\/de\/#\/schema\/logo\/image\/\"},\"sameAs\":[\"https:\/\/www.linkedin.com\/company\/life-support-distribution\/\"]}]}<\/script>\n<!-- \/ Yoast SEO plugin. -->","yoast_head_json":{"title":"SBPS \u2013 Surgical Blood Pumping System","description":"Das SBPS ist ein realistisches Blutpumpensystem f\u00fcr die chirurgische Simulation und das Training zur Blutungskontrolle in kritischen Situationen.","robots":{"index":"index","follow":"follow","max-snippet":"max-snippet:-1","max-image-preview":"max-image-preview:large","max-video-preview":"max-video-preview:-1"},"canonical":"https:\/\/lifesupportdistribution.fr\/de\/produkt\/surgical-blood-pumping-system-sbps\/","og_locale":"de_DE","og_type":"article","og_title":"SBPS \u2013 Surgical Blood Pumping System","og_description":"Das SBPS ist ein realistisches Blutpumpensystem f\u00fcr die chirurgische Simulation und das Training zur Blutungskontrolle in kritischen Situationen.","og_url":"https:\/\/lifesupportdistribution.fr\/de\/produkt\/surgical-blood-pumping-system-sbps\/","og_site_name":"Life Support Distribution","og_image":[{"width":908,"height":1084,"url":"https:\/\/lifesupportdistribution.fr\/wp-content\/uploads\/2026\/02\/Image-SBPS-1.png","type":"image\/png"}],"twitter_card":"summary_large_image","twitter_misc":{"Gesch\u00e4tzte Lesezeit":"1\u00a0Minute"},"schema":{"@context":"https:\/\/schema.org","@graph":[{"@type":"WebPage","@id":"https:\/\/lifesupportdistribution.fr\/de\/produkt\/surgical-blood-pumping-system-sbps\/","url":"https:\/\/lifesupportdistribution.fr\/de\/produkt\/surgical-blood-pumping-system-sbps\/","name":"SBPS \u2013 Surgical Blood Pumping System","isPartOf":{"@id":"https:\/\/lifesupportdistribution.fr\/de\/#website"},"primaryImageOfPage":{"@id":"https:\/\/lifesupportdistribution.fr\/de\/produkt\/surgical-blood-pumping-system-sbps\/#primaryimage"},"image":{"@id":"https:\/\/lifesupportdistribution.fr\/de\/produkt\/surgical-blood-pumping-system-sbps\/#primaryimage"},"thumbnailUrl":"https:\/\/lifesupportdistribution.fr\/wp-content\/uploads\/2026\/02\/Image-SBPS-1.png","datePublished":"2026-02-20T14:50:01+00:00","description":"Das SBPS ist ein realistisches Blutpumpensystem f\u00fcr die chirurgische Simulation und das Training zur Blutungskontrolle in kritischen Situationen.","breadcrumb":{"@id":"https:\/\/lifesupportdistribution.fr\/de\/produkt\/surgical-blood-pumping-system-sbps\/#breadcrumb"},"inLanguage":"de","potentialAction":[{"@type":"ReadAction","target":["https:\/\/lifesupportdistribution.fr\/de\/produkt\/surgical-blood-pumping-system-sbps\/"]}]},{"@type":"ImageObject","inLanguage":"de","@id":"https:\/\/lifesupportdistribution.fr\/de\/produkt\/surgical-blood-pumping-system-sbps\/#primaryimage","url":"https:\/\/lifesupportdistribution.fr\/wp-content\/uploads\/2026\/02\/Image-SBPS-1.png","contentUrl":"https:\/\/lifesupportdistribution.fr\/wp-content\/uploads\/2026\/02\/Image-SBPS-1.png","width":908,"height":1084},{"@type":"BreadcrumbList","@id":"https:\/\/lifesupportdistribution.fr\/de\/produkt\/surgical-blood-pumping-system-sbps\/#breadcrumb","itemListElement":[{"@type":"ListItem","position":1,"name":"Accueil","item":"https:\/\/lifesupportdistribution.fr\/de\/startseite\/"},{"@type":"ListItem","position":2,"name":"Shop","item":"https:\/\/lifesupportdistribution.fr\/de\/shop\/"},{"@type":"ListItem","position":3,"name":"Surgical Blood Pumping System (SBPS)"}]},{"@type":"WebSite","@id":"https:\/\/lifesupportdistribution.fr\/de\/#website","url":"https:\/\/lifesupportdistribution.fr\/de\/","name":"Life Support Distribution","description":"Solutions en simulation m\u00e9dicale","publisher":{"@id":"https:\/\/lifesupportdistribution.fr\/de\/#organization"},"potentialAction":[{"@type":"SearchAction","target":{"@type":"EntryPoint","urlTemplate":"https:\/\/lifesupportdistribution.fr\/de\/?s={search_term_string}"},"query-input":{"@type":"PropertyValueSpecification","valueRequired":true,"valueName":"search_term_string"}}],"inLanguage":"de"},{"@type":"Organization","@id":"https:\/\/lifesupportdistribution.fr\/de\/#organization","name":"Life Support Distribution","url":"https:\/\/lifesupportdistribution.fr\/de\/","logo":{"@type":"ImageObject","inLanguage":"de","@id":"https:\/\/lifesupportdistribution.fr\/de\/#\/schema\/logo\/image\/","url":"https:\/\/lifesupportdistribution.fr\/wp-content\/uploads\/2025\/10\/logo-life-support-distribution.svg","contentUrl":"https:\/\/lifesupportdistribution.fr\/wp-content\/uploads\/2025\/10\/logo-life-support-distribution.svg","width":698,"height":223,"caption":"Life Support Distribution"},"image":{"@id":"https:\/\/lifesupportdistribution.fr\/de\/#\/schema\/logo\/image\/"},"sameAs":["https:\/\/www.linkedin.com\/company\/life-support-distribution\/"]}]}},"_links":{"self":[{"href":"https:\/\/lifesupportdistribution.fr\/de\/wp-json\/wp\/v2\/product\/7227","targetHints":{"allow":["GET"]}}],"collection":[{"href":"https:\/\/lifesupportdistribution.fr\/de\/wp-json\/wp\/v2\/product"}],"about":[{"href":"https:\/\/lifesupportdistribution.fr\/de\/wp-json\/wp\/v2\/types\/product"}],"wp:featuredmedia":[{"embeddable":true,"href":"https:\/\/lifesupportdistribution.fr\/de\/wp-json\/wp\/v2\/media\/6728"}],"wp:attachment":[{"href":"https:\/\/lifesupportdistribution.fr\/de\/wp-json\/wp\/v2\/media?parent=7227"}],"wp:term":[{"taxonomy":"product_brand","embeddable":true,"href":"https:\/\/lifesupportdistribution.fr\/de\/wp-json\/wp\/v2\/product_brand?post=7227"},{"taxonomy":"product_cat","embeddable":true,"href":"https:\/\/lifesupportdistribution.fr\/de\/wp-json\/wp\/v2\/product_cat?post=7227"},{"taxonomy":"product_tag","embeddable":true,"href":"https:\/\/lifesupportdistribution.fr\/de\/wp-json\/wp\/v2\/product_tag?post=7227"}],"curies":[{"name":"wp","href":"https:\/\/api.w.org\/{rel}","templated":true}]}}