{"id":7235,"date":"2026-02-20T15:25:39","date_gmt":"2026-02-20T14:25:39","guid":{"rendered":"https:\/\/lifesupportdistribution.fr\/produits\/advanced-surgical-skills-packages-assp\/"},"modified":"2026-02-20T15:25:39","modified_gmt":"2026-02-20T14:25:39","slug":"advanced-surgical-skills-packages-assp","status":"publish","type":"product","link":"https:\/\/lifesupportdistribution.fr\/de\/produkt\/advanced-surgical-skills-packages-assp\/","title":{"rendered":"Advanced Surgical Skills Packages (ASSP)"},"content":{"rendered":"<p>Die ASSP-Module <strong>lassen sich nach einem einfachen und schnellen \u201eDrop-in\u201c-Prinzip direkt in den <a href=\"https:\/\/lifesupportdistribution.fr\/produits\/surgical-cut-suit\/\">Cut Suit\u00ae<\/a> integrieren<\/strong>, was eine sofortige Installation vor den Simulationssitzungen erm\u00f6glicht.<br \/>\nJede Konfiguration reproduziert verletzte und vaskularisierte innere Organe (Leber, Milz, Darm, Niere, Lunge, Iliakalarterien usw.) und simuliert innere Blutungen, Geweberisse und komplexe Traumata.<br \/>\n<strong>Diese Module bieten eine umfassende Trainingsumgebung<\/strong>, in der die Lernenden <strong>Blutungsquellen identifizieren, Blutungen kontrollieren, Gewebereparaturen durchf\u00fchren und ihre Ma\u00dfnahmen koordinieren k\u00f6nnen<\/strong> \u2013 im Kontext der Krisenchirurgie oder des Damage Control.<br \/>\nDas reparierbare und wiederverwendbare Design der ASSP macht sie zu einer <strong>nachhaltigen und anpassungsf\u00e4higen L\u00f6sung, die perfekt f\u00fcr die chirurgische Ausbildung im milit\u00e4rischen oder zivilen Bereich geeignet ist.<\/strong><\/p>\n","protected":false},"excerpt":{"rendered":"<p>Die Advanced Surgical Skills Packages (ASSP) <strong>sind Module f\u00fcr die offene Thorax- und Abdominalchirurgie<\/strong>, die darauf ausgelegt sind, einen mit dem <a href=\"https:\/\/lifesupportdistribution.fr\/produits\/surgical-cut-suit\/\">Cut Suit\u00ae<\/a> ausgestatteten Darsteller in einen <strong>echten, hyperrealistischen \u201eOpen Surgery\u201c-Operationssimulator zu verwandeln.<\/strong><br \/>\nVon Chirurgen f\u00fcr Chirurgen entwickelt, reproduzieren diese Module mit <strong>au\u00dfergew\u00f6hnlichem Realismus die Operationsbedingungen bei Noteingriffen<\/strong> oder schweren Traumata. Dank ihres originalgetreuen anatomischen Designs und der direkten Kompatibilit\u00e4t mit dem Surgical Cut Suit\u00ae erm\u00f6glichen sie es, <strong>die Bedingungen eines Operationssaals im Krisenkontext nachzustellen<\/strong> und gleichzeitig die Sicherheit des Darstellers und der Teilnehmer zu gew\u00e4hrleisten. <\/p>\n","protected":false},"featured_media":6718,"template":"","meta":[],"product_brand":[271],"product_cat":[220],"product_tag":[250,236,255],"class_list":{"0":"post-7235","1":"product","2":"type-product","3":"status-publish","4":"has-post-thumbnail","6":"product_brand-stops-medical","7":"product_cat-simulierte-patienten","8":"product_tag-chirurgie","9":"product_tag-notfallmedizin","10":"product_tag-traumatologie","12":"first","13":"instock","14":"shipping-taxable","15":"purchasable","16":"product-type-simple"},"yoast_head":"<!-- This site is optimized with the Yoast SEO plugin v26.8 - https:\/\/yoast.com\/product\/yoast-seo-wordpress\/ -->\n<title>Advanced Surgical Skills Packages (ASSP) - Life Support Distribution<\/title>\n<meta name=\"robots\" content=\"index, follow, max-snippet:-1, max-image-preview:large, max-video-preview:-1\" \/>\n<link rel=\"canonical\" href=\"https:\/\/lifesupportdistribution.fr\/de\/produkt\/advanced-surgical-skills-packages-assp\/\" \/>\n<meta property=\"og:locale\" content=\"de_DE\" \/>\n<meta property=\"og:type\" content=\"article\" \/>\n<meta property=\"og:title\" content=\"Advanced Surgical Skills Packages (ASSP) - Life Support Distribution\" \/>\n<meta property=\"og:description\" content=\"Die Advanced Surgical Skills Packages (ASSP) sind Module f\u00fcr die offene Thorax- und Abdominalchirurgie, die darauf ausgelegt sind, einen mit dem Cut Suit\u00ae ausgestatteten Darsteller in einen echten, hyperrealistischen \u201eOpen Surgery\u201c-Operationssimulator zu verwandeln. Von Chirurgen f\u00fcr Chirurgen entwickelt, reproduzieren diese Module mit au\u00dfergew\u00f6hnlichem Realismus die Operationsbedingungen bei Noteingriffen oder schweren Traumata. Dank ihres originalgetreuen anatomischen Designs und der direkten Kompatibilit\u00e4t mit dem Surgical Cut Suit\u00ae erm\u00f6glichen sie es, die Bedingungen eines Operationssaals im Krisenkontext nachzustellen und gleichzeitig die Sicherheit des Darstellers und der Teilnehmer zu gew\u00e4hrleisten.\" \/>\n<meta property=\"og:url\" content=\"https:\/\/lifesupportdistribution.fr\/de\/produkt\/advanced-surgical-skills-packages-assp\/\" \/>\n<meta property=\"og:site_name\" content=\"Life Support Distribution\" \/>\n<meta property=\"og:image\" content=\"https:\/\/lifesupportdistribution.fr\/wp-content\/uploads\/2026\/02\/Image-ASSP-STOPS-medical.png\" \/>\n\t<meta property=\"og:image:width\" content=\"672\" \/>\n\t<meta property=\"og:image:height\" content=\"876\" \/>\n\t<meta property=\"og:image:type\" content=\"image\/png\" \/>\n<meta name=\"twitter:card\" content=\"summary_large_image\" \/>\n<meta name=\"twitter:label1\" content=\"Gesch\u00e4tzte Lesezeit\" \/>\n\t<meta name=\"twitter:data1\" content=\"1\u00a0Minute\" \/>\n<script type=\"application\/ld+json\" class=\"yoast-schema-graph\">{\"@context\":\"https:\/\/schema.org\",\"@graph\":[{\"@type\":\"WebPage\",\"@id\":\"https:\/\/lifesupportdistribution.fr\/de\/produkt\/advanced-surgical-skills-packages-assp\/\",\"url\":\"https:\/\/lifesupportdistribution.fr\/de\/produkt\/advanced-surgical-skills-packages-assp\/\",\"name\":\"Advanced Surgical Skills Packages (ASSP) - Life Support Distribution\",\"isPartOf\":{\"@id\":\"https:\/\/lifesupportdistribution.fr\/de\/#website\"},\"primaryImageOfPage\":{\"@id\":\"https:\/\/lifesupportdistribution.fr\/de\/produkt\/advanced-surgical-skills-packages-assp\/#primaryimage\"},\"image\":{\"@id\":\"https:\/\/lifesupportdistribution.fr\/de\/produkt\/advanced-surgical-skills-packages-assp\/#primaryimage\"},\"thumbnailUrl\":\"https:\/\/lifesupportdistribution.fr\/wp-content\/uploads\/2026\/02\/Image-ASSP-STOPS-medical.png\",\"datePublished\":\"2026-02-20T14:25:39+00:00\",\"breadcrumb\":{\"@id\":\"https:\/\/lifesupportdistribution.fr\/de\/produkt\/advanced-surgical-skills-packages-assp\/#breadcrumb\"},\"inLanguage\":\"de\",\"potentialAction\":[{\"@type\":\"ReadAction\",\"target\":[\"https:\/\/lifesupportdistribution.fr\/de\/produkt\/advanced-surgical-skills-packages-assp\/\"]}]},{\"@type\":\"ImageObject\",\"inLanguage\":\"de\",\"@id\":\"https:\/\/lifesupportdistribution.fr\/de\/produkt\/advanced-surgical-skills-packages-assp\/#primaryimage\",\"url\":\"https:\/\/lifesupportdistribution.fr\/wp-content\/uploads\/2026\/02\/Image-ASSP-STOPS-medical.png\",\"contentUrl\":\"https:\/\/lifesupportdistribution.fr\/wp-content\/uploads\/2026\/02\/Image-ASSP-STOPS-medical.png\",\"width\":672,\"height\":876},{\"@type\":\"BreadcrumbList\",\"@id\":\"https:\/\/lifesupportdistribution.fr\/de\/produkt\/advanced-surgical-skills-packages-assp\/#breadcrumb\",\"itemListElement\":[{\"@type\":\"ListItem\",\"position\":1,\"name\":\"Accueil\",\"item\":\"https:\/\/lifesupportdistribution.fr\/de\/startseite\/\"},{\"@type\":\"ListItem\",\"position\":2,\"name\":\"Shop\",\"item\":\"https:\/\/lifesupportdistribution.fr\/de\/shop\/\"},{\"@type\":\"ListItem\",\"position\":3,\"name\":\"Advanced Surgical Skills Packages (ASSP)\"}]},{\"@type\":\"WebSite\",\"@id\":\"https:\/\/lifesupportdistribution.fr\/de\/#website\",\"url\":\"https:\/\/lifesupportdistribution.fr\/de\/\",\"name\":\"Life Support Distribution\",\"description\":\"Solutions en simulation m\u00e9dicale\",\"publisher\":{\"@id\":\"https:\/\/lifesupportdistribution.fr\/de\/#organization\"},\"potentialAction\":[{\"@type\":\"SearchAction\",\"target\":{\"@type\":\"EntryPoint\",\"urlTemplate\":\"https:\/\/lifesupportdistribution.fr\/de\/?s={search_term_string}\"},\"query-input\":{\"@type\":\"PropertyValueSpecification\",\"valueRequired\":true,\"valueName\":\"search_term_string\"}}],\"inLanguage\":\"de\"},{\"@type\":\"Organization\",\"@id\":\"https:\/\/lifesupportdistribution.fr\/de\/#organization\",\"name\":\"Life Support Distribution\",\"url\":\"https:\/\/lifesupportdistribution.fr\/de\/\",\"logo\":{\"@type\":\"ImageObject\",\"inLanguage\":\"de\",\"@id\":\"https:\/\/lifesupportdistribution.fr\/de\/#\/schema\/logo\/image\/\",\"url\":\"https:\/\/lifesupportdistribution.fr\/wp-content\/uploads\/2025\/10\/logo-life-support-distribution.svg\",\"contentUrl\":\"https:\/\/lifesupportdistribution.fr\/wp-content\/uploads\/2025\/10\/logo-life-support-distribution.svg\",\"width\":698,\"height\":223,\"caption\":\"Life Support Distribution\"},\"image\":{\"@id\":\"https:\/\/lifesupportdistribution.fr\/de\/#\/schema\/logo\/image\/\"},\"sameAs\":[\"https:\/\/www.linkedin.com\/company\/life-support-distribution\/\"]}]}<\/script>\n<!-- \/ Yoast SEO plugin. -->","yoast_head_json":{"title":"Advanced Surgical Skills Packages (ASSP) - Life Support Distribution","robots":{"index":"index","follow":"follow","max-snippet":"max-snippet:-1","max-image-preview":"max-image-preview:large","max-video-preview":"max-video-preview:-1"},"canonical":"https:\/\/lifesupportdistribution.fr\/de\/produkt\/advanced-surgical-skills-packages-assp\/","og_locale":"de_DE","og_type":"article","og_title":"Advanced Surgical Skills Packages (ASSP) - Life Support Distribution","og_description":"Die Advanced Surgical Skills Packages (ASSP) sind Module f\u00fcr die offene Thorax- und Abdominalchirurgie, die darauf ausgelegt sind, einen mit dem Cut Suit\u00ae ausgestatteten Darsteller in einen echten, hyperrealistischen \u201eOpen Surgery\u201c-Operationssimulator zu verwandeln. Von Chirurgen f\u00fcr Chirurgen entwickelt, reproduzieren diese Module mit au\u00dfergew\u00f6hnlichem Realismus die Operationsbedingungen bei Noteingriffen oder schweren Traumata. Dank ihres originalgetreuen anatomischen Designs und der direkten Kompatibilit\u00e4t mit dem Surgical Cut Suit\u00ae erm\u00f6glichen sie es, die Bedingungen eines Operationssaals im Krisenkontext nachzustellen und gleichzeitig die Sicherheit des Darstellers und der Teilnehmer zu gew\u00e4hrleisten.","og_url":"https:\/\/lifesupportdistribution.fr\/de\/produkt\/advanced-surgical-skills-packages-assp\/","og_site_name":"Life Support Distribution","og_image":[{"width":672,"height":876,"url":"https:\/\/lifesupportdistribution.fr\/wp-content\/uploads\/2026\/02\/Image-ASSP-STOPS-medical.png","type":"image\/png"}],"twitter_card":"summary_large_image","twitter_misc":{"Gesch\u00e4tzte Lesezeit":"1\u00a0Minute"},"schema":{"@context":"https:\/\/schema.org","@graph":[{"@type":"WebPage","@id":"https:\/\/lifesupportdistribution.fr\/de\/produkt\/advanced-surgical-skills-packages-assp\/","url":"https:\/\/lifesupportdistribution.fr\/de\/produkt\/advanced-surgical-skills-packages-assp\/","name":"Advanced Surgical Skills Packages (ASSP) - Life Support Distribution","isPartOf":{"@id":"https:\/\/lifesupportdistribution.fr\/de\/#website"},"primaryImageOfPage":{"@id":"https:\/\/lifesupportdistribution.fr\/de\/produkt\/advanced-surgical-skills-packages-assp\/#primaryimage"},"image":{"@id":"https:\/\/lifesupportdistribution.fr\/de\/produkt\/advanced-surgical-skills-packages-assp\/#primaryimage"},"thumbnailUrl":"https:\/\/lifesupportdistribution.fr\/wp-content\/uploads\/2026\/02\/Image-ASSP-STOPS-medical.png","datePublished":"2026-02-20T14:25:39+00:00","breadcrumb":{"@id":"https:\/\/lifesupportdistribution.fr\/de\/produkt\/advanced-surgical-skills-packages-assp\/#breadcrumb"},"inLanguage":"de","potentialAction":[{"@type":"ReadAction","target":["https:\/\/lifesupportdistribution.fr\/de\/produkt\/advanced-surgical-skills-packages-assp\/"]}]},{"@type":"ImageObject","inLanguage":"de","@id":"https:\/\/lifesupportdistribution.fr\/de\/produkt\/advanced-surgical-skills-packages-assp\/#primaryimage","url":"https:\/\/lifesupportdistribution.fr\/wp-content\/uploads\/2026\/02\/Image-ASSP-STOPS-medical.png","contentUrl":"https:\/\/lifesupportdistribution.fr\/wp-content\/uploads\/2026\/02\/Image-ASSP-STOPS-medical.png","width":672,"height":876},{"@type":"BreadcrumbList","@id":"https:\/\/lifesupportdistribution.fr\/de\/produkt\/advanced-surgical-skills-packages-assp\/#breadcrumb","itemListElement":[{"@type":"ListItem","position":1,"name":"Accueil","item":"https:\/\/lifesupportdistribution.fr\/de\/startseite\/"},{"@type":"ListItem","position":2,"name":"Shop","item":"https:\/\/lifesupportdistribution.fr\/de\/shop\/"},{"@type":"ListItem","position":3,"name":"Advanced Surgical Skills Packages (ASSP)"}]},{"@type":"WebSite","@id":"https:\/\/lifesupportdistribution.fr\/de\/#website","url":"https:\/\/lifesupportdistribution.fr\/de\/","name":"Life Support Distribution","description":"Solutions en simulation m\u00e9dicale","publisher":{"@id":"https:\/\/lifesupportdistribution.fr\/de\/#organization"},"potentialAction":[{"@type":"SearchAction","target":{"@type":"EntryPoint","urlTemplate":"https:\/\/lifesupportdistribution.fr\/de\/?s={search_term_string}"},"query-input":{"@type":"PropertyValueSpecification","valueRequired":true,"valueName":"search_term_string"}}],"inLanguage":"de"},{"@type":"Organization","@id":"https:\/\/lifesupportdistribution.fr\/de\/#organization","name":"Life Support Distribution","url":"https:\/\/lifesupportdistribution.fr\/de\/","logo":{"@type":"ImageObject","inLanguage":"de","@id":"https:\/\/lifesupportdistribution.fr\/de\/#\/schema\/logo\/image\/","url":"https:\/\/lifesupportdistribution.fr\/wp-content\/uploads\/2025\/10\/logo-life-support-distribution.svg","contentUrl":"https:\/\/lifesupportdistribution.fr\/wp-content\/uploads\/2025\/10\/logo-life-support-distribution.svg","width":698,"height":223,"caption":"Life Support Distribution"},"image":{"@id":"https:\/\/lifesupportdistribution.fr\/de\/#\/schema\/logo\/image\/"},"sameAs":["https:\/\/www.linkedin.com\/company\/life-support-distribution\/"]}]}},"_links":{"self":[{"href":"https:\/\/lifesupportdistribution.fr\/de\/wp-json\/wp\/v2\/product\/7235","targetHints":{"allow":["GET"]}}],"collection":[{"href":"https:\/\/lifesupportdistribution.fr\/de\/wp-json\/wp\/v2\/product"}],"about":[{"href":"https:\/\/lifesupportdistribution.fr\/de\/wp-json\/wp\/v2\/types\/product"}],"wp:featuredmedia":[{"embeddable":true,"href":"https:\/\/lifesupportdistribution.fr\/de\/wp-json\/wp\/v2\/media\/6718"}],"wp:attachment":[{"href":"https:\/\/lifesupportdistribution.fr\/de\/wp-json\/wp\/v2\/media?parent=7235"}],"wp:term":[{"taxonomy":"product_brand","embeddable":true,"href":"https:\/\/lifesupportdistribution.fr\/de\/wp-json\/wp\/v2\/product_brand?post=7235"},{"taxonomy":"product_cat","embeddable":true,"href":"https:\/\/lifesupportdistribution.fr\/de\/wp-json\/wp\/v2\/product_cat?post=7235"},{"taxonomy":"product_tag","embeddable":true,"href":"https:\/\/lifesupportdistribution.fr\/de\/wp-json\/wp\/v2\/product_tag?post=7235"}],"curies":[{"name":"wp","href":"https:\/\/api.w.org\/{rel}","templated":true}]}}