{"id":7239,"date":"2026-02-20T15:12:26","date_gmt":"2026-02-20T14:12:26","guid":{"rendered":"https:\/\/lifesupportdistribution.fr\/produits\/surgical-cut-suit\/"},"modified":"2026-02-20T15:12:26","modified_gmt":"2026-02-20T14:12:26","slug":"surgical-cut-suit","status":"publish","type":"product","link":"https:\/\/lifesupportdistribution.fr\/de\/produkt\/surgical-cut-suit\/","title":{"rendered":"Surgical Cut Suit"},"content":{"rendered":"<p>Der Surgical Cut Suit wurde entwickelt, um medizinischen, milit\u00e4rischen und Rettungsteams zu erm\u00f6glichen, <strong>F\u00e4higkeiten in der chirurgischen Versorgung schwerer Traumata zu erwerben und zu perfektionieren.<\/strong><br \/>\nVon einem Menschen getragen, <strong>reproduziert dieser Simulator eine vollst\u00e4ndige innere Anatomie mit austauschbaren Organen<\/strong>, vaskul\u00e4ren Strukturen, aktiven Blutungsbereichen und realistischem Gewebe, das die Durchf\u00fchrung von N\u00e4hten, Inzisionen, Ligaturen und Notfallma\u00dfnahmen wie Krikothyreotomie, Thorakostomie oder die Behandlung interner und externer Blutungen erm\u00f6glicht.<br \/>\n<strong>Reparierbar und anpassbar, ist er kompatibel mit den ASSP-Modulen (Advanced Surgical Skills Packages)<\/strong> f\u00fcr die Simulation offener abdominaler oder thorakaler Chirurgie. Dank seiner Modularit\u00e4t passt er sich progressiven Szenarien an, die von der pr\u00e4klinischen Versorgung (Point of Injury) bis zur Notfallchirurgie im Krankenhaus reichen. <\/p>\n","protected":false},"excerpt":{"rendered":"<p><strong>Der Surgical Cut Suit ist ein von einem Darsteller getragener chirurgischer Simulator<\/strong> (Human-Worn Partial Task Simulator), der entwickelt wurde, um ein immersives und unvergleichliches Trainingserlebnis vom Zeitpunkt der Verletzung bis zum Operationssaal zu bieten.<br \/>\n<strong>Dieses Modell erm\u00f6glicht die sichere Durchf\u00fchrung realer chirurgischer Eingriffe<\/strong> an einem geschulten Darsteller, w\u00e4hrend es das Aussehen, das Gef\u00fchl und sogar den Geruch schwerer Wunden oder innerer Verletzungen originalgetreu reproduziert. Es ist eine weltweite Referenz f\u00fcr das Training in Notfallchirurgie und invasiven Verfahren unter realistischen Bedingungen. <\/p>\n","protected":false},"featured_media":6713,"template":"","meta":[],"product_brand":[271],"product_cat":[220],"product_tag":[250,236,255],"class_list":{"0":"post-7239","1":"product","2":"type-product","3":"status-publish","4":"has-post-thumbnail","6":"product_brand-stops-medical","7":"product_cat-simulierte-patienten","8":"product_tag-chirurgie","9":"product_tag-notfallmedizin","10":"product_tag-traumatologie","12":"first","13":"instock","14":"shipping-taxable","15":"purchasable","16":"product-type-simple"},"yoast_head":"<!-- This site is optimized with the Yoast SEO plugin v26.8 - https:\/\/yoast.com\/product\/yoast-seo-wordpress\/ -->\n<title>Surgical Cut Suit \u2013 Realistische Traumata-Simulation<\/title>\n<meta name=\"description\" content=\"Der Surgical Cut Suit ist ein immersiver Anzug f\u00fcr die Traumata-Simulation und das Training chirurgischer Eingriffe in kritischen Situationen.\" \/>\n<meta name=\"robots\" content=\"index, follow, max-snippet:-1, max-image-preview:large, max-video-preview:-1\" \/>\n<link rel=\"canonical\" href=\"https:\/\/lifesupportdistribution.fr\/de\/produkt\/surgical-cut-suit\/\" \/>\n<meta property=\"og:locale\" content=\"de_DE\" \/>\n<meta property=\"og:type\" content=\"article\" \/>\n<meta property=\"og:title\" content=\"Surgical Cut Suit \u2013 Realistische Traumata-Simulation\" \/>\n<meta property=\"og:description\" content=\"Der Surgical Cut Suit ist ein immersiver Anzug f\u00fcr die Traumata-Simulation und das Training chirurgischer Eingriffe in kritischen Situationen.\" \/>\n<meta property=\"og:url\" content=\"https:\/\/lifesupportdistribution.fr\/de\/produkt\/surgical-cut-suit\/\" \/>\n<meta property=\"og:site_name\" content=\"Life Support Distribution\" \/>\n<meta property=\"og:image\" content=\"https:\/\/lifesupportdistribution.fr\/wp-content\/uploads\/2026\/02\/Image-Surgical-Cut-Suit-1.png\" \/>\n\t<meta property=\"og:image:width\" content=\"938\" \/>\n\t<meta property=\"og:image:height\" content=\"920\" \/>\n\t<meta property=\"og:image:type\" content=\"image\/png\" \/>\n<meta name=\"twitter:card\" content=\"summary_large_image\" \/>\n<meta name=\"twitter:label1\" content=\"Gesch\u00e4tzte Lesezeit\" \/>\n\t<meta name=\"twitter:data1\" content=\"1\u00a0Minute\" \/>\n<script type=\"application\/ld+json\" class=\"yoast-schema-graph\">{\"@context\":\"https:\/\/schema.org\",\"@graph\":[{\"@type\":\"WebPage\",\"@id\":\"https:\/\/lifesupportdistribution.fr\/de\/produkt\/surgical-cut-suit\/\",\"url\":\"https:\/\/lifesupportdistribution.fr\/de\/produkt\/surgical-cut-suit\/\",\"name\":\"Surgical Cut Suit \u2013 Realistische Traumata-Simulation\",\"isPartOf\":{\"@id\":\"https:\/\/lifesupportdistribution.fr\/de\/#website\"},\"primaryImageOfPage\":{\"@id\":\"https:\/\/lifesupportdistribution.fr\/de\/produkt\/surgical-cut-suit\/#primaryimage\"},\"image\":{\"@id\":\"https:\/\/lifesupportdistribution.fr\/de\/produkt\/surgical-cut-suit\/#primaryimage\"},\"thumbnailUrl\":\"https:\/\/lifesupportdistribution.fr\/wp-content\/uploads\/2026\/02\/Image-Surgical-Cut-Suit-1.png\",\"datePublished\":\"2026-02-20T14:12:26+00:00\",\"description\":\"Der Surgical Cut Suit ist ein immersiver Anzug f\u00fcr die Traumata-Simulation und das Training chirurgischer Eingriffe in kritischen Situationen.\",\"breadcrumb\":{\"@id\":\"https:\/\/lifesupportdistribution.fr\/de\/produkt\/surgical-cut-suit\/#breadcrumb\"},\"inLanguage\":\"de\",\"potentialAction\":[{\"@type\":\"ReadAction\",\"target\":[\"https:\/\/lifesupportdistribution.fr\/de\/produkt\/surgical-cut-suit\/\"]}]},{\"@type\":\"ImageObject\",\"inLanguage\":\"de\",\"@id\":\"https:\/\/lifesupportdistribution.fr\/de\/produkt\/surgical-cut-suit\/#primaryimage\",\"url\":\"https:\/\/lifesupportdistribution.fr\/wp-content\/uploads\/2026\/02\/Image-Surgical-Cut-Suit-1.png\",\"contentUrl\":\"https:\/\/lifesupportdistribution.fr\/wp-content\/uploads\/2026\/02\/Image-Surgical-Cut-Suit-1.png\",\"width\":938,\"height\":920},{\"@type\":\"BreadcrumbList\",\"@id\":\"https:\/\/lifesupportdistribution.fr\/de\/produkt\/surgical-cut-suit\/#breadcrumb\",\"itemListElement\":[{\"@type\":\"ListItem\",\"position\":1,\"name\":\"Accueil\",\"item\":\"https:\/\/lifesupportdistribution.fr\/de\/startseite\/\"},{\"@type\":\"ListItem\",\"position\":2,\"name\":\"Shop\",\"item\":\"https:\/\/lifesupportdistribution.fr\/de\/shop\/\"},{\"@type\":\"ListItem\",\"position\":3,\"name\":\"Surgical Cut Suit\"}]},{\"@type\":\"WebSite\",\"@id\":\"https:\/\/lifesupportdistribution.fr\/de\/#website\",\"url\":\"https:\/\/lifesupportdistribution.fr\/de\/\",\"name\":\"Life Support Distribution\",\"description\":\"Solutions en simulation m\u00e9dicale\",\"publisher\":{\"@id\":\"https:\/\/lifesupportdistribution.fr\/de\/#organization\"},\"potentialAction\":[{\"@type\":\"SearchAction\",\"target\":{\"@type\":\"EntryPoint\",\"urlTemplate\":\"https:\/\/lifesupportdistribution.fr\/de\/?s={search_term_string}\"},\"query-input\":{\"@type\":\"PropertyValueSpecification\",\"valueRequired\":true,\"valueName\":\"search_term_string\"}}],\"inLanguage\":\"de\"},{\"@type\":\"Organization\",\"@id\":\"https:\/\/lifesupportdistribution.fr\/de\/#organization\",\"name\":\"Life Support Distribution\",\"url\":\"https:\/\/lifesupportdistribution.fr\/de\/\",\"logo\":{\"@type\":\"ImageObject\",\"inLanguage\":\"de\",\"@id\":\"https:\/\/lifesupportdistribution.fr\/de\/#\/schema\/logo\/image\/\",\"url\":\"https:\/\/lifesupportdistribution.fr\/wp-content\/uploads\/2025\/10\/logo-life-support-distribution.svg\",\"contentUrl\":\"https:\/\/lifesupportdistribution.fr\/wp-content\/uploads\/2025\/10\/logo-life-support-distribution.svg\",\"width\":698,\"height\":223,\"caption\":\"Life Support Distribution\"},\"image\":{\"@id\":\"https:\/\/lifesupportdistribution.fr\/de\/#\/schema\/logo\/image\/\"},\"sameAs\":[\"https:\/\/www.linkedin.com\/company\/life-support-distribution\/\"]}]}<\/script>\n<!-- \/ Yoast SEO plugin. -->","yoast_head_json":{"title":"Surgical Cut Suit \u2013 Realistische Traumata-Simulation","description":"Der Surgical Cut Suit ist ein immersiver Anzug f\u00fcr die Traumata-Simulation und das Training chirurgischer Eingriffe in kritischen Situationen.","robots":{"index":"index","follow":"follow","max-snippet":"max-snippet:-1","max-image-preview":"max-image-preview:large","max-video-preview":"max-video-preview:-1"},"canonical":"https:\/\/lifesupportdistribution.fr\/de\/produkt\/surgical-cut-suit\/","og_locale":"de_DE","og_type":"article","og_title":"Surgical Cut Suit \u2013 Realistische Traumata-Simulation","og_description":"Der Surgical Cut Suit ist ein immersiver Anzug f\u00fcr die Traumata-Simulation und das Training chirurgischer Eingriffe in kritischen Situationen.","og_url":"https:\/\/lifesupportdistribution.fr\/de\/produkt\/surgical-cut-suit\/","og_site_name":"Life Support Distribution","og_image":[{"width":938,"height":920,"url":"https:\/\/lifesupportdistribution.fr\/wp-content\/uploads\/2026\/02\/Image-Surgical-Cut-Suit-1.png","type":"image\/png"}],"twitter_card":"summary_large_image","twitter_misc":{"Gesch\u00e4tzte Lesezeit":"1\u00a0Minute"},"schema":{"@context":"https:\/\/schema.org","@graph":[{"@type":"WebPage","@id":"https:\/\/lifesupportdistribution.fr\/de\/produkt\/surgical-cut-suit\/","url":"https:\/\/lifesupportdistribution.fr\/de\/produkt\/surgical-cut-suit\/","name":"Surgical Cut Suit \u2013 Realistische Traumata-Simulation","isPartOf":{"@id":"https:\/\/lifesupportdistribution.fr\/de\/#website"},"primaryImageOfPage":{"@id":"https:\/\/lifesupportdistribution.fr\/de\/produkt\/surgical-cut-suit\/#primaryimage"},"image":{"@id":"https:\/\/lifesupportdistribution.fr\/de\/produkt\/surgical-cut-suit\/#primaryimage"},"thumbnailUrl":"https:\/\/lifesupportdistribution.fr\/wp-content\/uploads\/2026\/02\/Image-Surgical-Cut-Suit-1.png","datePublished":"2026-02-20T14:12:26+00:00","description":"Der Surgical Cut Suit ist ein immersiver Anzug f\u00fcr die Traumata-Simulation und das Training chirurgischer Eingriffe in kritischen Situationen.","breadcrumb":{"@id":"https:\/\/lifesupportdistribution.fr\/de\/produkt\/surgical-cut-suit\/#breadcrumb"},"inLanguage":"de","potentialAction":[{"@type":"ReadAction","target":["https:\/\/lifesupportdistribution.fr\/de\/produkt\/surgical-cut-suit\/"]}]},{"@type":"ImageObject","inLanguage":"de","@id":"https:\/\/lifesupportdistribution.fr\/de\/produkt\/surgical-cut-suit\/#primaryimage","url":"https:\/\/lifesupportdistribution.fr\/wp-content\/uploads\/2026\/02\/Image-Surgical-Cut-Suit-1.png","contentUrl":"https:\/\/lifesupportdistribution.fr\/wp-content\/uploads\/2026\/02\/Image-Surgical-Cut-Suit-1.png","width":938,"height":920},{"@type":"BreadcrumbList","@id":"https:\/\/lifesupportdistribution.fr\/de\/produkt\/surgical-cut-suit\/#breadcrumb","itemListElement":[{"@type":"ListItem","position":1,"name":"Accueil","item":"https:\/\/lifesupportdistribution.fr\/de\/startseite\/"},{"@type":"ListItem","position":2,"name":"Shop","item":"https:\/\/lifesupportdistribution.fr\/de\/shop\/"},{"@type":"ListItem","position":3,"name":"Surgical Cut Suit"}]},{"@type":"WebSite","@id":"https:\/\/lifesupportdistribution.fr\/de\/#website","url":"https:\/\/lifesupportdistribution.fr\/de\/","name":"Life Support Distribution","description":"Solutions en simulation m\u00e9dicale","publisher":{"@id":"https:\/\/lifesupportdistribution.fr\/de\/#organization"},"potentialAction":[{"@type":"SearchAction","target":{"@type":"EntryPoint","urlTemplate":"https:\/\/lifesupportdistribution.fr\/de\/?s={search_term_string}"},"query-input":{"@type":"PropertyValueSpecification","valueRequired":true,"valueName":"search_term_string"}}],"inLanguage":"de"},{"@type":"Organization","@id":"https:\/\/lifesupportdistribution.fr\/de\/#organization","name":"Life Support Distribution","url":"https:\/\/lifesupportdistribution.fr\/de\/","logo":{"@type":"ImageObject","inLanguage":"de","@id":"https:\/\/lifesupportdistribution.fr\/de\/#\/schema\/logo\/image\/","url":"https:\/\/lifesupportdistribution.fr\/wp-content\/uploads\/2025\/10\/logo-life-support-distribution.svg","contentUrl":"https:\/\/lifesupportdistribution.fr\/wp-content\/uploads\/2025\/10\/logo-life-support-distribution.svg","width":698,"height":223,"caption":"Life Support Distribution"},"image":{"@id":"https:\/\/lifesupportdistribution.fr\/de\/#\/schema\/logo\/image\/"},"sameAs":["https:\/\/www.linkedin.com\/company\/life-support-distribution\/"]}]}},"_links":{"self":[{"href":"https:\/\/lifesupportdistribution.fr\/de\/wp-json\/wp\/v2\/product\/7239","targetHints":{"allow":["GET"]}}],"collection":[{"href":"https:\/\/lifesupportdistribution.fr\/de\/wp-json\/wp\/v2\/product"}],"about":[{"href":"https:\/\/lifesupportdistribution.fr\/de\/wp-json\/wp\/v2\/types\/product"}],"wp:featuredmedia":[{"embeddable":true,"href":"https:\/\/lifesupportdistribution.fr\/de\/wp-json\/wp\/v2\/media\/6713"}],"wp:attachment":[{"href":"https:\/\/lifesupportdistribution.fr\/de\/wp-json\/wp\/v2\/media?parent=7239"}],"wp:term":[{"taxonomy":"product_brand","embeddable":true,"href":"https:\/\/lifesupportdistribution.fr\/de\/wp-json\/wp\/v2\/product_brand?post=7239"},{"taxonomy":"product_cat","embeddable":true,"href":"https:\/\/lifesupportdistribution.fr\/de\/wp-json\/wp\/v2\/product_cat?post=7239"},{"taxonomy":"product_tag","embeddable":true,"href":"https:\/\/lifesupportdistribution.fr\/de\/wp-json\/wp\/v2\/product_tag?post=7239"}],"curies":[{"name":"wp","href":"https:\/\/api.w.org\/{rel}","templated":true}]}}